{"id":2468,"date":"2021-07-14T14:15:55","date_gmt":"2021-07-14T14:15:55","guid":{"rendered":"http:\/\/localhost\/wordpress\/deposito-aduanero\/"},"modified":"2024-12-11T15:38:15","modified_gmt":"2024-12-11T15:38:15","slug":"deposito-aduanero","status":"publish","type":"page","link":"https:\/\/wtdc.com\/es\/deposito-aduanero\/","title":{"rendered":"Deposito Aduanero"},"content":{"rendered":"\t\t<div data-elementor-type=\"wp-page\" data-elementor-id=\"2468\" class=\"elementor elementor-2468\" data-elementor-post-type=\"page\">\n\t\t\t\t<div class=\"elementor-element elementor-element-7887c79 ip-banner e-flex e-con-boxed e-con e-parent\" data-id=\"7887c79\" data-element_type=\"container\" data-settings=\"{&quot;background_background&quot;:&quot;classic&quot;}\">\n\t\t\t\t\t<div class=\"e-con-inner\">\n\t\t\t\t<div class=\"elementor-element elementor-element-c5c149e elementor-widget elementor-widget-heading\" data-id=\"c5c149e\" data-element_type=\"widget\" data-widget_type=\"heading.default\">\n\t\t\t\t<div class=\"elementor-widget-container\">\n\t\t\t\t\t<h2 class=\"elementor-heading-title elementor-size-default\">Deposito Aduanero<\/h2>\t\t\t\t<\/div>\n\t\t\t\t<\/div>\n\t\t\t\t\t<\/div>\n\t\t\t\t<\/div>\n\t\t<div class=\"elementor-element elementor-element-5e46a61 ptb-60 e-flex e-con-boxed e-con e-parent\" data-id=\"5e46a61\" data-element_type=\"container\" data-settings=\"{&quot;background_background&quot;:&quot;classic&quot;}\">\n\t\t\t\t\t<div class=\"e-con-inner\">\n\t\t<div class=\"elementor-element elementor-element-828c7cd e-con-full e-flex e-con e-child\" data-id=\"828c7cd\" data-element_type=\"container\">\n\t\t\t\t<div class=\"elementor-element elementor-element-ffa85a4 pb-30 elementor-widget elementor-widget-heading\" data-id=\"ffa85a4\" data-element_type=\"widget\" data-widget_type=\"heading.default\">\n\t\t\t\t<div class=\"elementor-widget-container\">\n\t\t\t\t\t<p class=\"elementor-heading-title elementor-size-default\">WTDC es un almac\u00e9n fiscal p\u00fablico de clase con licencia. Como almac\u00e9n aduanero, WTDC ofrece almacenamiento libre de impuestos para mercanc\u00edas que llegan de destinos en todo el mundo. WTDC ahora gestiona la carga aduanera en su Zona de Comercio Exterior.\n<\/p>\t\t\t\t<\/div>\n\t\t\t\t<\/div>\n\t\t\t\t<div class=\"elementor-element elementor-element-7294661 pb-5 elementor-widget elementor-widget-heading\" data-id=\"7294661\" data-element_type=\"widget\" data-widget_type=\"heading.default\">\n\t\t\t\t<div class=\"elementor-widget-container\">\n\t\t\t\t\t<p class=\"elementor-heading-title elementor-size-default\">La manipulaci\u00f3n, la segregaci\u00f3n y el reetiquetado se pueden realizar mientras los productos se encuentran en la Zona de Comercio Exterior de la WTDC. El precio se calcula en funci\u00f3n de los vol\u00famenes de entrada y salida por semana y una descripci\u00f3n de los art\u00edculos importados.\n<\/p>\t\t\t\t<\/div>\n\t\t\t\t<\/div>\n\t\t\t\t<\/div>\n\t\t<div class=\"elementor-element elementor-element-9157903 e-con-full e-flex e-con e-child\" data-id=\"9157903\" data-element_type=\"container\">\n\t\t\t\t<div class=\"elementor-element elementor-element-335019a tf-35 pb-90 pt-40 elementor-widget elementor-widget-heading\" data-id=\"335019a\" data-element_type=\"widget\" data-widget_type=\"heading.default\">\n\t\t\t\t<div class=\"elementor-widget-container\">\n\t\t\t\t\t<h2 class=\"elementor-heading-title elementor-size-default\">ADUANAS DE U.S.\n<\/h2>\t\t\t\t<\/div>\n\t\t\t\t<\/div>\n\t\t\t\t<\/div>\n\t\t<div class=\"elementor-element elementor-element-fa130ab e-con-full e-flex e-con e-child\" data-id=\"fa130ab\" data-element_type=\"container\">\n\t\t\t\t<div class=\"elementor-element elementor-element-5199393 elementor-widget elementor-widget-image\" data-id=\"5199393\" data-element_type=\"widget\" data-widget_type=\"image.default\">\n\t\t\t\t<div class=\"elementor-widget-container\">\n\t\t\t\t\t\t\t\t\t\t\t\t\t\t\t<img fetchpriority=\"high\" decoding=\"async\" width=\"319\" height=\"319\" src=\"https:\/\/wtdc.com\/wp-content\/uploads\/2024\/01\/custom.png\" class=\"attachment-full size-full wp-image-2005414\" alt=\"\" srcset=\"https:\/\/wtdc.com\/wp-content\/uploads\/2024\/01\/custom.png 319w, https:\/\/wtdc.com\/wp-content\/uploads\/2024\/01\/custom-300x300.png 300w, https:\/\/wtdc.com\/wp-content\/uploads\/2024\/01\/custom-150x150.png 150w\" sizes=\"(max-width: 319px) 100vw, 319px\" \/>\t\t\t\t\t\t\t\t\t\t\t\t\t\t\t<\/div>\n\t\t\t\t<\/div>\n\t\t\t\t<\/div>\n\t\t<div class=\"elementor-element elementor-element-454cc9d e-con-full e-flex e-con e-child\" data-id=\"454cc9d\" data-element_type=\"container\">\n\t\t\t\t<div class=\"elementor-element elementor-element-a951a77 elementor-widget elementor-widget-text-editor\" data-id=\"a951a77\" data-element_type=\"widget\" data-widget_type=\"text-editor.default\">\n\t\t\t\t<div class=\"elementor-widget-container\">\n\t\t\t\t\t\t\t\t\t<div class=\"is-layout-flow wp-block-group bonded-inner-text inner-wrapper\">\n<div class=\"wp-block-group__inner-container\">\n<div class=\"us-custom-inner\">\n<div class=\"text\">\n<div class=\"is-layout-flow wp-block-group bonded-inner-text inner-wrapper\">\n<div class=\"wp-block-group__inner-container\">\n<div class=\"us-custom-inner\">\n<div class=\"text\">\n<p>U.S. Customs Bonded Warehouses operate under the supervision of U.S. Customs and Border Protection, a division of the U.S. Department of Homeland Security. For additional information, please click the DHS logo.<\/p>\n<\/div>\n<\/div>\n<\/div>\n<\/div>\n<div class=\"is-layout-flow wp-block-group\">\n<div class=\"wp-block-group__inner-container\">\u00a0<\/div>\n<\/div>\n<\/div>\n<\/div>\n<\/div>\n<\/div>\t\t\t\t\t\t\t\t<\/div>\n\t\t\t\t<\/div>\n\t\t\t\t<\/div>\n\t\t<div class=\"elementor-element elementor-element-a1d7fe9 e-con-full e-flex e-con e-child\" data-id=\"a1d7fe9\" data-element_type=\"container\">\n\t\t\t\t<div class=\"elementor-element elementor-element-a6be3b5 tf-35 pt-80 elementor-widget elementor-widget-heading\" data-id=\"a6be3b5\" data-element_type=\"widget\" data-widget_type=\"heading.default\">\n\t\t\t\t<div class=\"elementor-widget-container\">\n\t\t\t\t\t<h2 class=\"elementor-heading-title elementor-size-default\"><a href=\"https:\/\/wtdc.com\/general-order-warehouse\/\">General Order (G.O.) Warehouse Auctions \u2013 Follow link for additional information<\/a><\/h2>\t\t\t\t<\/div>\n\t\t\t\t<\/div>\n\t\t\t\t<\/div>\n\t\t\t\t\t<\/div>\n\t\t\t\t<\/div>\n\t\t\t\t<\/div>\n\t\t","protected":false},"excerpt":{"rendered":"<p>Deposito Aduanero WTDC es un almac\u00e9n fiscal p\u00fablico de clase con licencia. Como almac\u00e9n aduanero, WTDC ofrece almacenamiento libre de impuestos para mercanc\u00edas que llegan de destinos en todo el mundo. WTDC ahora gestiona la carga aduanera en su Zona de Comercio Exterior. La manipulaci\u00f3n, la segregaci\u00f3n y el reetiquetado se pueden realizar mientras los [&hellip;]<\/p>\n","protected":false},"author":3,"featured_media":0,"parent":0,"menu_order":0,"comment_status":"closed","ping_status":"closed","template":"","meta":{"two_page_speed":[],"footnotes":""},"class_list":["post-2468","page","type-page","status-publish","hentry"],"aioseo_notices":[],"_links":{"self":[{"href":"https:\/\/wtdc.com\/es\/wp-json\/wp\/v2\/pages\/2468","targetHints":{"allow":["GET"]}}],"collection":[{"href":"https:\/\/wtdc.com\/es\/wp-json\/wp\/v2\/pages"}],"about":[{"href":"https:\/\/wtdc.com\/es\/wp-json\/wp\/v2\/types\/page"}],"author":[{"embeddable":true,"href":"https:\/\/wtdc.com\/es\/wp-json\/wp\/v2\/users\/3"}],"replies":[{"embeddable":true,"href":"https:\/\/wtdc.com\/es\/wp-json\/wp\/v2\/comments?post=2468"}],"version-history":[{"count":7,"href":"https:\/\/wtdc.com\/es\/wp-json\/wp\/v2\/pages\/2468\/revisions"}],"predecessor-version":[{"id":3007514,"href":"https:\/\/wtdc.com\/es\/wp-json\/wp\/v2\/pages\/2468\/revisions\/3007514"}],"wp:attachment":[{"href":"https:\/\/wtdc.com\/es\/wp-json\/wp\/v2\/media?parent=2468"}],"curies":[{"name":"wp","href":"https:\/\/api.w.org\/{rel}","templated":true}]}}