{"id":2505214,"date":"2024-01-31T15:47:14","date_gmt":"2024-01-31T15:47:14","guid":{"rendered":"https:\/\/wtdc.com\/wtdc\/"},"modified":"2025-08-11T12:52:18","modified_gmt":"2025-08-11T16:52:18","slug":"wtdc","status":"publish","type":"page","link":"https:\/\/wtdc.com\/es\/","title":{"rendered":"wtdc"},"content":{"rendered":"\t\t<div data-elementor-type=\"wp-page\" data-elementor-id=\"2505214\" class=\"elementor elementor-2505214\" data-elementor-post-type=\"page\">\n\t\t\t\t<div class=\"elementor-element elementor-element-d5cfde3 e-con-full home-banner e-flex e-con e-parent\" data-id=\"d5cfde3\" data-element_type=\"container\" data-settings=\"{&quot;background_background&quot;:&quot;video&quot;,&quot;background_video_link&quot;:&quot;\\\/wp-content\\\/uploads\\\/2024\\\/01\\\/AdobeStock_415272816.mov&quot;}\">\n\t\t<div class=\"elementor-background-video-container elementor-hidden-mobile\" aria-hidden=\"true\">\n\t\t\t\t\t\t\t<video class=\"elementor-background-video-hosted\" autoplay muted playsinline loop><\/video>\n\t\t\t\t\t<\/div><div class=\"elementor-element elementor-element-c63f563 e-con-full e-flex elementor-invisible e-con e-child\" data-id=\"c63f563\" data-element_type=\"container\" data-settings=\"{&quot;background_background&quot;:&quot;classic&quot;,&quot;animation&quot;:&quot;slideInLeft&quot;}\">\n\t\t\t\t<div class=\"elementor-element elementor-element-3ecd55be elementor-invisible elementor-widget elementor-widget-heading\" data-id=\"3ecd55be\" data-element_type=\"widget\" data-settings=\"{&quot;_animation&quot;:&quot;fadeIn&quot;}\" data-widget_type=\"heading.default\">\n\t\t\t\t<div class=\"elementor-widget-container\">\n\t\t\t\t\t<h1 class=\"elementor-heading-title elementor-size-default\">WTDC es una zona franca y una empresa de log\u00edstica con sede en Miami, Florida.\n<\/h1>\t\t\t\t<\/div>\n\t\t\t\t<\/div>\n\t\t\t\t<div class=\"elementor-element elementor-element-2a921c06 elementor-align-right elementor-invisible elementor-widget elementor-widget-button\" data-id=\"2a921c06\" data-element_type=\"widget\" data-settings=\"{&quot;_animation&quot;:&quot;fadeIn&quot;,&quot;_animation_delay&quot;:1000}\" data-widget_type=\"button.default\">\n\t\t\t\t<div class=\"elementor-widget-container\">\n\t\t\t\t\t\t\t\t\t<div class=\"elementor-button-wrapper\">\n\t\t\t\t\t<a class=\"elementor-button elementor-button-link elementor-size-sm\" href=\"https:\/\/wtdc.com\/contact-us\/\">\n\t\t\t\t\t\t<span class=\"elementor-button-content-wrapper\">\n\t\t\t\t\t\t\t\t\t<span class=\"elementor-button-text\">Contact us<\/span>\n\t\t\t\t\t<\/span>\n\t\t\t\t\t<\/a>\n\t\t\t\t<\/div>\n\t\t\t\t\t\t\t\t<\/div>\n\t\t\t\t<\/div>\n\t\t\t\t<\/div>\n\t\t\t\t<\/div>\n\t\t<div class=\"elementor-element elementor-element-e765b7b ptb-30 e-flex e-con-boxed e-con e-parent\" data-id=\"e765b7b\" data-element_type=\"container\">\n\t\t\t\t\t<div class=\"e-con-inner\">\n\t\t\t\t<div class=\"elementor-element elementor-element-3ffcb1a elementor-widget elementor-widget-heading\" data-id=\"3ffcb1a\" data-element_type=\"widget\" data-widget_type=\"heading.default\">\n\t\t\t\t<div class=\"elementor-widget-container\">\n\t\t\t\t\t<h2 class=\"elementor-heading-title elementor-size-default\">Quienes somos\n\n<\/h2>\t\t\t\t<\/div>\n\t\t\t\t<\/div>\n\t\t\t\t<div class=\"elementor-element elementor-element-0e545e2 elementor-widget elementor-widget-text-editor\" data-id=\"0e545e2\" data-element_type=\"widget\" data-widget_type=\"text-editor.default\">\n\t\t\t\t<div class=\"elementor-widget-container\">\n\t\t\t\t\t\t\t\t\t<p class=\"has-text-align-center who-we-are-text\">WTDC fue fundada por la familia Gazitua en 1977.<\/p><div class=\"is-layout-flow wp-block-group who-we-are inner-wrapper\"><div class=\"wp-block-group__inner-container\"><p class=\"has-text-align-center who-we-are-text\">El presidente y director ejecutivo de WTDC, Sean P. Gazitua, es la tercera generaci\u00f3n de la familia que lidera la empresa.<\/p><\/div><\/div>\t\t\t\t\t\t\t\t<\/div>\n\t\t\t\t<\/div>\n\t\t\t\t\t<\/div>\n\t\t\t\t<\/div>\n\t\t<div class=\"elementor-element elementor-element-8c0d716 e-con-full home-sec e-flex e-con e-parent\" data-id=\"8c0d716\" data-element_type=\"container\" data-settings=\"{&quot;background_background&quot;:&quot;classic&quot;}\">\n\t\t<div class=\"elementor-element elementor-element-17c668e e-con-full animated-slow e-flex elementor-invisible e-con e-child\" data-id=\"17c668e\" data-element_type=\"container\" data-settings=\"{&quot;background_background&quot;:&quot;classic&quot;,&quot;animation&quot;:&quot;slideInLeft&quot;}\">\n\t\t\t\t<\/div>\n\t\t<div class=\"elementor-element elementor-element-81efd83 e-con-full e-flex e-con e-child\" data-id=\"81efd83\" data-element_type=\"container\">\n\t\t\t\t<div class=\"elementor-element elementor-element-1a47231 animated-slow elementor-invisible elementor-widget elementor-widget-heading\" data-id=\"1a47231\" data-element_type=\"widget\" data-settings=\"{&quot;_animation&quot;:&quot;fadeIn&quot;}\" data-widget_type=\"heading.default\">\n\t\t\t\t<div class=\"elementor-widget-container\">\n\t\t\t\t\t<h2 class=\"elementor-heading-title elementor-size-default\">ZONA DE COMERCIO EXTERIOR\n<\/h2>\t\t\t\t<\/div>\n\t\t\t\t<\/div>\n\t\t\t\t<div class=\"elementor-element elementor-element-49fdf9a elementor-widget elementor-widget-text-editor\" data-id=\"49fdf9a\" data-element_type=\"widget\" data-widget_type=\"text-editor.default\">\n\t\t\t\t<div class=\"elementor-widget-container\">\n\t\t\t\t\t\t\t\t\t<p>WTDC fue la primera Zona de Comercio Exterior operativa en la FTZ 281 de PortMiami. El inventario recibido en la Zona de Comercio Exterior de la WTDC est\u00e1 libre de aranceles, lo que significa que la CBP no debe pagar tarifas de importaci\u00f3n. Luego, el inventario puede exportarse o pasar por la aduana para ingresar a los Estados Unidos. En una Zona de Comercio Exterior, las empresas pueden diferir los aranceles indefinidamente.<\/p>\t\t\t\t\t\t\t\t<\/div>\n\t\t\t\t<\/div>\n\t\t\t\t<div class=\"elementor-element elementor-element-cd1d473 elementor-tablet-align-center elementor-widget elementor-widget-button\" data-id=\"cd1d473\" data-element_type=\"widget\" data-widget_type=\"button.default\">\n\t\t\t\t<div class=\"elementor-widget-container\">\n\t\t\t\t\t\t\t\t\t<div class=\"elementor-button-wrapper\">\n\t\t\t\t\t<a class=\"elementor-button elementor-button-link elementor-size-md\" href=\"https:\/\/wtdc.com\/foreign-trade-zone-miami\/\">\n\t\t\t\t\t\t<span class=\"elementor-button-content-wrapper\">\n\t\t\t\t\t\t\t\t\t<span class=\"elementor-button-text\">LEE MAS<\/span>\n\t\t\t\t\t<\/span>\n\t\t\t\t\t<\/a>\n\t\t\t\t<\/div>\n\t\t\t\t\t\t\t\t<\/div>\n\t\t\t\t<\/div>\n\t\t\t\t<\/div>\n\t\t\t\t<\/div>\n\t\t<div class=\"elementor-element elementor-element-f9cfd54 e-con-full home-sec e-flex e-con e-parent\" data-id=\"f9cfd54\" data-element_type=\"container\">\n\t\t<div class=\"elementor-element elementor-element-1a6a5e3 e-con-full e-flex e-con e-child\" data-id=\"1a6a5e3\" data-element_type=\"container\">\n\t\t\t\t<div class=\"elementor-element elementor-element-91c17ce elementor-widget__width-initial animated-slow elementor-invisible elementor-widget elementor-widget-heading\" data-id=\"91c17ce\" data-element_type=\"widget\" data-settings=\"{&quot;_animation&quot;:&quot;fadeIn&quot;}\" data-widget_type=\"heading.default\">\n\t\t\t\t<div class=\"elementor-widget-container\">\n\t\t\t\t\t<h2 class=\"elementor-heading-title elementor-size-default\">TRANSPORTE DE CARGA\n<\/h2>\t\t\t\t<\/div>\n\t\t\t\t<\/div>\n\t\t\t\t<div class=\"elementor-element elementor-element-ca1c988 elementor-widget__width-initial elementor-widget elementor-widget-text-editor\" data-id=\"ca1c988\" data-element_type=\"widget\" data-widget_type=\"text-editor.default\">\n\t\t\t\t<div class=\"elementor-widget-container\">\n\t\t\t\t\t\t\t\t\t<p>WTDC es una empresa de log\u00edstica de servicio completo que se especializa en el control de inventarios. Coordinamos env\u00edos como un Transitario con licencia, FMC, IAC, IATA y NVOCC. Tambi\u00e9n importamos como Agente de Aduanas con licencia.<\/p><div class=\"is-layout-flex wp-block-buttons\"><div class=\"wp-block-button cus-btn\">\u00a0<\/div><\/div>\t\t\t\t\t\t\t\t<\/div>\n\t\t\t\t<\/div>\n\t\t\t\t<div class=\"elementor-element elementor-element-80bcfbb elementor-tablet-align-center elementor-widget elementor-widget-button\" data-id=\"80bcfbb\" data-element_type=\"widget\" data-widget_type=\"button.default\">\n\t\t\t\t<div class=\"elementor-widget-container\">\n\t\t\t\t\t\t\t\t\t<div class=\"elementor-button-wrapper\">\n\t\t\t\t\t<a class=\"elementor-button elementor-button-link elementor-size-md\" href=\"https:\/\/wtdc.com\/freight-forwarding\/\">\n\t\t\t\t\t\t<span class=\"elementor-button-content-wrapper\">\n\t\t\t\t\t\t\t\t\t<span class=\"elementor-button-text\">LEE MAS<\/span>\n\t\t\t\t\t<\/span>\n\t\t\t\t\t<\/a>\n\t\t\t\t<\/div>\n\t\t\t\t\t\t\t\t<\/div>\n\t\t\t\t<\/div>\n\t\t\t\t<\/div>\n\t\t<div class=\"elementor-element elementor-element-fba6e34 e-con-full animated-slow e-flex elementor-invisible e-con e-child\" data-id=\"fba6e34\" data-element_type=\"container\" data-settings=\"{&quot;background_background&quot;:&quot;classic&quot;,&quot;animation&quot;:&quot;slideInRight&quot;}\">\n\t\t\t\t<\/div>\n\t\t\t\t<\/div>\n\t\t<div class=\"elementor-element elementor-element-4c3cac6b e-con-full home-sec e-flex e-con e-parent\" data-id=\"4c3cac6b\" data-element_type=\"container\" data-settings=\"{&quot;background_background&quot;:&quot;classic&quot;}\">\n\t\t<div class=\"elementor-element elementor-element-34530233 e-con-full animated-slow e-flex elementor-invisible e-con e-child\" data-id=\"34530233\" data-element_type=\"container\" data-settings=\"{&quot;background_background&quot;:&quot;classic&quot;,&quot;animation&quot;:&quot;slideInLeft&quot;}\">\n\t\t\t\t<\/div>\n\t\t<div class=\"elementor-element elementor-element-38737bf9 e-con-full e-flex e-con e-child\" data-id=\"38737bf9\" data-element_type=\"container\">\n\t\t\t\t<div class=\"elementor-element elementor-element-4fa4a666 elementor-widget__width-initial animated-slow elementor-invisible elementor-widget elementor-widget-heading\" data-id=\"4fa4a666\" data-element_type=\"widget\" data-settings=\"{&quot;_animation&quot;:&quot;fadeIn&quot;}\" data-widget_type=\"heading.default\">\n\t\t\t\t<div class=\"elementor-widget-container\">\n\t\t\t\t\t<h2 class=\"elementor-heading-title elementor-size-default\">LOG\u00cdSTICA DE ENERG\u00cdAS RENOVABLES\n<\/h2>\t\t\t\t<\/div>\n\t\t\t\t<\/div>\n\t\t\t\t<div class=\"elementor-element elementor-element-3e691c69 elementor-widget__width-initial elementor-widget elementor-widget-text-editor\" data-id=\"3e691c69\" data-element_type=\"widget\" data-widget_type=\"text-editor.default\">\n\t\t\t\t<div class=\"elementor-widget-container\">\n\t\t\t\t\t\t\t\t\t<p>WTDC es un socio log\u00edstico global para la industria de las energ\u00edas renovables. WTDC tiene la infraestructura de almacenamiento y transporte para manejar adecuadamente los componentes de la energ\u00eda e\u00f3lica, solar e hidroel\u00e9ctrica.<\/p><div class=\"is-layout-flex wp-block-buttons\"><div class=\"wp-block-button cus-btn\">\u00a0<\/div><\/div>\t\t\t\t\t\t\t\t<\/div>\n\t\t\t\t<\/div>\n\t\t\t\t<div class=\"elementor-element elementor-element-ec6e033 elementor-tablet-align-center elementor-widget elementor-widget-button\" data-id=\"ec6e033\" data-element_type=\"widget\" data-widget_type=\"button.default\">\n\t\t\t\t<div class=\"elementor-widget-container\">\n\t\t\t\t\t\t\t\t\t<div class=\"elementor-button-wrapper\">\n\t\t\t\t\t<a class=\"elementor-button elementor-button-link elementor-size-md\" href=\"https:\/\/wtdc.com\/transload-and-cross-dock\/\">\n\t\t\t\t\t\t<span class=\"elementor-button-content-wrapper\">\n\t\t\t\t\t\t\t\t\t<span class=\"elementor-button-text\">LEE MAS<\/span>\n\t\t\t\t\t<\/span>\n\t\t\t\t\t<\/a>\n\t\t\t\t<\/div>\n\t\t\t\t\t\t\t\t<\/div>\n\t\t\t\t<\/div>\n\t\t\t\t<\/div>\n\t\t\t\t<\/div>\n\t\t<div class=\"elementor-element elementor-element-d06494c e-con-full home-sec e-flex e-con e-parent\" data-id=\"d06494c\" data-element_type=\"container\" data-settings=\"{&quot;background_background&quot;:&quot;classic&quot;}\">\n\t\t<div class=\"elementor-element elementor-element-8dd8c67 e-con-full e-flex e-con e-child\" data-id=\"8dd8c67\" data-element_type=\"container\">\n\t\t\t\t<div class=\"elementor-element elementor-element-345772d elementor-widget__width-initial animated-slow elementor-invisible elementor-widget elementor-widget-heading\" data-id=\"345772d\" data-element_type=\"widget\" data-settings=\"{&quot;_animation&quot;:&quot;fadeIn&quot;}\" data-widget_type=\"heading.default\">\n\t\t\t\t<div class=\"elementor-widget-container\">\n\t\t\t\t\t<h2 class=\"elementor-heading-title elementor-size-default\">TRANSCARGA Y CROSS-DOCK\n<\/h2>\t\t\t\t<\/div>\n\t\t\t\t<\/div>\n\t\t\t\t<div class=\"elementor-element elementor-element-05b1177 elementor-widget__width-initial elementor-widget elementor-widget-text-editor\" data-id=\"05b1177\" data-element_type=\"widget\" data-widget_type=\"text-editor.default\">\n\t\t\t\t<div class=\"elementor-widget-container\">\n\t\t\t\t\t\t\t\t\t<p>WTDC gestiona las operaciones de transbordo y cross-dock, carga y descarga de estanter\u00edas planas y de techo abierto, y otras solicitudes de aparejos y cargas pesadas. Tambi\u00e9n tenemos una gr\u00faa en espera para operaciones fuera de calibre (OOG).<\/p><div class=\"is-layout-flex wp-block-buttons\"><div class=\"wp-block-button cus-btn\">\u00a0<\/div><\/div>\t\t\t\t\t\t\t\t<\/div>\n\t\t\t\t<\/div>\n\t\t\t\t<div class=\"elementor-element elementor-element-11e8784 elementor-tablet-align-center elementor-widget elementor-widget-button\" data-id=\"11e8784\" data-element_type=\"widget\" data-widget_type=\"button.default\">\n\t\t\t\t<div class=\"elementor-widget-container\">\n\t\t\t\t\t\t\t\t\t<div class=\"elementor-button-wrapper\">\n\t\t\t\t\t<a class=\"elementor-button elementor-button-link elementor-size-md\" href=\"https:\/\/wtdc.com\/duty-free-travel-retail\/\">\n\t\t\t\t\t\t<span class=\"elementor-button-content-wrapper\">\n\t\t\t\t\t\t\t\t\t<span class=\"elementor-button-text\">LEE MAS<\/span>\n\t\t\t\t\t<\/span>\n\t\t\t\t\t<\/a>\n\t\t\t\t<\/div>\n\t\t\t\t\t\t\t\t<\/div>\n\t\t\t\t<\/div>\n\t\t\t\t<\/div>\n\t\t<div class=\"elementor-element elementor-element-0ca2943 e-con-full animated-slow e-flex elementor-invisible e-con e-child\" data-id=\"0ca2943\" data-element_type=\"container\" data-settings=\"{&quot;background_background&quot;:&quot;classic&quot;,&quot;animation&quot;:&quot;slideInRight&quot;}\">\n\t\t\t\t<\/div>\n\t\t\t\t<\/div>\n\t\t<div class=\"elementor-element elementor-element-c382e70 e-con-full home-sec e-flex e-con e-parent\" data-id=\"c382e70\" data-element_type=\"container\" data-settings=\"{&quot;background_background&quot;:&quot;classic&quot;}\">\n\t\t<div class=\"elementor-element elementor-element-3097270 e-con-full animated-slow e-flex elementor-invisible e-con e-child\" data-id=\"3097270\" data-element_type=\"container\" data-settings=\"{&quot;background_background&quot;:&quot;classic&quot;,&quot;animation&quot;:&quot;slideInLeft&quot;}\">\n\t\t\t\t<\/div>\n\t\t<div class=\"elementor-element elementor-element-5337342 e-con-full e-flex e-con e-child\" data-id=\"5337342\" data-element_type=\"container\">\n\t\t\t\t<div class=\"elementor-element elementor-element-acbf747 elementor-widget__width-initial animated-slow elementor-invisible elementor-widget elementor-widget-heading\" data-id=\"acbf747\" data-element_type=\"widget\" data-settings=\"{&quot;_animation&quot;:&quot;fadeIn&quot;}\" data-widget_type=\"heading.default\">\n\t\t\t\t<div class=\"elementor-widget-container\">\n\t\t\t\t\t<h2 class=\"elementor-heading-title elementor-size-default\">CORRETAJE DE ADUANAS\n<\/h2>\t\t\t\t<\/div>\n\t\t\t\t<\/div>\n\t\t\t\t<div class=\"elementor-element elementor-element-1c257fc elementor-widget__width-initial elementor-widget elementor-widget-text-editor\" data-id=\"1c257fc\" data-element_type=\"widget\" data-widget_type=\"text-editor.default\">\n\t\t\t\t<div class=\"elementor-widget-container\">\n\t\t\t\t\t\t\t\t\t<p>WTDC es un agente de aduanas de EE. UU. De servicio completo. Despachamos la aduana electr\u00f3nicamente y ofrecemos una amplia gama de servicios para importadores.<\/p><div class=\"is-layout-flex wp-block-buttons\"><div class=\"wp-block-button cus-btn\">\u00a0<\/div><\/div>\t\t\t\t\t\t\t\t<\/div>\n\t\t\t\t<\/div>\n\t\t\t\t<div class=\"elementor-element elementor-element-a9b8ae3 elementor-tablet-align-center elementor-widget elementor-widget-button\" data-id=\"a9b8ae3\" data-element_type=\"widget\" data-widget_type=\"button.default\">\n\t\t\t\t<div class=\"elementor-widget-container\">\n\t\t\t\t\t\t\t\t\t<div class=\"elementor-button-wrapper\">\n\t\t\t\t\t<a class=\"elementor-button elementor-button-link elementor-size-md\" href=\"https:\/\/wtdc.com\/internship-program\/\">\n\t\t\t\t\t\t<span class=\"elementor-button-content-wrapper\">\n\t\t\t\t\t\t\t\t\t<span class=\"elementor-button-text\">LEE MAS<\/span>\n\t\t\t\t\t<\/span>\n\t\t\t\t\t<\/a>\n\t\t\t\t<\/div>\n\t\t\t\t\t\t\t\t<\/div>\n\t\t\t\t<\/div>\n\t\t\t\t<\/div>\n\t\t\t\t<\/div>\n\t\t<div class=\"elementor-element elementor-element-25d7574 e-con-full home-sec e-flex e-con e-parent\" data-id=\"25d7574\" data-element_type=\"container\" data-settings=\"{&quot;background_background&quot;:&quot;classic&quot;}\">\n\t\t<div class=\"elementor-element elementor-element-dc1bead e-con-full e-flex e-con e-child\" data-id=\"dc1bead\" data-element_type=\"container\">\n\t\t\t\t<div class=\"elementor-element elementor-element-169330b elementor-widget__width-initial animated-slow elementor-invisible elementor-widget elementor-widget-heading\" data-id=\"169330b\" data-element_type=\"widget\" data-settings=\"{&quot;_animation&quot;:&quot;fadeIn&quot;}\" data-widget_type=\"heading.default\">\n\t\t\t\t<div class=\"elementor-widget-container\">\n\t\t\t\t\t<h2 class=\"elementor-heading-title elementor-size-default\">PROGRAMA DE INTERNOS\n<\/h2>\t\t\t\t<\/div>\n\t\t\t\t<\/div>\n\t\t\t\t<div class=\"elementor-element elementor-element-3a068be elementor-widget__width-initial elementor-widget elementor-widget-text-editor\" data-id=\"3a068be\" data-element_type=\"widget\" data-widget_type=\"text-editor.default\">\n\t\t\t\t<div class=\"elementor-widget-container\">\n\t\t\t\t\t\t\t\t\t<p>El programa de pasant\u00edas de WTDC es una excelente oportunidad para que los estudiantes adquieran experiencia en la industria de la log\u00edstica.<\/p><div class=\"is-layout-flex wp-block-buttons\"><div class=\"wp-block-button cus-btn\">\u00a0<\/div><\/div>\t\t\t\t\t\t\t\t<\/div>\n\t\t\t\t<\/div>\n\t\t\t\t<div class=\"elementor-element elementor-element-88559b4 elementor-tablet-align-center elementor-widget elementor-widget-button\" data-id=\"88559b4\" data-element_type=\"widget\" data-widget_type=\"button.default\">\n\t\t\t\t<div class=\"elementor-widget-container\">\n\t\t\t\t\t\t\t\t\t<div class=\"elementor-button-wrapper\">\n\t\t\t\t\t<a class=\"elementor-button elementor-button-link elementor-size-md\" href=\"https:\/\/wtdc.com\/duty-free-travel-retail\/\">\n\t\t\t\t\t\t<span class=\"elementor-button-content-wrapper\">\n\t\t\t\t\t\t\t\t\t<span class=\"elementor-button-text\">LEE MAS<\/span>\n\t\t\t\t\t<\/span>\n\t\t\t\t\t<\/a>\n\t\t\t\t<\/div>\n\t\t\t\t\t\t\t\t<\/div>\n\t\t\t\t<\/div>\n\t\t\t\t<\/div>\n\t\t<div class=\"elementor-element elementor-element-968aaba e-con-full animated-slow e-flex elementor-invisible e-con e-child\" data-id=\"968aaba\" data-element_type=\"container\" data-settings=\"{&quot;background_background&quot;:&quot;classic&quot;,&quot;animation&quot;:&quot;slideInRight&quot;}\">\n\t\t\t\t<\/div>\n\t\t\t\t<\/div>\n\t\t<div class=\"elementor-element elementor-element-c0b5705 ptb-100 e-flex e-con-boxed e-con e-parent\" data-id=\"c0b5705\" data-element_type=\"container\">\n\t\t\t\t\t<div class=\"e-con-inner\">\n\t\t<div class=\"elementor-element elementor-element-eb9f1af e-con-full e-flex e-con e-child\" data-id=\"eb9f1af\" data-element_type=\"container\">\n\t\t\t\t<div class=\"elementor-element elementor-element-064f886 elementor-widget elementor-widget-image\" data-id=\"064f886\" data-element_type=\"widget\" data-widget_type=\"image.default\">\n\t\t\t\t<div class=\"elementor-widget-container\">\n\t\t\t\t\t\t\t\t\t\t\t\t\t\t\t<img decoding=\"async\" width=\"217\" height=\"103\" src=\"https:\/\/wtdc.com\/wp-content\/uploads\/2024\/01\/WTDC-wca-logo.png\" class=\"attachment-large size-large wp-image-2004877\" alt=\"\" \/>\t\t\t\t\t\t\t\t\t\t\t\t\t\t\t<\/div>\n\t\t\t\t<\/div>\n\t\t\t\t<div class=\"elementor-element elementor-element-b13d02d elementor-widget elementor-widget-image\" data-id=\"b13d02d\" data-element_type=\"widget\" data-widget_type=\"image.default\">\n\t\t\t\t<div class=\"elementor-widget-container\">\n\t\t\t\t\t\t\t\t\t\t\t\t\t\t\t<img decoding=\"async\" width=\"218\" height=\"103\" src=\"https:\/\/wtdc.com\/wp-content\/uploads\/2024\/01\/WTDC-awi-logo.png\" class=\"attachment-large size-large wp-image-2004879\" alt=\"\" \/>\t\t\t\t\t\t\t\t\t\t\t\t\t\t\t<\/div>\n\t\t\t\t<\/div>\n\t\t\t\t<\/div>\n\t\t<div class=\"elementor-element elementor-element-f540b3b e-con-full e-flex e-con e-child\" data-id=\"f540b3b\" data-element_type=\"container\">\n\t\t\t\t<div class=\"elementor-element elementor-element-17bc952 elementor-widget elementor-widget-shortcode\" data-id=\"17bc952\" data-element_type=\"widget\" data-widget_type=\"shortcode.default\">\n\t\t\t\t<div class=\"elementor-widget-container\">\n\t\t\t\t\t\t\t<div class=\"elementor-shortcode\">\r\n<a class=\"twitter-timeline\" data-width=\"\" data-lang=\"\"\r\n    data-chrome=\"\" data-height=\"700\"\r\n    data-theme=\"light\" href=\"https:\/\/twitter.com\/wtdc\"\r\n    rel=\u201dnofollow\u201d>\r\n     wtdc<\/a>\r\n\r\n<\/div>\n\t\t\t\t\t\t<\/div>\n\t\t\t\t<\/div>\n\t\t\t\t<\/div>\n\t\t<div class=\"elementor-element elementor-element-c50679b e-con-full e-flex e-con e-child\" data-id=\"c50679b\" data-element_type=\"container\">\n\t\t\t\t<div class=\"elementor-element elementor-element-c43b052 elementor-widget elementor-widget-image\" data-id=\"c43b052\" data-element_type=\"widget\" data-widget_type=\"image.default\">\n\t\t\t\t<div class=\"elementor-widget-container\">\n\t\t\t\t\t\t\t\t\t\t\t\t\t\t\t<img decoding=\"async\" width=\"218\" height=\"103\" src=\"https:\/\/wtdc.com\/wp-content\/uploads\/2024\/01\/WTDC-iata-logo.png\" class=\"attachment-large size-large wp-image-2004881\" alt=\"\" \/>\t\t\t\t\t\t\t\t\t\t\t\t\t\t\t<\/div>\n\t\t\t\t<\/div>\n\t\t\t\t<div class=\"elementor-element elementor-element-ddcf5b2 elementor-widget elementor-widget-image\" data-id=\"ddcf5b2\" data-element_type=\"widget\" data-widget_type=\"image.default\">\n\t\t\t\t<div class=\"elementor-widget-container\">\n\t\t\t\t\t\t\t\t\t\t\t\t\t\t\t<img loading=\"lazy\" decoding=\"async\" width=\"217\" height=\"103\" src=\"https:\/\/wtdc.com\/wp-content\/uploads\/2024\/01\/WTDC-ctpat-logo.png\" class=\"attachment-large size-large wp-image-2004883\" alt=\"\" \/>\t\t\t\t\t\t\t\t\t\t\t\t\t\t\t<\/div>\n\t\t\t\t<\/div>\n\t\t\t\t<\/div>\n\t\t\t\t\t<\/div>\n\t\t\t\t<\/div>\n\t\t\t\t<\/div>\n\t\t","protected":false},"excerpt":{"rendered":"<p>WTDC es una Zona Franca y una empresa de log\u00edstica con sede en Miami, Florida. Cont\u00e1ctanos Quienes somos WTDC fue fundada por la familia Gazitua en 1977. El presidente y director ejecutivo de WTDC, Sean P. Gazitua, es la tercera generaci\u00f3n de la familia que lidera la empresa. ZONA FRANCA WTDC fue la primera Zona [&hellip;]<\/p>\n","protected":false},"author":3,"featured_media":0,"parent":0,"menu_order":0,"comment_status":"closed","ping_status":"closed","template":"elementor_header_footer","meta":{"two_page_speed":[],"footnotes":""},"class_list":["post-2505214","page","type-page","status-publish","hentry"],"aioseo_notices":[],"_links":{"self":[{"href":"https:\/\/wtdc.com\/es\/wp-json\/wp\/v2\/pages\/2505214","targetHints":{"allow":["GET"]}}],"collection":[{"href":"https:\/\/wtdc.com\/es\/wp-json\/wp\/v2\/pages"}],"about":[{"href":"https:\/\/wtdc.com\/es\/wp-json\/wp\/v2\/types\/page"}],"author":[{"embeddable":true,"href":"https:\/\/wtdc.com\/es\/wp-json\/wp\/v2\/users\/3"}],"replies":[{"embeddable":true,"href":"https:\/\/wtdc.com\/es\/wp-json\/wp\/v2\/comments?post=2505214"}],"version-history":[{"count":60,"href":"https:\/\/wtdc.com\/es\/wp-json\/wp\/v2\/pages\/2505214\/revisions"}],"predecessor-version":[{"id":3008177,"href":"https:\/\/wtdc.com\/es\/wp-json\/wp\/v2\/pages\/2505214\/revisions\/3008177"}],"wp:attachment":[{"href":"https:\/\/wtdc.com\/es\/wp-json\/wp\/v2\/media?parent=2505214"}],"curies":[{"name":"wp","href":"https:\/\/api.w.org\/{rel}","templated":true}]}}