{"id":2505315,"date":"2020-05-12T10:02:59","date_gmt":"2020-05-12T10:02:59","guid":{"rendered":"https:\/\/wtdc.com\/?page_id=2505315"},"modified":"2024-02-07T08:54:46","modified_gmt":"2024-02-07T08:54:46","slug":"sobre-nosotros","status":"publish","type":"page","link":"https:\/\/wtdc.com\/es\/sobre-nosotros\/","title":{"rendered":"ABOUT US"},"content":{"rendered":"\t\t<div data-elementor-type=\"wp-page\" data-elementor-id=\"2505315\" class=\"elementor elementor-2505315\" data-elementor-post-type=\"page\">\n\t\t\t\t<div class=\"elementor-element elementor-element-9f6c2c6 ip-banner e-flex e-con-boxed e-con e-parent\" data-id=\"9f6c2c6\" data-element_type=\"container\" data-settings=\"{&quot;background_background&quot;:&quot;classic&quot;}\">\n\t\t\t\t\t<div class=\"e-con-inner\">\n\t\t\t\t<div class=\"elementor-element elementor-element-af5ea2d elementor-widget elementor-widget-heading\" data-id=\"af5ea2d\" data-element_type=\"widget\" data-widget_type=\"heading.default\">\n\t\t\t\t<div class=\"elementor-widget-container\">\n\t\t\t\t\t<h2 class=\"elementor-heading-title elementor-size-default\">Sobre Nosotros\n<\/h2>\t\t\t\t<\/div>\n\t\t\t\t<\/div>\n\t\t\t\t<div class=\"elementor-element elementor-element-4c9854f elementor-align-left elementor-invisible elementor-widget elementor-widget-global elementor-global-2506118 elementor-widget-button\" data-id=\"4c9854f\" data-element_type=\"widget\" data-settings=\"{&quot;_animation&quot;:&quot;fadeIn&quot;,&quot;_animation_delay&quot;:1000}\" data-widget_type=\"button.default\">\n\t\t\t\t<div class=\"elementor-widget-container\">\n\t\t\t\t\t\t\t\t\t<div class=\"elementor-button-wrapper\">\n\t\t\t\t\t<a class=\"elementor-button elementor-button-link elementor-size-sm\" href=\"https:\/\/wtdc.com\/contact-us\/\">\n\t\t\t\t\t\t<span class=\"elementor-button-content-wrapper\">\n\t\t\t\t\t\t\t\t\t<span class=\"elementor-button-text\">Contact Us<\/span>\n\t\t\t\t\t<\/span>\n\t\t\t\t\t<\/a>\n\t\t\t\t<\/div>\n\t\t\t\t\t\t\t\t<\/div>\n\t\t\t\t<\/div>\n\t\t\t\t\t<\/div>\n\t\t\t\t<\/div>\n\t\t<div class=\"elementor-element elementor-element-1ad7920 pt-40  e-flex e-con-boxed e-con e-parent\" data-id=\"1ad7920\" data-element_type=\"container\">\n\t\t\t\t\t<div class=\"e-con-inner\">\n\t\t\t\t<div class=\"elementor-element elementor-element-8306741 elementor-widget elementor-widget-text-editor\" data-id=\"8306741\" data-element_type=\"widget\" data-widget_type=\"text-editor.default\">\n\t\t\t\t<div class=\"elementor-widget-container\">\n\t\t\t\t\t\t\t\t\tWTDC es la Zona de Comercio Exterior 281, Sitio 4. Propiedad y operaci\u00f3n de la familia Gazitua desde nuestra fundaci\u00f3n en 1977, somos una empresa de log\u00edstica que se especializa en distribuci\u00f3n internacional y gesti\u00f3n de transporte global. Brindamos servicios de transporte por carretera, ferrocarril, aire y mar.<br>\nWTDC se encuentra en Miami, \u00abLa puerta de entrada a Am\u00e9rica Latina y el Caribe\u00bb.\n\n\n\t\t\t\t\t\t\t\t<\/div>\n\t\t\t\t<\/div>\n\t\t\t\t\t<\/div>\n\t\t\t\t<\/div>\n\t\t<div class=\"elementor-element elementor-element-c6de481 our-story-sec pt-20 pb-100 e-con-full e-flex e-con e-parent\" data-id=\"c6de481\" data-element_type=\"container\" data-settings=\"{&quot;background_background&quot;:&quot;classic&quot;}\">\n\t\t<div class=\"elementor-element elementor-element-34a21c4 e-con-full e-flex e-con e-child\" data-id=\"34a21c4\" data-element_type=\"container\">\n\t\t<div class=\"elementor-element elementor-element-f3e4fc0 Senior-managment-scnd e-flex e-con-boxed e-con e-child\" data-id=\"f3e4fc0\" data-element_type=\"container\">\n\t\t\t\t\t<div class=\"e-con-inner\">\n\t\t<div class=\"elementor-element elementor-element-b2c14a3 e-con-full e-flex e-con e-child\" data-id=\"b2c14a3\" data-element_type=\"container\">\n\t\t\t\t<div class=\"elementor-element elementor-element-0971b2f tf-35 pt-40 pb-70 elementor-widget elementor-widget-heading\" data-id=\"0971b2f\" data-element_type=\"widget\" data-widget_type=\"heading.default\">\n\t\t\t\t<div class=\"elementor-widget-container\">\n\t\t\t\t\t<h2 class=\"elementor-heading-title elementor-size-default\">NUESTRA HISTORIA\n<\/h2>\t\t\t\t<\/div>\n\t\t\t\t<\/div>\n\t\t\t\t<\/div>\n\t\t\t\t\t<\/div>\n\t\t\t\t<\/div>\n\t\t\t\t<\/div>\n\t\t<div class=\"elementor-element elementor-element-ee3c306 e-con-full e-flex e-con e-child\" data-id=\"ee3c306\" data-element_type=\"container\">\n\t\t<div class=\"elementor-element elementor-element-ab6edd2 e-flex e-con-boxed e-con e-child\" data-id=\"ab6edd2\" data-element_type=\"container\">\n\t\t\t\t\t<div class=\"e-con-inner\">\n\t\t<div class=\"elementor-element elementor-element-46c9be0 e-con-full e-flex e-con e-child\" data-id=\"46c9be0\" data-element_type=\"container\" data-settings=\"{&quot;background_background&quot;:&quot;classic&quot;}\">\n\t\t\t\t<div class=\"elementor-element elementor-element-2b2e949 elementor-widget elementor-widget-image\" data-id=\"2b2e949\" data-element_type=\"widget\" data-widget_type=\"image.default\">\n\t\t\t\t<div class=\"elementor-widget-container\">\n\t\t\t\t\t\t\t\t\t\t\t\t\t\t\t<img fetchpriority=\"high\" decoding=\"async\" width=\"720\" height=\"960\" src=\"https:\/\/wtdc.com\/wp-content\/uploads\/2024\/01\/RLG_Parents-1.jpg\" class=\"attachment-full size-full wp-image-2005422\" alt=\"\" srcset=\"https:\/\/wtdc.com\/wp-content\/uploads\/2024\/01\/RLG_Parents-1.jpg 720w, https:\/\/wtdc.com\/wp-content\/uploads\/2024\/01\/RLG_Parents-1-225x300.jpg 225w\" sizes=\"(max-width: 720px) 100vw, 720px\" \/>\t\t\t\t\t\t\t\t\t\t\t\t\t\t\t<\/div>\n\t\t\t\t<\/div>\n\t\t\t\t<\/div>\n\t\t<div class=\"elementor-element elementor-element-28e6be7 e-con-full e-flex e-con e-child\" data-id=\"28e6be7\" data-element_type=\"container\">\n\t\t\t\t<div class=\"elementor-element elementor-element-bad9e45 elementor-widget elementor-widget-text-editor\" data-id=\"bad9e45\" data-element_type=\"widget\" data-widget_type=\"text-editor.default\">\n\t\t\t\t<div class=\"elementor-widget-container\">\n\t\t\t\t\t\t\t\t\t<p>En 1976, la Oficina de Aduanas y Protecci\u00f3n Fronteriza de los Estados Unidos se puso en contacto con la familia Gazitua para abrir un almac\u00e9n de pedidos generales para aliviar la congesti\u00f3n de la carga incautada en aeropuertos y puertos. En ese momento, la familia Gazitua era propietaria y operaba uno de los primeros y m\u00e1s grandes transitarios en Miami, FL. L.R. Gazitua, el anterior director ejecutivo de la empresa y abuelo de Sean P. Gazitua, actual presidente y director ejecutivo de WTDC, vio la oportunidad de hacer crecer una nueva empresa y fortalecer una relaci\u00f3n con la Oficina de Aduanas y Protecci\u00f3n Fronteriza de EE. UU.<\/p>\t\t\t\t\t\t\t\t<\/div>\n\t\t\t\t<\/div>\n\t\t\t\t<div class=\"elementor-element elementor-element-b2ac68e elementor-widget elementor-widget-text-editor\" data-id=\"b2ac68e\" data-element_type=\"widget\" data-widget_type=\"text-editor.default\">\n\t\t\t\t<div class=\"elementor-widget-container\">\n\t\t\t\t\t\t\t\t\t<p>El 8 de marzo de 1977, WTDC se fund\u00f3 como el primer almac\u00e9n de pedidos generales en Miami, FL. WTDC sirvi\u00f3 a la comunidad log\u00edstica como almac\u00e9n de pedidos generales durante muchos a\u00f1os. Ralph L. Gazitua, el actual presidente de la WTDC y ex presidente y director ejecutivo, agreg\u00f3 servicios adicionales de almacenamiento y transporte al repertorio de la WTDC.<\/p>\t\t\t\t\t\t\t\t<\/div>\n\t\t\t\t<\/div>\n\t\t\t\t<\/div>\n\t\t\t\t\t<\/div>\n\t\t\t\t<\/div>\n\t\t<div class=\"elementor-element elementor-element-fa95faf centr-col ptb-100 e-flex e-con-boxed e-con e-child\" data-id=\"fa95faf\" data-element_type=\"container\">\n\t\t\t\t\t<div class=\"e-con-inner\">\n\t\t<div class=\"elementor-element elementor-element-5c321e6 e-con-full e-flex e-con e-child\" data-id=\"5c321e6\" data-element_type=\"container\">\n\t\t\t\t<div class=\"elementor-element elementor-element-9bb6c87 elementor-widget elementor-widget-image\" data-id=\"9bb6c87\" data-element_type=\"widget\" data-widget_type=\"image.default\">\n\t\t\t\t<div class=\"elementor-widget-container\">\n\t\t\t\t\t\t\t\t\t\t\t\t\t\t\t<img decoding=\"async\" width=\"2048\" height=\"1727\" src=\"https:\/\/wtdc.com\/wp-content\/uploads\/2024\/01\/WTDC-Founders-LR-Gazitua-Ralph-Gazitua-John-Gazitua-2048x1727-1.jpg\" class=\"attachment-full size-full wp-image-2005547\" alt=\"\" srcset=\"https:\/\/wtdc.com\/wp-content\/uploads\/2024\/01\/WTDC-Founders-LR-Gazitua-Ralph-Gazitua-John-Gazitua-2048x1727-1.jpg 2048w, https:\/\/wtdc.com\/wp-content\/uploads\/2024\/01\/WTDC-Founders-LR-Gazitua-Ralph-Gazitua-John-Gazitua-2048x1727-1-300x253.jpg 300w, https:\/\/wtdc.com\/wp-content\/uploads\/2024\/01\/WTDC-Founders-LR-Gazitua-Ralph-Gazitua-John-Gazitua-2048x1727-1-1024x864.jpg 1024w, https:\/\/wtdc.com\/wp-content\/uploads\/2024\/01\/WTDC-Founders-LR-Gazitua-Ralph-Gazitua-John-Gazitua-2048x1727-1-768x648.jpg 768w, https:\/\/wtdc.com\/wp-content\/uploads\/2024\/01\/WTDC-Founders-LR-Gazitua-Ralph-Gazitua-John-Gazitua-2048x1727-1-1536x1295.jpg 1536w\" sizes=\"(max-width: 2048px) 100vw, 2048px\" \/>\t\t\t\t\t\t\t\t\t\t\t\t\t\t\t<\/div>\n\t\t\t\t<\/div>\n\t\t\t\t<div class=\"elementor-element elementor-element-cdc5626 our-story-sec hdng-tp elementor-widget elementor-widget-text-editor\" data-id=\"cdc5626\" data-element_type=\"widget\" data-widget_type=\"text-editor.default\">\n\t\t\t\t<div class=\"elementor-widget-container\">\n\t\t\t\t\t\t\t\t\tWTDC ha sido una empresa pionera. Fuimos el primer almac\u00e9n de pedidos generales en Miami y uno de los primeros almacenes aduaneros, estaciones de carga de contenedores (CFS) y consolidadores de exportaci\u00f3n en fianza (IBEC) de la ciudad. In 2012, we became the first operating Foreign Trade Zone (FTZ) in Miami under FTZ designation 281. Tambi\u00e9n somos un agente de carga con licencia, un transportista com\u00fan que no opera en buques (NVOCC) y un transportista a\u00e9reo indirecto (IAC), y estamos certificados por IATA.\t\t\t\t\t\t\t\t<\/div>\n\t\t\t\t<\/div>\n\t\t\t\t<\/div>\n\t\t<div class=\"elementor-element elementor-element-5798642 e-con-full e-flex e-con e-child\" data-id=\"5798642\" data-element_type=\"container\" data-settings=\"{&quot;background_background&quot;:&quot;classic&quot;}\">\n\t\t\t\t<\/div>\n\t\t\t\t\t<\/div>\n\t\t\t\t<\/div>\n\t\t<div class=\"elementor-element elementor-element-c0e6bd4 e-flex e-con-boxed e-con e-child\" data-id=\"c0e6bd4\" data-element_type=\"container\">\n\t\t\t\t\t<div class=\"e-con-inner\">\n\t\t<div class=\"elementor-element elementor-element-dc9491d e-con-full e-flex e-con e-child\" data-id=\"dc9491d\" data-element_type=\"container\" data-settings=\"{&quot;background_background&quot;:&quot;classic&quot;}\">\n\t\t\t\t<div class=\"elementor-element elementor-element-ef7323b elementor-widget elementor-widget-image\" data-id=\"ef7323b\" data-element_type=\"widget\" data-widget_type=\"image.default\">\n\t\t\t\t<div class=\"elementor-widget-container\">\n\t\t\t\t\t\t\t\t\t\t\t\t\t\t\t<img decoding=\"async\" width=\"2048\" height=\"1633\" src=\"https:\/\/wtdc.com\/wp-content\/uploads\/2024\/01\/IMG_2328-scaled-1-2048x1633-1.jpg\" class=\"attachment-full size-full wp-image-2005606\" alt=\"\" srcset=\"https:\/\/wtdc.com\/wp-content\/uploads\/2024\/01\/IMG_2328-scaled-1-2048x1633-1.jpg 2048w, https:\/\/wtdc.com\/wp-content\/uploads\/2024\/01\/IMG_2328-scaled-1-2048x1633-1-300x239.jpg 300w, https:\/\/wtdc.com\/wp-content\/uploads\/2024\/01\/IMG_2328-scaled-1-2048x1633-1-1024x817.jpg 1024w, https:\/\/wtdc.com\/wp-content\/uploads\/2024\/01\/IMG_2328-scaled-1-2048x1633-1-768x612.jpg 768w, https:\/\/wtdc.com\/wp-content\/uploads\/2024\/01\/IMG_2328-scaled-1-2048x1633-1-1536x1225.jpg 1536w\" sizes=\"(max-width: 2048px) 100vw, 2048px\" \/>\t\t\t\t\t\t\t\t\t\t\t\t\t\t\t<\/div>\n\t\t\t\t<\/div>\n\t\t\t\t<\/div>\n\t\t<div class=\"elementor-element elementor-element-16d140c e-con-full e-flex e-con e-child\" data-id=\"16d140c\" data-element_type=\"container\">\n\t\t\t\t<div class=\"elementor-element elementor-element-ae876c4 elementor-widget elementor-widget-text-editor\" data-id=\"ae876c4\" data-element_type=\"widget\" data-widget_type=\"text-editor.default\">\n\t\t\t\t<div class=\"elementor-widget-container\">\n\t\t\t\t\t\t\t\t\t<p>En 2017, WTDC anunci\u00f3 la promoci\u00f3n de Sean P. Gazitua como su nuevo presidente y director ejecutivo. El Sr. Gazitua tiene un amplio conocimiento de las operaciones y la gesti\u00f3n log\u00edstica de la Zona de Comercio Exterior, y se abri\u00f3 camino en las filas como Gerente de Operaciones, Vicepresidente de Ventas y Marketing y, m\u00e1s recientemente, Vicepresidente de WTDC.<\/p>\t\t\t\t\t\t\t\t<\/div>\n\t\t\t\t<\/div>\n\t\t\t\t<div class=\"elementor-element elementor-element-e3f3e92 elementor-widget elementor-widget-text-editor\" data-id=\"e3f3e92\" data-element_type=\"widget\" data-widget_type=\"text-editor.default\">\n\t\t\t\t<div class=\"elementor-widget-container\">\n\t\t\t\t\t\t\t\t\t<div class=\"is-layout-flow wp-block-group about-us-story\">\n<div class=\"wp-block-group__inner-container\">\n<p data-pm-slice=\"1 1 []\">El Se\u00f1or Gazitua sucede a su padre, Ralph L. Gazitua, ahora presidente de WTDC, asi como su tio, John Gazitua, y a su abuelo, L.R Gazitua, como tercera generaci\u00f3n de Gazituas para administrar la empresa.<\/p><\/div><\/div>\t\t\t\t\t\t\t\t<\/div>\n\t\t\t\t<\/div>\n\t\t\t\t<\/div>\n\t\t\t\t\t<\/div>\n\t\t\t\t<\/div>\n\t\t\t\t<\/div>\n\t\t\t\t<\/div>\n\t\t\t\t<\/div>\n\t\t","protected":false},"excerpt":{"rendered":"<p>Sobre Nosotros Contact us WTDC es la Zona de Comercio Exterior 281, Sitio 4. Propiedad y operaci\u00f3n de la familia Gazitua desde nuestra fundaci\u00f3n en 1977, somos una empresa de log\u00edstica que se especializa en distribuci\u00f3n internacional y gesti\u00f3n de transporte global. Brindamos servicios de transporte por carretera, ferrocarril, aire y mar. WTDC se encuentra [&hellip;]<\/p>\n","protected":false},"author":3,"featured_media":0,"parent":0,"menu_order":0,"comment_status":"closed","ping_status":"closed","template":"","meta":{"two_page_speed":[],"footnotes":""},"class_list":["post-2505315","page","type-page","status-publish","hentry"],"aioseo_notices":[],"_links":{"self":[{"href":"https:\/\/wtdc.com\/es\/wp-json\/wp\/v2\/pages\/2505315","targetHints":{"allow":["GET"]}}],"collection":[{"href":"https:\/\/wtdc.com\/es\/wp-json\/wp\/v2\/pages"}],"about":[{"href":"https:\/\/wtdc.com\/es\/wp-json\/wp\/v2\/types\/page"}],"author":[{"embeddable":true,"href":"https:\/\/wtdc.com\/es\/wp-json\/wp\/v2\/users\/3"}],"replies":[{"embeddable":true,"href":"https:\/\/wtdc.com\/es\/wp-json\/wp\/v2\/comments?post=2505315"}],"version-history":[{"count":52,"href":"https:\/\/wtdc.com\/es\/wp-json\/wp\/v2\/pages\/2505315\/revisions"}],"predecessor-version":[{"id":2506221,"href":"https:\/\/wtdc.com\/es\/wp-json\/wp\/v2\/pages\/2505315\/revisions\/2506221"}],"wp:attachment":[{"href":"https:\/\/wtdc.com\/es\/wp-json\/wp\/v2\/media?parent=2505315"}],"curies":[{"name":"wp","href":"https:\/\/api.w.org\/{rel}","templated":true}]}}