{"id":2536,"date":"2021-07-14T17:04:13","date_gmt":"2021-07-14T17:04:13","guid":{"rendered":"http:\/\/localhost\/wordpress\/transbordo-y-cruce-de-carga\/"},"modified":"2024-02-02T14:29:28","modified_gmt":"2024-02-02T14:29:28","slug":"transbordo-y-cruce-de-carga","status":"publish","type":"page","link":"https:\/\/wtdc.com\/es\/transbordo-y-cruce-de-carga\/","title":{"rendered":"Transbordo y Cruce de Carga"},"content":{"rendered":"\t\t<div data-elementor-type=\"wp-page\" data-elementor-id=\"2536\" class=\"elementor elementor-2536\" data-elementor-post-type=\"page\">\n\t\t\t\t<div class=\"elementor-element elementor-element-9cd28ce ip-banner e-flex e-con-boxed e-con e-parent\" data-id=\"9cd28ce\" data-element_type=\"container\" data-settings=\"{&quot;background_background&quot;:&quot;classic&quot;}\">\n\t\t\t\t\t<div class=\"e-con-inner\">\n\t\t\t\t<div class=\"elementor-element elementor-element-e84c2ee elementor-widget elementor-widget-heading\" data-id=\"e84c2ee\" data-element_type=\"widget\" data-widget_type=\"heading.default\">\n\t\t\t\t<div class=\"elementor-widget-container\">\n\t\t\t\t\t<h2 class=\"elementor-heading-title elementor-size-default\">Transbordo y Cruce de Carga\n<\/h2>\t\t\t\t<\/div>\n\t\t\t\t<\/div>\n\t\t\t\t\t<\/div>\n\t\t\t\t<\/div>\n\t\t<div class=\"elementor-element elementor-element-c058893 ptb-30 e-flex e-con-boxed e-con e-parent\" data-id=\"c058893\" data-element_type=\"container\" data-settings=\"{&quot;background_background&quot;:&quot;classic&quot;}\">\n\t\t\t\t\t<div class=\"e-con-inner\">\n\t\t\t\t<div class=\"elementor-element elementor-element-4c5bc47 elementor-widget elementor-widget-heading\" data-id=\"4c5bc47\" data-element_type=\"widget\" data-widget_type=\"heading.default\">\n\t\t\t\t<div class=\"elementor-widget-container\">\n\t\t\t\t\t<h3 class=\"elementor-heading-title elementor-size-default\">WTDC administra tranloads y cross-docks operaciones, cami\u00f3n de plataforma, y carga superior abierta y descargo, y otras solicitudes de carga pesada. Tambi\u00e9n tenemos una gr\u00faa para carga sobredimensionada. \n<\/h3>\t\t\t\t<\/div>\n\t\t\t\t<\/div>\n\t\t\t\t\t<\/div>\n\t\t\t\t<\/div>\n\t\t<div class=\"elementor-element elementor-element-8ca0916 pt-20 pb-150 transload-sec e-flex e-con-boxed e-con e-parent\" data-id=\"8ca0916\" data-element_type=\"container\" data-settings=\"{&quot;background_background&quot;:&quot;classic&quot;}\">\n\t\t\t\t\t<div class=\"e-con-inner\">\n\t\t<div class=\"elementor-element elementor-element-0a4379e e-con-full e-flex e-con e-child\" data-id=\"0a4379e\" data-element_type=\"container\">\n\t\t\t\t<div class=\"elementor-element elementor-element-e708a6c tf-35 elementor-widget elementor-widget-heading\" data-id=\"e708a6c\" data-element_type=\"widget\" data-widget_type=\"heading.default\">\n\t\t\t\t<div class=\"elementor-widget-container\">\n\t\t\t\t\t<h2 class=\"elementor-heading-title elementor-size-default\">Servicios de Transbordo y Cruce de Carga\n<\/h2>\t\t\t\t<\/div>\n\t\t\t\t<\/div>\n\t\t\t\t<div class=\"elementor-element elementor-element-056811d elementor-widget elementor-widget-text-editor\" data-id=\"056811d\" data-element_type=\"widget\" data-widget_type=\"text-editor.default\">\n\t\t\t\t<div class=\"elementor-widget-container\">\n\t\t\t\t\t\t\t\t\t<div class=\"is-layout-flow wp-block-column is-vertically-aligned-center\">\n<p>Mismo d\u00eda operaciones de transbordo y cruce de carga es una manera efectiva para reducir tiempo de tr\u00e1fico y costos de almacenamiento. La Zona de Comercio Extranjero de WTDC ubicada en Miami es ideal para facilitar el transbordo y el cruce de carga en camino hacia y desde PortMiami, Port Everglades, el Aeropuerto Internacional de Miami y los muelles de Miami River.<\/p>\n<\/div>\n<div class=\"is-layout-flow wp-block-column is-vertically-aligned-center\">\u00a0<\/div>\t\t\t\t\t\t\t\t<\/div>\n\t\t\t\t<\/div>\n\t\t\t\t<\/div>\n\t\t<div class=\"elementor-element elementor-element-31a0a97 e-con-full e-flex e-con e-child\" data-id=\"31a0a97\" data-element_type=\"container\">\n\t\t\t\t<div class=\"elementor-element elementor-element-4a27bdc elementor-widget elementor-widget-image\" data-id=\"4a27bdc\" data-element_type=\"widget\" data-widget_type=\"image.default\">\n\t\t\t\t<div class=\"elementor-widget-container\">\n\t\t\t\t\t\t\t\t\t\t\t\t\t\t\t<img fetchpriority=\"high\" decoding=\"async\" width=\"585\" height=\"758\" src=\"https:\/\/wtdc.com\/wp-content\/uploads\/2024\/01\/WTDC-Transload-and-Cross-dock-Image.png\" class=\"attachment-full size-full wp-image-2006266\" alt=\"\" srcset=\"https:\/\/wtdc.com\/wp-content\/uploads\/2024\/01\/WTDC-Transload-and-Cross-dock-Image.png 585w, https:\/\/wtdc.com\/wp-content\/uploads\/2024\/01\/WTDC-Transload-and-Cross-dock-Image-232x300.png 232w\" sizes=\"(max-width: 585px) 100vw, 585px\" \/>\t\t\t\t\t\t\t\t\t\t\t\t\t\t\t<\/div>\n\t\t\t\t<\/div>\n\t\t\t\t<\/div>\n\t\t\t\t\t<\/div>\n\t\t\t\t<\/div>\n\t\t\t\t<\/div>\n\t\t","protected":false},"excerpt":{"rendered":"<p>Transbordo y Cruce de Carga WTDC administra tranloads y cross-docks operaciones, cami\u00f3n de plataforma, y carga superior abierta y descargo, y otras solicitudes de carga pesada. Tambi\u00e9n tenemos una gr\u00faa para carga sobredimensionada. Servicios de Transbordo y Cruce de Carga Mismo d\u00eda operaciones de transbordo y cruce de carga es una manera efectiva para reducir [&hellip;]<\/p>\n","protected":false},"author":3,"featured_media":0,"parent":0,"menu_order":0,"comment_status":"closed","ping_status":"closed","template":"","meta":{"two_page_speed":[],"footnotes":""},"class_list":["post-2536","page","type-page","status-publish","hentry"],"aioseo_notices":[],"_links":{"self":[{"href":"https:\/\/wtdc.com\/es\/wp-json\/wp\/v2\/pages\/2536","targetHints":{"allow":["GET"]}}],"collection":[{"href":"https:\/\/wtdc.com\/es\/wp-json\/wp\/v2\/pages"}],"about":[{"href":"https:\/\/wtdc.com\/es\/wp-json\/wp\/v2\/types\/page"}],"author":[{"embeddable":true,"href":"https:\/\/wtdc.com\/es\/wp-json\/wp\/v2\/users\/3"}],"replies":[{"embeddable":true,"href":"https:\/\/wtdc.com\/es\/wp-json\/wp\/v2\/comments?post=2536"}],"version-history":[{"count":4,"href":"https:\/\/wtdc.com\/es\/wp-json\/wp\/v2\/pages\/2536\/revisions"}],"predecessor-version":[{"id":2505570,"href":"https:\/\/wtdc.com\/es\/wp-json\/wp\/v2\/pages\/2536\/revisions\/2505570"}],"wp:attachment":[{"href":"https:\/\/wtdc.com\/es\/wp-json\/wp\/v2\/media?parent=2536"}],"curies":[{"name":"wp","href":"https:\/\/api.w.org\/{rel}","templated":true}]}}