{"id":2544,"date":"2021-07-14T17:11:41","date_gmt":"2021-07-14T17:11:41","guid":{"rendered":"http:\/\/localhost\/wordpress\/carga-y-exportacion-de-vehiculos\/"},"modified":"2024-02-02T14:32:44","modified_gmt":"2024-02-02T14:32:44","slug":"carga-y-exportacion-de-vehiculos","status":"publish","type":"page","link":"https:\/\/wtdc.com\/es\/carga-y-exportacion-de-vehiculos\/","title":{"rendered":"Carga y Exportaci\u00f3n de Veh\u00edculos"},"content":{"rendered":"\t\t<div data-elementor-type=\"wp-page\" data-elementor-id=\"2544\" class=\"elementor elementor-2544\" data-elementor-post-type=\"page\">\n\t\t\t\t<div class=\"elementor-element elementor-element-5a81871 ip-banner e-flex e-con-boxed e-con e-parent\" data-id=\"5a81871\" data-element_type=\"container\" data-settings=\"{&quot;background_background&quot;:&quot;classic&quot;}\">\n\t\t\t\t\t<div class=\"e-con-inner\">\n\t\t\t\t<div class=\"elementor-element elementor-element-b17f31c elementor-widget elementor-widget-heading\" data-id=\"b17f31c\" data-element_type=\"widget\" data-widget_type=\"heading.default\">\n\t\t\t\t<div class=\"elementor-widget-container\">\n\t\t\t\t\t<h2 class=\"elementor-heading-title elementor-size-default\">Carga y Exportaci\u00f3n de Veh\u00edculos\n<\/h2>\t\t\t\t<\/div>\n\t\t\t\t<\/div>\n\t\t\t\t\t<\/div>\n\t\t\t\t<\/div>\n\t\t<div class=\"elementor-element elementor-element-d97de88 ptb-40 e-flex e-con-boxed e-con e-parent\" data-id=\"d97de88\" data-element_type=\"container\" data-settings=\"{&quot;background_background&quot;:&quot;classic&quot;}\">\n\t\t\t\t\t<div class=\"e-con-inner\">\n\t\t\t\t<div class=\"elementor-element elementor-element-34170d8 pb-80 elementor-widget elementor-widget-heading\" data-id=\"34170d8\" data-element_type=\"widget\" data-widget_type=\"heading.default\">\n\t\t\t\t<div class=\"elementor-widget-container\">\n\t\t\t\t\t<h3 class=\"elementor-heading-title elementor-size-default\">WTDC carga autom\u00f3viles, barcos, y embarcaciones personales para env\u00edos en todo el mundo. Entendemos que se necesita un cuidado y empaque experto para manejar diferente tipos de veh\u00edculos en contenedores.\n<\/h3>\t\t\t\t<\/div>\n\t\t\t\t<\/div>\n\t\t\t\t<div class=\"elementor-element elementor-element-83cc96d elementor-widget elementor-widget-heading\" data-id=\"83cc96d\" data-element_type=\"widget\" data-widget_type=\"heading.default\">\n\t\t\t\t<div class=\"elementor-widget-container\">\n\t\t\t\t\t<h3 class=\"elementor-heading-title elementor-size-default\">Todos los veh\u00edculos son encargados con el m\u00e1ximo cuidado y experiencia. Nuestro equipo de transporte de veh\u00edculos carga y asegura veh\u00edculos con soluciones personalizadas para 1-3 veh\u00edculos.\n<\/h3>\t\t\t\t<\/div>\n\t\t\t\t<\/div>\n\t\t\t\t<div class=\"elementor-element elementor-element-73344b8 pb-80 elementor-widget elementor-widget-heading\" data-id=\"73344b8\" data-element_type=\"widget\" data-widget_type=\"heading.default\">\n\t\t\t\t<div class=\"elementor-widget-container\">\n\t\t\t\t\t<h3 class=\"elementor-heading-title elementor-size-default\">Los materiales de embalaje de madera de WTDC para rampas y cu\u00f1as de ruedas est\u00e1n certificados seg\u00fan las normas ISPM-15 para materiales libres de plagas. WTDC tambi\u00e9n utiliza amarres para asegurar cada rinc\u00f3n del veh\u00edculo, garantizando mayor seguridad y estabilidad durante el transporte.\n<\/h3>\t\t\t\t<\/div>\n\t\t\t\t<\/div>\n\t\t\t\t\t<\/div>\n\t\t\t\t<\/div>\n\t\t\t\t<\/div>\n\t\t","protected":false},"excerpt":{"rendered":"<p>Carga y Exportaci\u00f3n de Veh\u00edculos WTDC carga autom\u00f3viles, barcos, y embarcaciones personales para env\u00edos en todo el mundo. Entendemos que se necesita un cuidado y empaque experto para manejar diferente tipos de veh\u00edculos en contenedores. Todos los veh\u00edculos son encargados con el m\u00e1ximo cuidado y experiencia. Nuestro equipo de transporte de veh\u00edculos carga y asegura [&hellip;]<\/p>\n","protected":false},"author":3,"featured_media":0,"parent":0,"menu_order":0,"comment_status":"closed","ping_status":"closed","template":"","meta":{"two_page_speed":[],"footnotes":""},"class_list":["post-2544","page","type-page","status-publish","hentry"],"aioseo_notices":[],"_links":{"self":[{"href":"https:\/\/wtdc.com\/es\/wp-json\/wp\/v2\/pages\/2544","targetHints":{"allow":["GET"]}}],"collection":[{"href":"https:\/\/wtdc.com\/es\/wp-json\/wp\/v2\/pages"}],"about":[{"href":"https:\/\/wtdc.com\/es\/wp-json\/wp\/v2\/types\/page"}],"author":[{"embeddable":true,"href":"https:\/\/wtdc.com\/es\/wp-json\/wp\/v2\/users\/3"}],"replies":[{"embeddable":true,"href":"https:\/\/wtdc.com\/es\/wp-json\/wp\/v2\/comments?post=2544"}],"version-history":[{"count":4,"href":"https:\/\/wtdc.com\/es\/wp-json\/wp\/v2\/pages\/2544\/revisions"}],"predecessor-version":[{"id":2505574,"href":"https:\/\/wtdc.com\/es\/wp-json\/wp\/v2\/pages\/2544\/revisions\/2505574"}],"wp:attachment":[{"href":"https:\/\/wtdc.com\/es\/wp-json\/wp\/v2\/media?parent=2544"}],"curies":[{"name":"wp","href":"https:\/\/api.w.org\/{rel}","templated":true}]}}