{"id":2550,"date":"2021-07-14T17:34:19","date_gmt":"2021-07-14T17:34:19","guid":{"rendered":"http:\/\/localhost\/wordpress\/privacy-policy\/"},"modified":"2024-02-02T15:55:46","modified_gmt":"2024-02-02T15:55:46","slug":"privacy-policy","status":"publish","type":"page","link":"https:\/\/wtdc.com\/es\/privacy-policy\/","title":{"rendered":"POLITICA DE PRIVACIDAD"},"content":{"rendered":"\t\t<div data-elementor-type=\"wp-page\" data-elementor-id=\"2550\" class=\"elementor elementor-2550\" data-elementor-post-type=\"page\">\n\t\t\t\t<div class=\"elementor-element elementor-element-df6dc1f ip-banner e-flex e-con-boxed e-con e-parent\" data-id=\"df6dc1f\" data-element_type=\"container\" data-settings=\"{&quot;background_background&quot;:&quot;classic&quot;}\">\n\t\t\t\t\t<div class=\"e-con-inner\">\n\t\t\t\t<div class=\"elementor-element elementor-element-e19db3a elementor-widget elementor-widget-heading\" data-id=\"e19db3a\" data-element_type=\"widget\" data-widget_type=\"heading.default\">\n\t\t\t\t<div class=\"elementor-widget-container\">\n\t\t\t\t\t<h2 class=\"elementor-heading-title elementor-size-default\">P\u00f3litica de Privacidad\n<\/h2>\t\t\t\t<\/div>\n\t\t\t\t<\/div>\n\t\t\t\t\t<\/div>\n\t\t\t\t<\/div>\n\t\t<div class=\"elementor-element elementor-element-824c1d4 privcy-sec-one pt-50 pb-40 e-flex e-con-boxed e-con e-parent\" data-id=\"824c1d4\" data-element_type=\"container\" data-settings=\"{&quot;background_background&quot;:&quot;classic&quot;}\">\n\t\t\t\t\t<div class=\"e-con-inner\">\n\t\t\t\t<div class=\"elementor-element elementor-element-53ab7c2 tf-35 pb-30 elementor-widget elementor-widget-heading\" data-id=\"53ab7c2\" data-element_type=\"widget\" data-widget_type=\"heading.default\">\n\t\t\t\t<div class=\"elementor-widget-container\">\n\t\t\t\t\t<h3 class=\"elementor-heading-title elementor-size-default\">Personal identification information<\/h3>\t\t\t\t<\/div>\n\t\t\t\t<\/div>\n\t\t\t\t<div class=\"elementor-element elementor-element-8d0ff8b elementor-widget elementor-widget-heading\" data-id=\"8d0ff8b\" data-element_type=\"widget\" data-widget_type=\"heading.default\">\n\t\t\t\t<div class=\"elementor-widget-container\">\n\t\t\t\t\t<h3 class=\"elementor-heading-title elementor-size-default\">Es posible que colectemos informaci\u00f3n personal de usuarios en diferente manera, que incluye, pero no es limitado a, cuando usuarios entren a nuestra p\u00e1gina web, se subscriben al bolet\u00edn informativo y en relaci\u00f3n con otras actividades, servicios, recursos que ponemos a disposici\u00f3n en nuestro sitio. A los usuarios se les puede pedir, seg\u00fan corresponda, nombre, correo electr\u00f3nico, direcci\u00f3n postal, n\u00famero de tel\u00e9fono e informaci\u00f3n de la tarjeta de cr\u00e9dito. Sin embargo, los usuarios pueden visitar nuestro sitio web de forma an\u00f3nima. Solo recopilaremos informaci\u00f3n de los usuarios si brindan informaci\u00f3n voluntariamente. Los usuarios siempre pueden negarse a proporcionar informaci\u00f3n de identificaci\u00f3n personal, excepto que puede evitar que algunos participen en ciertas actividades con el Sitio.\n<\/h3>\t\t\t\t<\/div>\n\t\t\t\t<\/div>\n\t\t\t\t\t<\/div>\n\t\t\t\t<\/div>\n\t\t<div class=\"elementor-element elementor-element-d056c79 privcy-sec-one pt-50 pb-40  e-flex e-con-boxed e-con e-parent\" data-id=\"d056c79\" data-element_type=\"container\" data-settings=\"{&quot;background_background&quot;:&quot;classic&quot;}\">\n\t\t\t\t\t<div class=\"e-con-inner\">\n\t\t\t\t<div class=\"elementor-element elementor-element-02f1708 tf-35 pb-30 elementor-widget elementor-widget-heading\" data-id=\"02f1708\" data-element_type=\"widget\" data-widget_type=\"heading.default\">\n\t\t\t\t<div class=\"elementor-widget-container\">\n\t\t\t\t\t<h3 class=\"elementor-heading-title elementor-size-default\">Informaci\u00f3n de identificaci\u00f3n no personal\n<\/h3>\t\t\t\t<\/div>\n\t\t\t\t<\/div>\n\t\t\t\t<div class=\"elementor-element elementor-element-2e0a05f elementor-widget elementor-widget-heading\" data-id=\"2e0a05f\" data-element_type=\"widget\" data-widget_type=\"heading.default\">\n\t\t\t\t<div class=\"elementor-widget-container\">\n\t\t\t\t\t<h3 class=\"elementor-heading-title elementor-size-default\">Podemos recopilar informaci\u00f3n de identificaci\u00f3n no personal sobre los usuarios cada vez que interact\u00faan con nuestro sitio. La informaci\u00f3n de identificaci\u00f3n no personal puede incluir el nombre del navegador y el tipo de computadora e informaci\u00f3n t\u00e9cnica sobre los medios de conexi\u00f3n de los Usuarios a nuestros Sitios, como el sistema operativo y los proveedores de servicios de Internet utilizados y otra informaci\u00f3n similar.\n<\/h3>\t\t\t\t<\/div>\n\t\t\t\t<\/div>\n\t\t\t\t\t<\/div>\n\t\t\t\t<\/div>\n\t\t<div class=\"elementor-element elementor-element-d3dd20b privcy-sec-one pt-50 pb-40 e-flex e-con-boxed e-con e-parent\" data-id=\"d3dd20b\" data-element_type=\"container\" data-settings=\"{&quot;background_background&quot;:&quot;classic&quot;}\">\n\t\t\t\t\t<div class=\"e-con-inner\">\n\t\t\t\t<div class=\"elementor-element elementor-element-289c22b tf-35 pb-30 elementor-widget elementor-widget-heading\" data-id=\"289c22b\" data-element_type=\"widget\" data-widget_type=\"heading.default\">\n\t\t\t\t<div class=\"elementor-widget-container\">\n\t\t\t\t\t<h3 class=\"elementor-heading-title elementor-size-default\">Cookies del navegador web\n<\/h3>\t\t\t\t<\/div>\n\t\t\t\t<\/div>\n\t\t\t\t<div class=\"elementor-element elementor-element-2fa20ba elementor-widget elementor-widget-heading\" data-id=\"2fa20ba\" data-element_type=\"widget\" data-widget_type=\"heading.default\">\n\t\t\t\t<div class=\"elementor-widget-container\">\n\t\t\t\t\t<h3 class=\"elementor-heading-title elementor-size-default\">Nuestro sitio puede utilizar \u00abcookies\u00bb para mejorar la experiencia del usuario. Los navegadores web del usuario colocan cookies en sus discos duros para fines de mantenimiento de registros y, a veces, para rastrear informaci\u00f3n sobre ellos. Los usuarios pueden optar por configurar su navegador web para rechazar las cookies o para alertarlos cuando las cookies\n\n<\/h3>\t\t\t\t<\/div>\n\t\t\t\t<\/div>\n\t\t\t\t<div class=\"elementor-element elementor-element-ef3c95d how-hdng elementor-widget elementor-widget-heading\" data-id=\"ef3c95d\" data-element_type=\"widget\" data-widget_type=\"heading.default\">\n\t\t\t\t<div class=\"elementor-widget-container\">\n\t\t\t\t\t<h3 class=\"elementor-heading-title elementor-size-default\">C\u00f3mo utilizamos la informaci\u00f3n recopilada\n<\/h3>\t\t\t\t<\/div>\n\t\t\t\t<\/div>\n\t\t\t\t<div class=\"elementor-element elementor-element-992b64b how-hdng elementor-widget elementor-widget-heading\" data-id=\"992b64b\" data-element_type=\"widget\" data-widget_type=\"heading.default\">\n\t\t\t\t<div class=\"elementor-widget-container\">\n\t\t\t\t\t<h3 class=\"elementor-heading-title elementor-size-default\">WTDC puede recopilar y utilizar la informaci\u00f3n personal de los Usuarios para los siguientes prop\u00f3sitos:\n<\/h3>\t\t\t\t<\/div>\n\t\t\t\t<\/div>\n\t\t\t\t<div class=\"elementor-element elementor-element-3638908 elementor-icon-list--layout-traditional elementor-list-item-link-full_width elementor-widget elementor-widget-icon-list\" data-id=\"3638908\" data-element_type=\"widget\" data-widget_type=\"icon-list.default\">\n\t\t\t\t<div class=\"elementor-widget-container\">\n\t\t\t\t\t\t\t<ul class=\"elementor-icon-list-items\">\n\t\t\t\t\t\t\t<li class=\"elementor-icon-list-item\">\n\t\t\t\t\t\t\t\t\t\t\t<span class=\"elementor-icon-list-icon\">\n\t\t\t\t\t\t\t<i aria-hidden=\"true\" class=\"fas fa-circle\"><\/i>\t\t\t\t\t\t<\/span>\n\t\t\t\t\t\t\t\t\t\t<span class=\"elementor-icon-list-text\">Para mejorar el servicio al cliente: la informaci\u00f3n que proporciona nos ayuda a responder a sus solicitudes de servicio al cliente y sus necesidades de soporte de manera m\u00e1s eficiente.<\/span>\n\t\t\t\t\t\t\t\t\t<\/li>\n\t\t\t\t\t\t\t\t<li class=\"elementor-icon-list-item\">\n\t\t\t\t\t\t\t\t\t\t\t<span class=\"elementor-icon-list-icon\">\n\t\t\t\t\t\t\t<i aria-hidden=\"true\" class=\"fas fa-circle\"><\/i>\t\t\t\t\t\t<\/span>\n\t\t\t\t\t\t\t\t\t\t<span class=\"elementor-icon-list-text\">Para mejorar nuestro Sitio, podemos utilizar los comentarios que proporcione para mejorar nuestros productos y servicios, para ejecutar una promoci\u00f3n, concurso, encuesta u otra funci\u00f3n del Sitio, y para enviar a los Usuarios la informaci\u00f3n que aceptaron recibir sobre temas que creemos que ser\u00e1n de su inter\u00e9s. .<\/span>\n\t\t\t\t\t\t\t\t\t<\/li>\n\t\t\t\t\t\t\t\t<li class=\"elementor-icon-list-item\">\n\t\t\t\t\t\t\t\t\t\t\t<span class=\"elementor-icon-list-icon\">\n\t\t\t\t\t\t\t<i aria-hidden=\"true\" class=\"fas fa-circle\"><\/i>\t\t\t\t\t\t<\/span>\n\t\t\t\t\t\t\t\t\t\t<span class=\"elementor-icon-list-text\">Para enviar correos electr\u00f3nicos peri\u00f3dicos \u2013 We may use the email address to respond to Users\u2019 inquiries,  questions, and\/or other requests. Si un Usuario decide inscribirse en nuestra lista de correo, recibir\u00e1 correos electr\u00f3nicos que pueden incluir noticias de la empresa, actualizaciones, informaci\u00f3n relacionada con productos o servicios, etc. Si en alg\u00fan momento el Usuario desea cancelar la suscripci\u00f3n para recibir correos electr\u00f3nicos futuros, incluimos instrucciones detalladas para cancelar la suscripci\u00f3n en la parte inferior de cada correo electr\u00f3nico o el Usuario puede comunicarse con nosotros a trav\u00e9s de nuestro Sitio.<\/span>\n\t\t\t\t\t\t\t\t\t<\/li>\n\t\t\t\t\t\t<\/ul>\n\t\t\t\t\t\t<\/div>\n\t\t\t\t<\/div>\n\t\t\t\t\t<\/div>\n\t\t\t\t<\/div>\n\t\t<div class=\"elementor-element elementor-element-399b46d privcy-lst-sec pb-100 pt-30 e-flex e-con-boxed e-con e-parent\" data-id=\"399b46d\" data-element_type=\"container\" data-settings=\"{&quot;background_background&quot;:&quot;classic&quot;}\">\n\t\t\t\t\t<div class=\"e-con-inner\">\n\t\t\t\t<div class=\"elementor-element elementor-element-fb934ef tf-35 elementor-widget elementor-widget-heading\" data-id=\"fb934ef\" data-element_type=\"widget\" data-widget_type=\"heading.default\">\n\t\t\t\t<div class=\"elementor-widget-container\">\n\t\t\t\t\t<h3 class=\"elementor-heading-title elementor-size-default\">C\u00f3mo protegemos su informaci\u00f3n\n<\/h3>\t\t\t\t<\/div>\n\t\t\t\t<\/div>\n\t\t\t\t<div class=\"elementor-element elementor-element-e9d0565 elementor-widget elementor-widget-heading\" data-id=\"e9d0565\" data-element_type=\"widget\" data-widget_type=\"heading.default\">\n\t\t\t\t<div class=\"elementor-widget-container\">\n\t\t\t\t\t<h3 class=\"elementor-heading-title elementor-size-default\">How we protect your information \u2014 We adopt appropriate data collection, storage, and processing practices and security measures to protect against unauthorized access, alteration, disclosure, or destruction of your personal information, username, password, transaction information, and data stored on our Site.\n<\/h3>\t\t\t\t<\/div>\n\t\t\t\t<\/div>\n\t\t\t\t<div class=\"elementor-element elementor-element-a21d4df elementor-widget elementor-widget-heading\" data-id=\"a21d4df\" data-element_type=\"widget\" data-widget_type=\"heading.default\">\n\t\t\t\t<div class=\"elementor-widget-container\">\n\t\t\t\t\t<h3 class=\"elementor-heading-title elementor-size-default\"><strong>Compartir su informaci\u00f3n personal: no vendemos, intercambiamos ni alquilamos la informaci\u00f3n de identificaci\u00f3n personal de los usuarios a otros.<\/strong> We may share generic aggregated demographic information not linked to any personal identification information regarding visitors and users with our business partners, trusted affiliates, and advertisers for the purposes outlined above. We may use third-party service providers to help us operate our business and the Site or administer activities on our behalf, such as sending out newsletters or surveys. We may share your information with these third parties for those limited purposes provided that you have given us your permission.\n<\/h3>\t\t\t\t<\/div>\n\t\t\t\t<\/div>\n\t\t\t\t<div class=\"elementor-element elementor-element-f2380bc elementor-widget elementor-widget-heading\" data-id=\"f2380bc\" data-element_type=\"widget\" data-widget_type=\"heading.default\">\n\t\t\t\t<div class=\"elementor-widget-container\">\n\t\t\t\t\t<h3 class=\"elementor-heading-title elementor-size-default\"><strong>Third-party websites \u2014<\/strong> Users may find advertising or other content on our Site that links to the sites and services of our partners, suppliers, advertisers, sponsors, licensors, and other third parties. We do not control the content or links that appear on these sites and are not responsible for the practices employed by websites linked to or from our Site. In addition, these sites or services, including their content and links, may be constantly changing. These sites and services may have their own privacy policies and customer service policies. Browsing and interaction on any other website, including websites which have a link to our Site, is subject to that website\u2019s own terms and policies.\n<\/h3>\t\t\t\t<\/div>\n\t\t\t\t<\/div>\n\t\t\t\t<div class=\"elementor-element elementor-element-bff71b1 elementor-widget elementor-widget-heading\" data-id=\"bff71b1\" data-element_type=\"widget\" data-widget_type=\"heading.default\">\n\t\t\t\t<div class=\"elementor-widget-container\">\n\t\t\t\t\t<h3 class=\"elementor-heading-title elementor-size-default\"><strong>Changes to this privacy policy \u2014 <\/strong>WTDC has the discretion to update this privacy policy at any time. When we do, we will revise the updated date at the bottom of this page. We encourage Users to frequently check this page for any changes and to stay informed about how we are helping to protect the personal information we collect. You acknowledge and agree that it is your responsibility to review this privacy policy periodically and become aware of modifications.\n<\/h3>\t\t\t\t<\/div>\n\t\t\t\t<\/div>\n\t\t\t\t<div class=\"elementor-element elementor-element-f574814 elementor-widget elementor-widget-heading\" data-id=\"f574814\" data-element_type=\"widget\" data-widget_type=\"heading.default\">\n\t\t\t\t<div class=\"elementor-widget-container\">\n\t\t\t\t\t<h3 class=\"elementor-heading-title elementor-size-default\"><strong>Your acceptance of these terms \u2014<\/strong> By using this Site, you signify your acceptance of this policy and these terms of service. If you do not agree to this policy, please do not use our Site. Your continued use of the Site following the posting of changes to this policy will be deemed your acceptance of those changes.\n<\/h3>\t\t\t\t<\/div>\n\t\t\t\t<\/div>\n\t\t\t\t\t<\/div>\n\t\t\t\t<\/div>\n\t\t\t\t<\/div>\n\t\t","protected":false},"excerpt":{"rendered":"<p>P\u00f3litica de Privacidad Personal identification information Es posible que colectemos informaci\u00f3n personal de usuarios en diferente manera, que incluye, pero no es limitado a, cuando usuarios entren a nuestra p\u00e1gina web, se subscriben al bolet\u00edn informativo y en relaci\u00f3n con otras actividades, servicios, recursos que ponemos a disposici\u00f3n en nuestro sitio. A los usuarios se [&hellip;]<\/p>\n","protected":false},"author":3,"featured_media":0,"parent":0,"menu_order":0,"comment_status":"closed","ping_status":"closed","template":"","meta":{"two_page_speed":[],"footnotes":""},"class_list":["post-2550","page","type-page","status-publish","hentry"],"aioseo_notices":[],"_links":{"self":[{"href":"https:\/\/wtdc.com\/es\/wp-json\/wp\/v2\/pages\/2550","targetHints":{"allow":["GET"]}}],"collection":[{"href":"https:\/\/wtdc.com\/es\/wp-json\/wp\/v2\/pages"}],"about":[{"href":"https:\/\/wtdc.com\/es\/wp-json\/wp\/v2\/types\/page"}],"author":[{"embeddable":true,"href":"https:\/\/wtdc.com\/es\/wp-json\/wp\/v2\/users\/3"}],"replies":[{"embeddable":true,"href":"https:\/\/wtdc.com\/es\/wp-json\/wp\/v2\/comments?post=2550"}],"version-history":[{"count":4,"href":"https:\/\/wtdc.com\/es\/wp-json\/wp\/v2\/pages\/2550\/revisions"}],"predecessor-version":[{"id":2505650,"href":"https:\/\/wtdc.com\/es\/wp-json\/wp\/v2\/pages\/2550\/revisions\/2505650"}],"wp:attachment":[{"href":"https:\/\/wtdc.com\/es\/wp-json\/wp\/v2\/media?parent=2550"}],"curies":[{"name":"wp","href":"https:\/\/api.w.org\/{rel}","templated":true}]}}