{"id":2749,"date":"2021-07-20T11:09:57","date_gmt":"2021-07-20T11:09:57","guid":{"rendered":"http:\/\/localhost\/wordpress\/instalaciones\/"},"modified":"2024-02-06T10:25:02","modified_gmt":"2024-02-06T10:25:02","slug":"instalaciones","status":"publish","type":"page","link":"https:\/\/wtdc.com\/es\/instalaciones\/","title":{"rendered":"INSTALACIONES"},"content":{"rendered":"\t\t<div data-elementor-type=\"wp-page\" data-elementor-id=\"2749\" class=\"elementor elementor-2749\" data-elementor-post-type=\"page\">\n\t\t\t\t<div class=\"elementor-element elementor-element-ba064b8 ip-banner e-flex e-con-boxed e-con e-parent\" data-id=\"ba064b8\" data-element_type=\"container\" data-settings=\"{&quot;background_background&quot;:&quot;classic&quot;}\">\n\t\t\t\t\t<div class=\"e-con-inner\">\n\t\t\t\t<div class=\"elementor-element elementor-element-907c4db elementor-widget elementor-widget-heading\" data-id=\"907c4db\" data-element_type=\"widget\" data-widget_type=\"heading.default\">\n\t\t\t\t<div class=\"elementor-widget-container\">\n\t\t\t\t\t<h2 class=\"elementor-heading-title elementor-size-default\">Caracter\u00edsticas de la instalaci\u00f3n\n<\/h2>\t\t\t\t<\/div>\n\t\t\t\t<\/div>\n\t\t\t\t\t<\/div>\n\t\t\t\t<\/div>\n\t\t<div class=\"elementor-element elementor-element-a40c99c ptb-30 e-flex e-con-boxed e-con e-parent\" data-id=\"a40c99c\" data-element_type=\"container\" data-settings=\"{&quot;background_background&quot;:&quot;classic&quot;}\">\n\t\t\t\t\t<div class=\"e-con-inner\">\n\t\t<div class=\"elementor-element elementor-element-3e091d5 e-flex e-con-boxed e-con e-child\" data-id=\"3e091d5\" data-element_type=\"container\" data-settings=\"{&quot;background_background&quot;:&quot;classic&quot;}\">\n\t\t\t\t\t<div class=\"e-con-inner\">\n\t\t\t\t<div class=\"elementor-element elementor-element-7d3e5ea elementor-widget elementor-widget-heading\" data-id=\"7d3e5ea\" data-element_type=\"widget\" data-widget_type=\"heading.default\">\n\t\t\t\t<div class=\"elementor-widget-container\">\n\t\t\t\t\t<h3 class=\"elementor-heading-title elementor-size-default\">La ubicaci\u00f3n lo es todo. WTDC est\u00e1 estrat\u00e9gicamente ubicado a menos de una milla del Aeropuerto Internacional de Miami ya 20 minutos de PortMiami. Propiedad de la familia Gazitua, nuestra instalaci\u00f3n de 136,500 pies cuadrados se encuentra en seis acres y tiene 11,500 posiciones de paletas en estanter\u00edas. La compa\u00f1\u00eda tambi\u00e9n tiene 10,000 pies cuadrados de almacenamiento en el patio exterior para manejar y almacenar carga grande y pesada. WTDC cuenta con modernos sistemas de seguridad y contra incendios y un s\u00f3lido sistema de gesti\u00f3n de almacenes (WMS) al que los clientes pueden acceder las 24 horas del d\u00eda, los 7 d\u00edas de la semana a trav\u00e9s del Portal del cliente en wtdc.com.\n<\/h3>\t\t\t\t<\/div>\n\t\t\t\t<\/div>\n\t\t\t\t\t<\/div>\n\t\t\t\t<\/div>\n\t\t\t\t\t<\/div>\n\t\t\t\t<\/div>\n\t\t<div class=\"elementor-element elementor-element-7c21038 ptb-30 e-flex e-con-boxed e-con e-parent\" data-id=\"7c21038\" data-element_type=\"container\" data-settings=\"{&quot;background_background&quot;:&quot;classic&quot;}\">\n\t\t\t\t\t<div class=\"e-con-inner\">\n\t\t<div class=\"elementor-element elementor-element-530cd3d e-flex e-con-boxed e-con e-child\" data-id=\"530cd3d\" data-element_type=\"container\" data-settings=\"{&quot;background_background&quot;:&quot;classic&quot;}\">\n\t\t\t\t\t<div class=\"e-con-inner\">\n\t\t\t\t<div class=\"elementor-element elementor-element-3bc5976 elementor-widget elementor-widget-heading\" data-id=\"3bc5976\" data-element_type=\"widget\" data-widget_type=\"heading.default\">\n\t\t\t\t<div class=\"elementor-widget-container\">\n\t\t\t\t\t<h2 class=\"elementor-heading-title elementor-size-default\">TSA Y CTPAT AUTORIZADOS\n<\/h2>\t\t\t\t<\/div>\n\t\t\t\t<\/div>\n\t\t\t\t<div class=\"elementor-element elementor-element-b7580ca elementor-widget elementor-widget-heading\" data-id=\"b7580ca\" data-element_type=\"widget\" data-widget_type=\"heading.default\">\n\t\t\t\t<div class=\"elementor-widget-container\">\n\t\t\t\t\t<h3 class=\"elementor-heading-title elementor-size-default\">Como agente de almacenamiento autorizado por la TSA, todos los empleados de WTDC han recibido una identificaci\u00f3n de evaluaci\u00f3n de amenazas de seguridad y reciben capacitaci\u00f3n rutinaria sobre las \u00faltimas regulaciones de la TSA y la CBP. WTDC recibe y asigna cada env\u00edo a la ubicaci\u00f3n correspondiente de \u201cRemitente conocido \/ desconocido\u201d designada en su sistema de estanter\u00edas, asegurando a los clientes que las mercanc\u00edas \u201cCUMPLEN\u201d con las regulaciones de la TSA y est\u00e1n ubicadas en las \u00e1reas espec\u00edficas correspondientes a sus cuentas.\n<\/h3>\t\t\t\t<\/div>\n\t\t\t\t<\/div>\n\t\t\t\t<div class=\"elementor-element elementor-element-275481c ptb-30 elementor-widget elementor-widget-heading\" data-id=\"275481c\" data-element_type=\"widget\" data-widget_type=\"heading.default\">\n\t\t\t\t<div class=\"elementor-widget-container\">\n\t\t\t\t\t<h3 class=\"elementor-heading-title elementor-size-default\">El personal de WTDC est\u00e1 bien capacitado en las \u00faltimas pautas de C-TPAT, HAZMAT y TSA.\n<\/h3>\t\t\t\t<\/div>\n\t\t\t\t<\/div>\n\t\t\t\t\t<\/div>\n\t\t\t\t<\/div>\n\t\t\t\t\t<\/div>\n\t\t\t\t<\/div>\n\t\t\t\t<\/div>\n\t\t","protected":false},"excerpt":{"rendered":"<p>Caracter\u00edsticas de la instalaci\u00f3n La ubicaci\u00f3n lo es todo. WTDC est\u00e1 estrat\u00e9gicamente ubicado a menos de una milla del Aeropuerto Internacional de Miami ya 20 minutos de PortMiami. Propiedad de la familia Gazitua, nuestra instalaci\u00f3n de 136,500 pies cuadrados se encuentra en seis acres y tiene 11,500 posiciones de paletas en estanter\u00edas. La compa\u00f1\u00eda tambi\u00e9n [&hellip;]<\/p>\n","protected":false},"author":3,"featured_media":0,"parent":0,"menu_order":0,"comment_status":"closed","ping_status":"closed","template":"","meta":{"two_page_speed":[],"footnotes":""},"class_list":["post-2749","page","type-page","status-publish","hentry"],"aioseo_notices":[],"_links":{"self":[{"href":"https:\/\/wtdc.com\/es\/wp-json\/wp\/v2\/pages\/2749","targetHints":{"allow":["GET"]}}],"collection":[{"href":"https:\/\/wtdc.com\/es\/wp-json\/wp\/v2\/pages"}],"about":[{"href":"https:\/\/wtdc.com\/es\/wp-json\/wp\/v2\/types\/page"}],"author":[{"embeddable":true,"href":"https:\/\/wtdc.com\/es\/wp-json\/wp\/v2\/users\/3"}],"replies":[{"embeddable":true,"href":"https:\/\/wtdc.com\/es\/wp-json\/wp\/v2\/comments?post=2749"}],"version-history":[{"count":7,"href":"https:\/\/wtdc.com\/es\/wp-json\/wp\/v2\/pages\/2749\/revisions"}],"predecessor-version":[{"id":2505963,"href":"https:\/\/wtdc.com\/es\/wp-json\/wp\/v2\/pages\/2749\/revisions\/2505963"}],"wp:attachment":[{"href":"https:\/\/wtdc.com\/es\/wp-json\/wp\/v2\/media?parent=2749"}],"curies":[{"name":"wp","href":"https:\/\/api.w.org\/{rel}","templated":true}]}}