{"id":2755,"date":"2021-07-20T11:18:18","date_gmt":"2021-07-20T11:18:18","guid":{"rendered":"http:\/\/localhost\/wordpress\/preparacion-para-huracanes\/"},"modified":"2024-02-02T15:15:09","modified_gmt":"2024-02-02T15:15:09","slug":"preparacion-para-huracanes","status":"publish","type":"page","link":"https:\/\/wtdc.com\/es\/preparacion-para-huracanes\/","title":{"rendered":"PREPARACI\u00d3N PARA HURACANES"},"content":{"rendered":"\t\t<div data-elementor-type=\"wp-page\" data-elementor-id=\"2755\" class=\"elementor elementor-2755\" data-elementor-post-type=\"page\">\n\t\t\t\t<div class=\"elementor-element elementor-element-5b61ae0 ip-banner e-flex e-con-boxed e-con e-parent\" data-id=\"5b61ae0\" data-element_type=\"container\" data-settings=\"{&quot;background_background&quot;:&quot;classic&quot;}\">\n\t\t\t\t\t<div class=\"e-con-inner\">\n\t\t\t\t<div class=\"elementor-element elementor-element-207531b elementor-widget elementor-widget-heading\" data-id=\"207531b\" data-element_type=\"widget\" data-widget_type=\"heading.default\">\n\t\t\t\t<div class=\"elementor-widget-container\">\n\t\t\t\t\t<h2 class=\"elementor-heading-title elementor-size-default\">Gu\u00eda de preparaci\u00f3n para huracanes\n<\/h2>\t\t\t\t<\/div>\n\t\t\t\t<\/div>\n\t\t\t\t\t<\/div>\n\t\t\t\t<\/div>\n\t\t<div class=\"elementor-element elementor-element-c6d008e pb-130  e-flex e-con-boxed e-con e-parent\" data-id=\"c6d008e\" data-element_type=\"container\" data-settings=\"{&quot;background_background&quot;:&quot;classic&quot;}\">\n\t\t\t\t\t<div class=\"e-con-inner\">\n\t\t\t\t<div class=\"elementor-element elementor-element-279cbaa tf-35 pt-40 pb-70 elementor-widget elementor-widget-heading\" data-id=\"279cbaa\" data-element_type=\"widget\" data-widget_type=\"heading.default\">\n\t\t\t\t<div class=\"elementor-widget-container\">\n\t\t\t\t\t<h2 class=\"elementor-heading-title elementor-size-default\">\u00bfEST\u00c1S PREPARADO PARA LA TEMPORADA DE HURACANES?\n<\/h2>\t\t\t\t<\/div>\n\t\t\t\t<\/div>\n\t\t\t\t<div class=\"elementor-element elementor-element-55f1696 elementor-widget elementor-widget-heading\" data-id=\"55f1696\" data-element_type=\"widget\" data-widget_type=\"heading.default\">\n\t\t\t\t<div class=\"elementor-widget-container\">\n\t\t\t\t\t<h3 class=\"elementor-heading-title elementor-size-default\">WTDC ha estado proporcionando log\u00edstica para la temporada de huracanes durante muchos a\u00f1os en el Caribe y Am\u00e9rica Central. WTDC tambi\u00e9n tiene un plan de operaciones en caso de que se acerque un hurac\u00e1n. \u00bfVos si?\n<\/h3>\t\t\t\t<\/div>\n\t\t\t\t<\/div>\n\t\t\t\t<div class=\"elementor-element elementor-element-d518b94 tf-35 pt-60 pb-20 elementor-widget elementor-widget-heading\" data-id=\"d518b94\" data-element_type=\"widget\" data-widget_type=\"heading.default\">\n\t\t\t\t<div class=\"elementor-widget-container\">\n\t\t\t\t\t<h2 class=\"elementor-heading-title elementor-size-default\">CONSEJOS \u00daTILES PARA PROTEGER SU NEGOCIO\n<\/h2>\t\t\t\t<\/div>\n\t\t\t\t<\/div>\n\t\t\t\t<div class=\"elementor-element elementor-element-f68a26e elementor-widget elementor-widget-heading\" data-id=\"f68a26e\" data-element_type=\"widget\" data-widget_type=\"heading.default\">\n\t\t\t\t<div class=\"elementor-widget-container\">\n\t\t\t\t\t<h3 class=\"elementor-heading-title elementor-size-default\">La Divisi\u00f3n de Manejo de Emergencias de Florida afirma que m\u00e1s del 40% de las empresas que cierran debido a los huracanes nunca vuelven a abrir. Este sitio oficial del gobierno ofrece consejos \u00fatiles sobre c\u00f3mo proteger su negocio, as\u00ed como recursos para asistencia relacionada con huracanes:\n<\/h3>\t\t\t\t<\/div>\n\t\t\t\t<\/div>\n\t\t\t\t<div class=\"elementor-element elementor-element-2949fa1 elementor-icon-list--layout-traditional elementor-list-item-link-full_width elementor-widget elementor-widget-icon-list\" data-id=\"2949fa1\" data-element_type=\"widget\" data-widget_type=\"icon-list.default\">\n\t\t\t\t<div class=\"elementor-widget-container\">\n\t\t\t\t\t\t\t<ul class=\"elementor-icon-list-items\">\n\t\t\t\t\t\t\t<li class=\"elementor-icon-list-item\">\n\t\t\t\t\t\t\t\t\t\t\t<a href=\"http:\/\/www.ready.gov\/business\">\n\n\t\t\t\t\t\t\t\t\t\t\t<span class=\"elementor-icon-list-text\">www.ready.gov\/business<\/span>\n\t\t\t\t\t\t\t\t\t\t\t<\/a>\n\t\t\t\t\t\t\t\t\t<\/li>\n\t\t\t\t\t\t<\/ul>\n\t\t\t\t\t\t<\/div>\n\t\t\t\t<\/div>\n\t\t\t\t\t<\/div>\n\t\t\t\t<\/div>\n\t\t\t\t<\/div>\n\t\t","protected":false},"excerpt":{"rendered":"<p>Gu\u00eda de preparaci\u00f3n para huracanes \u00bfEST\u00c1S PREPARADO PARA LA TEMPORADA DE HURACANES? WTDC ha estado proporcionando log\u00edstica para la temporada de huracanes durante muchos a\u00f1os en el Caribe y Am\u00e9rica Central. WTDC tambi\u00e9n tiene un plan de operaciones en caso de que se acerque un hurac\u00e1n. \u00bfVos si? CONSEJOS \u00daTILES PARA PROTEGER SU NEGOCIO La [&hellip;]<\/p>\n","protected":false},"author":3,"featured_media":0,"parent":0,"menu_order":0,"comment_status":"closed","ping_status":"closed","template":"","meta":{"two_page_speed":[],"footnotes":""},"class_list":["post-2755","page","type-page","status-publish","hentry"],"aioseo_notices":[],"_links":{"self":[{"href":"https:\/\/wtdc.com\/es\/wp-json\/wp\/v2\/pages\/2755","targetHints":{"allow":["GET"]}}],"collection":[{"href":"https:\/\/wtdc.com\/es\/wp-json\/wp\/v2\/pages"}],"about":[{"href":"https:\/\/wtdc.com\/es\/wp-json\/wp\/v2\/types\/page"}],"author":[{"embeddable":true,"href":"https:\/\/wtdc.com\/es\/wp-json\/wp\/v2\/users\/3"}],"replies":[{"embeddable":true,"href":"https:\/\/wtdc.com\/es\/wp-json\/wp\/v2\/comments?post=2755"}],"version-history":[{"count":4,"href":"https:\/\/wtdc.com\/es\/wp-json\/wp\/v2\/pages\/2755\/revisions"}],"predecessor-version":[{"id":2505615,"href":"https:\/\/wtdc.com\/es\/wp-json\/wp\/v2\/pages\/2755\/revisions\/2505615"}],"wp:attachment":[{"href":"https:\/\/wtdc.com\/es\/wp-json\/wp\/v2\/media?parent=2755"}],"curies":[{"name":"wp","href":"https:\/\/api.w.org\/{rel}","templated":true}]}}