{"id":2758,"date":"2021-07-20T11:24:02","date_gmt":"2021-07-20T11:24:02","guid":{"rendered":"http:\/\/localhost\/wordpress\/oportunidades-de-trabajo\/"},"modified":"2024-02-02T15:43:28","modified_gmt":"2024-02-02T15:43:28","slug":"oportunidades-de-trabajo","status":"publish","type":"page","link":"https:\/\/wtdc.com\/es\/oportunidades-de-trabajo\/","title":{"rendered":"Oportunidades de trabajo"},"content":{"rendered":"\t\t<div data-elementor-type=\"wp-page\" data-elementor-id=\"2758\" class=\"elementor elementor-2758\" data-elementor-post-type=\"page\">\n\t\t\t\t<div class=\"elementor-element elementor-element-fb1f1b9 ip-banner e-flex e-con-boxed e-con e-parent\" data-id=\"fb1f1b9\" data-element_type=\"container\" data-settings=\"{&quot;background_background&quot;:&quot;classic&quot;}\">\n\t\t\t\t\t<div class=\"e-con-inner\">\n\t\t\t\t<div class=\"elementor-element elementor-element-ecb0f9e elementor-widget elementor-widget-heading\" data-id=\"ecb0f9e\" data-element_type=\"widget\" data-widget_type=\"heading.default\">\n\t\t\t\t<div class=\"elementor-widget-container\">\n\t\t\t\t\t<h2 class=\"elementor-heading-title elementor-size-default\">Oportunidades de trabajo\n<\/h2>\t\t\t\t<\/div>\n\t\t\t\t<\/div>\n\t\t\t\t\t<\/div>\n\t\t\t\t<\/div>\n\t\t<div class=\"elementor-element elementor-element-03d08d8 pt-40 e-flex e-con-boxed e-con e-parent\" data-id=\"03d08d8\" data-element_type=\"container\" data-settings=\"{&quot;background_background&quot;:&quot;classic&quot;}\">\n\t\t\t\t\t<div class=\"e-con-inner\">\n\t\t\t\t<div class=\"elementor-element elementor-element-75a56eb tf-35 pb-50 elementor-widget elementor-widget-heading\" data-id=\"75a56eb\" data-element_type=\"widget\" data-widget_type=\"heading.default\">\n\t\t\t\t<div class=\"elementor-widget-container\">\n\t\t\t\t\t<h2 class=\"elementor-heading-title elementor-size-default\">APERTURAS ACTUALES\n<\/h2>\t\t\t\t<\/div>\n\t\t\t\t<\/div>\n\t\t\t\t<div class=\"elementor-element elementor-element-8b89035 elementor-widget elementor-widget-heading\" data-id=\"8b89035\" data-element_type=\"widget\" data-widget_type=\"heading.default\">\n\t\t\t\t<div class=\"elementor-widget-container\">\n\t\t\t\t\t<h3 class=\"elementor-heading-title elementor-size-default\">Desafortunadamente, WTDC no est\u00e1 contratando en este momento. Puede enviar un curr\u00edculum con sus credenciales y experiencia laboral para que nuestro departamento de recursos humanos lo mantenga en el archivo. Los curr\u00edculums y cartas de presentaci\u00f3n se pueden enviar a info@wtdc.com.\n<\/h3>\t\t\t\t<\/div>\n\t\t\t\t<\/div>\n\t\t\t\t\t<\/div>\n\t\t\t\t<\/div>\n\t\t<div class=\"elementor-element elementor-element-8f3456f ptb-20 e-flex e-con-boxed e-con e-parent\" data-id=\"8f3456f\" data-element_type=\"container\" data-settings=\"{&quot;background_background&quot;:&quot;classic&quot;}\">\n\t\t\t\t\t<div class=\"e-con-inner\">\n\t\t\t\t<div class=\"elementor-element elementor-element-8cbe87c tf-35 ptb-30 elementor-widget elementor-widget-heading\" data-id=\"8cbe87c\" data-element_type=\"widget\" data-widget_type=\"heading.default\">\n\t\t\t\t<div class=\"elementor-widget-container\">\n\t\t\t\t\t<h2 class=\"elementor-heading-title elementor-size-default\">AGENTE DE VENTAS INDEPENDIENTE\n<\/h2>\t\t\t\t<\/div>\n\t\t\t\t<\/div>\n\t\t\t\t<div class=\"elementor-element elementor-element-50908bb elementor-widget elementor-widget-heading\" data-id=\"50908bb\" data-element_type=\"widget\" data-widget_type=\"heading.default\">\n\t\t\t\t<div class=\"elementor-widget-container\">\n\t\t\t\t\t<h3 class=\"elementor-heading-title elementor-size-default\">Si est\u00e1 buscando ingresos adicionales y tiene un conocimiento profundo de un sector industrial espec\u00edfico (repuestos de aviones, indumentaria, autopartes, qu\u00edmicos, cigarrillos, comercio electr\u00f3nico, muebles, suministros para hosteler\u00eda, licores, instrumentos m\u00e9dicos, calzado, etc.), entonces esta es la posici\u00f3n para ti.\n<\/h3>\t\t\t\t<\/div>\n\t\t\t\t<\/div>\n\t\t\t\t<div class=\"elementor-element elementor-element-1eb3890 elementor-widget elementor-widget-heading\" data-id=\"1eb3890\" data-element_type=\"widget\" data-widget_type=\"heading.default\">\n\t\t\t\t<div class=\"elementor-widget-container\">\n\t\t\t\t\t<h3 class=\"elementor-heading-title elementor-size-default\">Como agente de ventas independiente, ser\u00e1 responsable de encontrar nuevas oportunidades comerciales para la empresa, hacer crecer y mantener una lista de cuentas y asegurar nuevos negocios. Los agentes actualizar\u00e1n de forma remota al personal de ventas con posibles clientes potenciales y realizar\u00e1n un seguimiento de los clientes potenciales proporcionados por WTDC.<\/h3>\t\t\t\t<\/div>\n\t\t\t\t<\/div>\n\t\t\t\t<div class=\"elementor-element elementor-element-b0f4938 elementor-widget elementor-widget-heading\" data-id=\"b0f4938\" data-element_type=\"widget\" data-widget_type=\"heading.default\">\n\t\t\t\t<div class=\"elementor-widget-container\">\n\t\t\t\t\t<h3 class=\"elementor-heading-title elementor-size-default\">El candidato ideal es organizado y motivado; alguien con una conexi\u00f3n y experiencia espec\u00edficas en la industria.\n<\/h3>\t\t\t\t<\/div>\n\t\t\t\t<\/div>\n\t\t\t\t\t<\/div>\n\t\t\t\t<\/div>\n\t\t<div class=\"elementor-element elementor-element-bfb0ed9 pt-20 pb-100 e-flex e-con-boxed e-con e-parent\" data-id=\"bfb0ed9\" data-element_type=\"container\" data-settings=\"{&quot;background_background&quot;:&quot;classic&quot;}\">\n\t\t\t\t\t<div class=\"e-con-inner\">\n\t\t\t\t<div class=\"elementor-element elementor-element-36da9c9 tf-35 ptb-30 elementor-widget elementor-widget-heading\" data-id=\"36da9c9\" data-element_type=\"widget\" data-widget_type=\"heading.default\">\n\t\t\t\t<div class=\"elementor-widget-container\">\n\t\t\t\t\t<h2 class=\"elementor-heading-title elementor-size-default\">Informaci\u00f3n salarial\n<\/h2>\t\t\t\t<\/div>\n\t\t\t\t<\/div>\n\t\t\t\t<div class=\"elementor-element elementor-element-6fc17dd elementor-widget elementor-widget-heading\" data-id=\"6fc17dd\" data-element_type=\"widget\" data-widget_type=\"heading.default\">\n\t\t\t\t<div class=\"elementor-widget-container\">\n\t\t\t\t\t<h3 class=\"elementor-heading-title elementor-size-default\">Esta es una oportunidad basada en comisiones. Como tal, obtendr\u00e1 lo que invierta. Los agentes de ventas ganan un porcentaje de cualquier negocio nuevo que traigan a WTDC. Esto puede convertirse en una excelente fuente de ingresos recurrentes para alguien con las conexiones adecuadas.\n<\/h3>\t\t\t\t<\/div>\n\t\t\t\t<\/div>\n\t\t\t\t\t<\/div>\n\t\t\t\t<\/div>\n\t\t\t\t<\/div>\n\t\t","protected":false},"excerpt":{"rendered":"<p>Oportunidades de trabajo APERTURAS ACTUALES Desafortunadamente, WTDC no est\u00e1 contratando en este momento. Puede enviar un curr\u00edculum con sus credenciales y experiencia laboral para que nuestro departamento de recursos humanos lo mantenga en el archivo. Los curr\u00edculums y cartas de presentaci\u00f3n se pueden enviar a info@wtdc.com. AGENTE DE VENTAS INDEPENDIENTE Si est\u00e1 buscando ingresos adicionales [&hellip;]<\/p>\n","protected":false},"author":3,"featured_media":0,"parent":0,"menu_order":0,"comment_status":"closed","ping_status":"closed","template":"","meta":{"two_page_speed":[],"footnotes":""},"class_list":["post-2758","page","type-page","status-publish","hentry"],"aioseo_notices":[],"_links":{"self":[{"href":"https:\/\/wtdc.com\/es\/wp-json\/wp\/v2\/pages\/2758","targetHints":{"allow":["GET"]}}],"collection":[{"href":"https:\/\/wtdc.com\/es\/wp-json\/wp\/v2\/pages"}],"about":[{"href":"https:\/\/wtdc.com\/es\/wp-json\/wp\/v2\/types\/page"}],"author":[{"embeddable":true,"href":"https:\/\/wtdc.com\/es\/wp-json\/wp\/v2\/users\/3"}],"replies":[{"embeddable":true,"href":"https:\/\/wtdc.com\/es\/wp-json\/wp\/v2\/comments?post=2758"}],"version-history":[{"count":4,"href":"https:\/\/wtdc.com\/es\/wp-json\/wp\/v2\/pages\/2758\/revisions"}],"predecessor-version":[{"id":2505635,"href":"https:\/\/wtdc.com\/es\/wp-json\/wp\/v2\/pages\/2758\/revisions\/2505635"}],"wp:attachment":[{"href":"https:\/\/wtdc.com\/es\/wp-json\/wp\/v2\/media?parent=2758"}],"curies":[{"name":"wp","href":"https:\/\/api.w.org\/{rel}","templated":true}]}}