{"id":2761,"date":"2021-07-20T11:33:50","date_gmt":"2021-07-20T11:33:50","guid":{"rendered":"http:\/\/localhost\/wordpress\/espacio-de-oficina\/"},"modified":"2024-02-02T15:47:18","modified_gmt":"2024-02-02T15:47:18","slug":"espacio-de-oficina","status":"publish","type":"page","link":"https:\/\/wtdc.com\/es\/espacio-de-oficina\/","title":{"rendered":"ESPACIO DE OFICINA"},"content":{"rendered":"\t\t<div data-elementor-type=\"wp-page\" data-elementor-id=\"2761\" class=\"elementor elementor-2761\" data-elementor-post-type=\"page\">\n\t\t\t\t<div class=\"elementor-element elementor-element-2082e68 ip-banner e-flex e-con-boxed e-con e-parent\" data-id=\"2082e68\" data-element_type=\"container\" data-settings=\"{&quot;background_background&quot;:&quot;classic&quot;}\">\n\t\t\t\t\t<div class=\"e-con-inner\">\n\t\t\t\t<div class=\"elementor-element elementor-element-98cf8c5 elementor-widget elementor-widget-heading\" data-id=\"98cf8c5\" data-element_type=\"widget\" data-widget_type=\"heading.default\">\n\t\t\t\t<div class=\"elementor-widget-container\">\n\t\t\t\t\t<h2 class=\"elementor-heading-title elementor-size-default\">Espacio de oficina\n<\/h2>\t\t\t\t<\/div>\n\t\t\t\t<\/div>\n\t\t\t\t\t<\/div>\n\t\t\t\t<\/div>\n\t\t<div class=\"elementor-element elementor-element-9ac96a4 pt-30 pb-70 e-flex e-con-boxed e-con e-parent\" data-id=\"9ac96a4\" data-element_type=\"container\" data-settings=\"{&quot;background_background&quot;:&quot;classic&quot;}\">\n\t\t\t\t\t<div class=\"e-con-inner\">\n\t\t\t\t<div class=\"elementor-element elementor-element-a5f7e83 elementor-widget elementor-widget-heading\" data-id=\"a5f7e83\" data-element_type=\"widget\" data-widget_type=\"heading.default\">\n\t\t\t\t<div class=\"elementor-widget-container\">\n\t\t\t\t\t<h3 class=\"elementor-heading-title elementor-size-default\">Tambi\u00e9n puede estar cerca de su carga alquilando una oficina en WTDC. Tenemos diferentes tama\u00f1os de oficinas que var\u00edan en tama\u00f1o desde 150 pies cuadrados hasta 2000 pies cuadrados. Esto nos permite brindar infraestructura tanto a peque\u00f1as empresas como a corporaciones m\u00e1s grandes.\n<\/h3>\t\t\t\t<\/div>\n\t\t\t\t<\/div>\n\t\t\t\t<div class=\"elementor-element elementor-element-7768769 tf-35 pb-30 pt-60 elementor-widget elementor-widget-heading\" data-id=\"7768769\" data-element_type=\"widget\" data-widget_type=\"heading.default\">\n\t\t\t\t<div class=\"elementor-widget-container\">\n\t\t\t\t\t<h2 class=\"elementor-heading-title elementor-size-default\">Algunos de nuestros inquilinos son:\n<\/h2>\t\t\t\t<\/div>\n\t\t\t\t<\/div>\n\t\t\t\t<div class=\"elementor-element elementor-element-71caeb4 elementor-icon-list--layout-traditional elementor-list-item-link-full_width elementor-widget elementor-widget-icon-list\" data-id=\"71caeb4\" data-element_type=\"widget\" data-widget_type=\"icon-list.default\">\n\t\t\t\t<div class=\"elementor-widget-container\">\n\t\t\t\t\t\t\t<ul class=\"elementor-icon-list-items\">\n\t\t\t\t\t\t\t<li class=\"elementor-icon-list-item\">\n\t\t\t\t\t\t\t\t\t\t\t<span class=\"elementor-icon-list-icon\">\n\t\t\t\t\t\t\t<i aria-hidden=\"true\" class=\"fas fa-circle\"><\/i>\t\t\t\t\t\t<\/span>\n\t\t\t\t\t\t\t\t\t\t<span class=\"elementor-icon-list-text\">Agentes de aduanas<\/span>\n\t\t\t\t\t\t\t\t\t<\/li>\n\t\t\t\t\t\t\t\t<li class=\"elementor-icon-list-item\">\n\t\t\t\t\t\t\t\t\t\t\t<span class=\"elementor-icon-list-icon\">\n\t\t\t\t\t\t\t<i aria-hidden=\"true\" class=\"fas fa-circle\"><\/i>\t\t\t\t\t\t<\/span>\n\t\t\t\t\t\t\t\t\t\t<span class=\"elementor-icon-list-text\">Empresas distribuidoras<\/span>\n\t\t\t\t\t\t\t\t\t<\/li>\n\t\t\t\t\t\t\t\t<li class=\"elementor-icon-list-item\">\n\t\t\t\t\t\t\t\t\t\t\t<span class=\"elementor-icon-list-icon\">\n\t\t\t\t\t\t\t<i aria-hidden=\"true\" class=\"fas fa-circle\"><\/i>\t\t\t\t\t\t<\/span>\n\t\t\t\t\t\t\t\t\t\t<span class=\"elementor-icon-list-text\">Agentes de carga<\/span>\n\t\t\t\t\t\t\t\t\t<\/li>\n\t\t\t\t\t\t\t\t<li class=\"elementor-icon-list-item\">\n\t\t\t\t\t\t\t\t\t\t\t<span class=\"elementor-icon-list-icon\">\n\t\t\t\t\t\t\t<i aria-hidden=\"true\" class=\"fas fa-circle\"><\/i>\t\t\t\t\t\t<\/span>\n\t\t\t\t\t\t\t\t\t\t<span class=\"elementor-icon-list-text\">Empresas de importaci\u00f3n \/ exportaci\u00f3n<\/span>\n\t\t\t\t\t\t\t\t\t<\/li>\n\t\t\t\t\t\t\t\t<li class=\"elementor-icon-list-item\">\n\t\t\t\t\t\t\t\t\t\t\t<span class=\"elementor-icon-list-icon\">\n\t\t\t\t\t\t\t<i aria-hidden=\"true\" class=\"fas fa-circle\"><\/i>\t\t\t\t\t\t<\/span>\n\t\t\t\t\t\t\t\t\t\t<span class=\"elementor-icon-list-text\">Corredores inmobiliarios e hipotecarios<\/span>\n\t\t\t\t\t\t\t\t\t<\/li>\n\t\t\t\t\t\t\t\t<li class=\"elementor-icon-list-item\">\n\t\t\t\t\t\t\t\t\t\t\t<span class=\"elementor-icon-list-icon\">\n\t\t\t\t\t\t\t<i aria-hidden=\"true\" class=\"fas fa-circle\"><\/i>\t\t\t\t\t\t<\/span>\n\t\t\t\t\t\t\t\t\t\t<span class=\"elementor-icon-list-text\">Compan\u00edas comerciales<\/span>\n\t\t\t\t\t\t\t\t\t<\/li>\n\t\t\t\t\t\t\t\t<li class=\"elementor-icon-list-item\">\n\t\t\t\t\t\t\t\t\t\t\t<span class=\"elementor-icon-list-icon\">\n\t\t\t\t\t\t\t<i aria-hidden=\"true\" class=\"fas fa-circle\"><\/i>\t\t\t\t\t\t<\/span>\n\t\t\t\t\t\t\t\t\t\t<span class=\"elementor-icon-list-text\">Empresas de electr\u00f3nica<\/span>\n\t\t\t\t\t\t\t\t\t<\/li>\n\t\t\t\t\t\t<\/ul>\n\t\t\t\t\t\t<\/div>\n\t\t\t\t<\/div>\n\t\t\t\t<div class=\"elementor-element elementor-element-6c1e92d pt-50 elementor-widget elementor-widget-heading\" data-id=\"6c1e92d\" data-element_type=\"widget\" data-widget_type=\"heading.default\">\n\t\t\t\t<div class=\"elementor-widget-container\">\n\t\t\t\t\t<h3 class=\"elementor-heading-title elementor-size-default\">Para los clientes interesados \u200b\u200ben los servicios de almacenamiento y transporte con WTDC, mantener una oficina en WTDC es un escenario ideal. Tenga en cuenta que los arrendamientos en WTDC y el almacenamiento se administran por separado. WTDC requiere un m\u00ednimo de almacenamiento mensual de $ 1000.00 para todas las cuentas.\n<\/h3>\t\t\t\t<\/div>\n\t\t\t\t<\/div>\n\t\t\t\t\t<\/div>\n\t\t\t\t<\/div>\n\t\t<div class=\"elementor-element elementor-element-c7f44d1 pt-50 pb-90 e-flex e-con-boxed e-con e-parent\" data-id=\"c7f44d1\" data-element_type=\"container\" data-settings=\"{&quot;background_background&quot;:&quot;classic&quot;}\">\n\t\t\t\t\t<div class=\"e-con-inner\">\n\t\t<div class=\"elementor-element elementor-element-933c9a7 e-con-full e-flex e-con e-child\" data-id=\"933c9a7\" data-element_type=\"container\">\n\t\t\t\t<div class=\"elementor-element elementor-element-7153404 tf-35 elementor-widget elementor-widget-heading\" data-id=\"7153404\" data-element_type=\"widget\" data-widget_type=\"heading.default\">\n\t\t\t\t<div class=\"elementor-widget-container\">\n\t\t\t\t\t<h2 class=\"elementor-heading-title elementor-size-default\">ARTE EN EL LUGAR DE TRABAJO\n<\/h2>\t\t\t\t<\/div>\n\t\t\t\t<\/div>\n\t\t\t\t<div class=\"elementor-element elementor-element-24be4f8 elementor-widget elementor-widget-heading\" data-id=\"24be4f8\" data-element_type=\"widget\" data-widget_type=\"heading.default\">\n\t\t\t\t<div class=\"elementor-widget-container\">\n\t\t\t\t\t<h2 class=\"elementor-heading-title elementor-size-default\">ARQUERO ARDILLADO, EJ\u00c9RCITO DE TERRACOTA DE XI\u2019AN\n<\/h2>\t\t\t\t<\/div>\n\t\t\t\t<\/div>\n\t\t\t\t<div class=\"elementor-element elementor-element-e92ebb7 elementor-widget elementor-widget-text-editor\" data-id=\"e92ebb7\" data-element_type=\"widget\" data-widget_type=\"text-editor.default\">\n\t\t\t\t<div class=\"elementor-widget-container\">\n\t\t\t\t\t\t\t\t\t<div class=\"is-layout-flow wp-block-column is-vertically-aligned-center\">\n<div class=\"is-layout-flow wp-block-column is-vertically-aligned-center\">\n<p>Ubicado en el lobby de WTDC se encuentra el Arquero arrodillado. El arquero arrodillado era parte del ej\u00e9rcito de terracota encargado por Qin Shi Huang, el primer emperador de China. La producci\u00f3n de este ej\u00e9rcito para el m\u00e1s all\u00e1 comenz\u00f3 alrededor del 246 a. C., cuando Qin Shi Huang era apenas un adolescente. Ciento sesenta arqueros arrodillados y miles de otros soldados de arcilla a gran escala fueron desenterrados en las afueras de Xi\u2019an en la d\u00e9cada de 1970. El Sr. Gazitua y su familia compraron esta r\u00e9plica mientras estaban en una misi\u00f3n comercial a China. Estaba hecho de la misma arcilla local que el Ej\u00e9rcito de Terracota original.<\/p>\n<\/div>\n<div class=\"is-layout-flow wp-block-column is-vertically-aligned-center\">\n<div class=\"wp-block-image\">\u00a0<\/div>\n<\/div>\n<\/div>\n<div class=\"is-layout-flow wp-block-column is-vertically-aligned-center\">\n<div class=\"wp-block-image\">\u00a0<\/div>\n<\/div>\t\t\t\t\t\t\t\t<\/div>\n\t\t\t\t<\/div>\n\t\t\t\t<\/div>\n\t\t<div class=\"elementor-element elementor-element-d06afe3 e-con-full e-flex e-con e-child\" data-id=\"d06afe3\" data-element_type=\"container\">\n\t\t\t\t<div class=\"elementor-element elementor-element-86d1c17 elementor-widget elementor-widget-image\" data-id=\"86d1c17\" data-element_type=\"widget\" data-widget_type=\"image.default\">\n\t\t\t\t<div class=\"elementor-widget-container\">\n\t\t\t\t\t\t\t\t\t\t\t\t\t\t\t<img fetchpriority=\"high\" decoding=\"async\" width=\"487\" height=\"975\" src=\"https:\/\/wtdc.com\/wp-content\/uploads\/2024\/01\/air-col.png\" class=\"attachment-full size-full wp-image-2006396\" alt=\"\" srcset=\"https:\/\/wtdc.com\/wp-content\/uploads\/2024\/01\/air-col.png 487w, https:\/\/wtdc.com\/wp-content\/uploads\/2024\/01\/air-col-150x300.png 150w\" sizes=\"(max-width: 487px) 100vw, 487px\" \/>\t\t\t\t\t\t\t\t\t\t\t\t\t\t\t<\/div>\n\t\t\t\t<\/div>\n\t\t\t\t<\/div>\n\t\t\t\t\t<\/div>\n\t\t\t\t<\/div>\n\t\t\t\t<\/div>\n\t\t","protected":false},"excerpt":{"rendered":"<p>Espacio de oficina Tambi\u00e9n puede estar cerca de su carga alquilando una oficina en WTDC. Tenemos diferentes tama\u00f1os de oficinas que var\u00edan en tama\u00f1o desde 150 pies cuadrados hasta 2000 pies cuadrados. Esto nos permite brindar infraestructura tanto a peque\u00f1as empresas como a corporaciones m\u00e1s grandes. Algunos de nuestros inquilinos son: Agentes de aduanas Empresas [&hellip;]<\/p>\n","protected":false},"author":3,"featured_media":0,"parent":0,"menu_order":0,"comment_status":"closed","ping_status":"closed","template":"","meta":{"two_page_speed":[],"footnotes":""},"class_list":["post-2761","page","type-page","status-publish","hentry"],"aioseo_notices":[],"_links":{"self":[{"href":"https:\/\/wtdc.com\/es\/wp-json\/wp\/v2\/pages\/2761","targetHints":{"allow":["GET"]}}],"collection":[{"href":"https:\/\/wtdc.com\/es\/wp-json\/wp\/v2\/pages"}],"about":[{"href":"https:\/\/wtdc.com\/es\/wp-json\/wp\/v2\/types\/page"}],"author":[{"embeddable":true,"href":"https:\/\/wtdc.com\/es\/wp-json\/wp\/v2\/users\/3"}],"replies":[{"embeddable":true,"href":"https:\/\/wtdc.com\/es\/wp-json\/wp\/v2\/comments?post=2761"}],"version-history":[{"count":4,"href":"https:\/\/wtdc.com\/es\/wp-json\/wp\/v2\/pages\/2761\/revisions"}],"predecessor-version":[{"id":2505638,"href":"https:\/\/wtdc.com\/es\/wp-json\/wp\/v2\/pages\/2761\/revisions\/2505638"}],"wp:attachment":[{"href":"https:\/\/wtdc.com\/es\/wp-json\/wp\/v2\/media?parent=2761"}],"curies":[{"name":"wp","href":"https:\/\/api.w.org\/{rel}","templated":true}]}}