{"id":2764,"date":"2021-07-20T11:48:42","date_gmt":"2021-07-20T11:48:42","guid":{"rendered":"http:\/\/localhost\/wordpress\/socios\/"},"modified":"2024-02-02T16:01:03","modified_gmt":"2024-02-02T16:01:03","slug":"socios","status":"publish","type":"page","link":"https:\/\/wtdc.com\/es\/socios\/","title":{"rendered":"SOCIOS"},"content":{"rendered":"\t\t<div data-elementor-type=\"wp-page\" data-elementor-id=\"2764\" class=\"elementor elementor-2764\" data-elementor-post-type=\"page\">\n\t\t\t\t<div class=\"elementor-element elementor-element-a6ab629 ip-banner e-flex e-con-boxed e-con e-parent\" data-id=\"a6ab629\" data-element_type=\"container\" data-settings=\"{&quot;background_background&quot;:&quot;classic&quot;}\">\n\t\t\t\t\t<div class=\"e-con-inner\">\n\t\t\t\t<div class=\"elementor-element elementor-element-16a1ca0 elementor-widget elementor-widget-heading\" data-id=\"16a1ca0\" data-element_type=\"widget\" data-widget_type=\"heading.default\">\n\t\t\t\t<div class=\"elementor-widget-container\">\n\t\t\t\t\t<h2 class=\"elementor-heading-title elementor-size-default\">Socios y alianzas\n<\/h2>\t\t\t\t<\/div>\n\t\t\t\t<\/div>\n\t\t\t\t\t<\/div>\n\t\t\t\t<\/div>\n\t\t<div class=\"elementor-element elementor-element-5bc5792 pt-50 pb-100 e-flex e-con-boxed e-con e-parent\" data-id=\"5bc5792\" data-element_type=\"container\" data-settings=\"{&quot;background_background&quot;:&quot;classic&quot;}\">\n\t\t\t\t\t<div class=\"e-con-inner\">\n\t\t\t\t<div class=\"elementor-element elementor-element-e586eec tf-35 pb-100 pt-50 elementor-widget elementor-widget-heading\" data-id=\"e586eec\" data-element_type=\"widget\" data-widget_type=\"heading.default\">\n\t\t\t\t<div class=\"elementor-widget-container\">\n\t\t\t\t\t<h2 class=\"elementor-heading-title elementor-size-default\">ASOCIACIONES Y SOCIOS\n<\/h2>\t\t\t\t<\/div>\n\t\t\t\t<\/div>\n\t\t<div class=\"elementor-element elementor-element-dc7728c e-flex e-con-boxed e-con e-child\" data-id=\"dc7728c\" data-element_type=\"container\">\n\t\t\t\t\t<div class=\"e-con-inner\">\n\t\t<div class=\"elementor-element elementor-element-49aa6ae e-flex e-con-boxed e-con e-child\" data-id=\"49aa6ae\" data-element_type=\"container\">\n\t\t\t\t\t<div class=\"e-con-inner\">\n\t\t\t\t<div class=\"elementor-element elementor-element-5b25a39 elementor-widget elementor-widget-image\" data-id=\"5b25a39\" data-element_type=\"widget\" data-widget_type=\"image.default\">\n\t\t\t\t<div class=\"elementor-widget-container\">\n\t\t\t\t\t\t\t\t\t\t\t\t\t\t\t\t<a href=\"https:\/\/www.awilogistics.com\/\">\n\t\t\t\t\t\t\t<img decoding=\"async\" width=\"218\" height=\"103\" src=\"https:\/\/wtdc.com\/wp-content\/uploads\/2024\/01\/WTDC-awi-logo-1.png\" class=\"attachment-full size-full wp-image-2006570\" alt=\"\" \/>\t\t\t\t\t\t\t\t<\/a>\n\t\t\t\t\t\t\t\t\t\t\t\t\t\t\t<\/div>\n\t\t\t\t<\/div>\n\t\t\t\t\t<\/div>\n\t\t\t\t<\/div>\n\t\t<div class=\"elementor-element elementor-element-05dee42 e-flex e-con-boxed e-con e-child\" data-id=\"05dee42\" data-element_type=\"container\">\n\t\t\t\t\t<div class=\"e-con-inner\">\n\t\t\t\t<div class=\"elementor-element elementor-element-2a4708e elementor-widget elementor-widget-image\" data-id=\"2a4708e\" data-element_type=\"widget\" data-widget_type=\"image.default\">\n\t\t\t\t<div class=\"elementor-widget-container\">\n\t\t\t\t\t\t\t\t\t\t\t\t\t\t\t\t<a href=\"https:\/\/www.wcaworld.com\/Landing\">\n\t\t\t\t\t\t\t<img decoding=\"async\" width=\"275\" height=\"173\" src=\"https:\/\/wtdc.com\/wp-content\/uploads\/2024\/01\/partners-wca.png\" class=\"attachment-full size-full wp-image-2006572\" alt=\"\" \/>\t\t\t\t\t\t\t\t<\/a>\n\t\t\t\t\t\t\t\t\t\t\t\t\t\t\t<\/div>\n\t\t\t\t<\/div>\n\t\t\t\t\t<\/div>\n\t\t\t\t<\/div>\n\t\t<div class=\"elementor-element elementor-element-051ede5 e-flex e-con-boxed e-con e-child\" data-id=\"051ede5\" data-element_type=\"container\">\n\t\t\t\t\t<div class=\"e-con-inner\">\n\t\t\t\t<div class=\"elementor-element elementor-element-c1ff1bd elementor-widget elementor-widget-image\" data-id=\"c1ff1bd\" data-element_type=\"widget\" data-widget_type=\"image.default\">\n\t\t\t\t<div class=\"elementor-widget-container\">\n\t\t\t\t\t\t\t\t\t\t\t\t\t\t\t\t<a href=\"https:\/\/www.iata.org\/c-tpa\">\n\t\t\t\t\t\t\t<img decoding=\"async\" width=\"269\" height=\"173\" src=\"https:\/\/wtdc.com\/wp-content\/uploads\/2024\/01\/IATA_Logo.svg_.png\" class=\"attachment-full size-full wp-image-2006574\" alt=\"\" \/>\t\t\t\t\t\t\t\t<\/a>\n\t\t\t\t\t\t\t\t\t\t\t\t\t\t\t<\/div>\n\t\t\t\t<\/div>\n\t\t\t\t\t<\/div>\n\t\t\t\t<\/div>\n\t\t\t\t\t<\/div>\n\t\t\t\t<\/div>\n\t\t\t\t\t<\/div>\n\t\t\t\t<\/div>\n\t\t<div class=\"elementor-element elementor-element-b342147 ptb-50 e-flex e-con-boxed e-con e-parent\" data-id=\"b342147\" data-element_type=\"container\" data-settings=\"{&quot;background_background&quot;:&quot;classic&quot;}\">\n\t\t\t\t\t<div class=\"e-con-inner\">\n\t\t\t\t<div class=\"elementor-element elementor-element-1500e3d elementor-widget elementor-widget-heading\" data-id=\"1500e3d\" data-element_type=\"widget\" data-widget_type=\"heading.default\">\n\t\t\t\t<div class=\"elementor-widget-container\">\n\t\t\t\t\t<h3 class=\"elementor-heading-title elementor-size-default\"><a href=\"https:\/\/www.uschamber.com\/amcham\">C\u00e1maras de Comercio Estadounidenses en el Extranjero (AmChams)<\/a><\/h3>\t\t\t\t<\/div>\n\t\t\t\t<\/div>\n\t\t\t\t<div class=\"elementor-element elementor-element-d4a95ae elementor-widget elementor-widget-heading\" data-id=\"d4a95ae\" data-element_type=\"widget\" data-widget_type=\"heading.default\">\n\t\t\t\t<div class=\"elementor-widget-container\">\n\t\t\t\t\t<h3 class=\"elementor-heading-title elementor-size-default\"><a href=\"https:\/\/www.worldtrade.org\/\">World Trade Center de Miami<\/a><\/h3>\t\t\t\t<\/div>\n\t\t\t\t<\/div>\n\t\t\t\t<div class=\"elementor-element elementor-element-3bc539f elementor-widget elementor-widget-heading\" data-id=\"3bc539f\" data-element_type=\"widget\" data-widget_type=\"heading.default\">\n\t\t\t\t<div class=\"elementor-widget-container\">\n\t\t\t\t\t<h3 class=\"elementor-heading-title elementor-size-default\"><a href=\"https:\/\/www.brazilchamber.org\/\">C\u00e1mara de Comercio Brasile\u00f1o Americana<\/a><\/h3>\t\t\t\t<\/div>\n\t\t\t\t<\/div>\n\t\t\t\t<div class=\"elementor-element elementor-element-3cef47a elementor-widget elementor-widget-heading\" data-id=\"3cef47a\" data-element_type=\"widget\" data-widget_type=\"heading.default\">\n\t\t\t\t<div class=\"elementor-widget-container\">\n\t\t\t\t\t<h3 class=\"elementor-heading-title elementor-size-default\"><a href=\"https:\/\/ww2.fcbf.com\/\">Asociaci\u00f3n de Agentes de Aduanas y Transitarios de Florida (FCBF)<\/a><\/h3>\t\t\t\t<\/div>\n\t\t\t\t<\/div>\n\t\t\t\t\t<\/div>\n\t\t\t\t<\/div>\n\t\t<div class=\"elementor-element elementor-element-1228daa ptb-50 e-flex e-con-boxed e-con e-parent\" data-id=\"1228daa\" data-element_type=\"container\">\n\t\t\t\t\t<div class=\"e-con-inner\">\n\t\t\t\t<div class=\"elementor-element elementor-element-19c9c15 tf-35 ptb-60 elementor-widget elementor-widget-heading\" data-id=\"19c9c15\" data-element_type=\"widget\" data-widget_type=\"heading.default\">\n\t\t\t\t<div class=\"elementor-widget-container\">\n\t\t\t\t\t<h2 class=\"elementor-heading-title elementor-size-default\">AGENCIAS GUBERNAMENTALES\n<\/h2>\t\t\t\t<\/div>\n\t\t\t\t<\/div>\n\t\t\t\t<div class=\"elementor-element elementor-element-23f70c5 elementor-widget elementor-widget-heading\" data-id=\"23f70c5\" data-element_type=\"widget\" data-widget_type=\"heading.default\">\n\t\t\t\t<div class=\"elementor-widget-container\">\n\t\t\t\t\t<h3 class=\"elementor-heading-title elementor-size-default\"><a href=\"https:\/\/www.tsa.gov\/for-industry\/cargo-screening-program\">Administraci\u00f3n de seguridad del transporte (TSA)<\/a><\/h3>\t\t\t\t<\/div>\n\t\t\t\t<\/div>\n\t\t\t\t<div class=\"elementor-element elementor-element-f0c7e19 elementor-widget elementor-widget-heading\" data-id=\"f0c7e19\" data-element_type=\"widget\" data-widget_type=\"heading.default\">\n\t\t\t\t<div class=\"elementor-widget-container\">\n\t\t\t\t\t<h3 class=\"elementor-heading-title elementor-size-default\"><a href=\"https:\/\/www.cbp.gov\/\">Protecci\u00f3n de Aduanas y Fronteras de los U.S (CBP)<\/a><\/h3>\t\t\t\t<\/div>\n\t\t\t\t<\/div>\n\t\t\t\t<div class=\"elementor-element elementor-element-2506c3e elementor-widget elementor-widget-heading\" data-id=\"2506c3e\" data-element_type=\"widget\" data-widget_type=\"heading.default\">\n\t\t\t\t<div class=\"elementor-widget-container\">\n\t\t\t\t\t<h3 class=\"elementor-heading-title elementor-size-default\"><a href=\"https:\/\/www.cbp.gov\/border-security\/ports-entry\/cargo-security\/CTPAT\">Asociaci\u00f3n Aduana-Comercial contra el Terrorismo (C-TPAT)<\/a><\/h3>\t\t\t\t<\/div>\n\t\t\t\t<\/div>\n\t\t\t\t<div class=\"elementor-element elementor-element-ac3c42f elementor-widget elementor-widget-heading\" data-id=\"ac3c42f\" data-element_type=\"widget\" data-widget_type=\"heading.default\">\n\t\t\t\t<div class=\"elementor-widget-container\">\n\t\t\t\t\t<h3 class=\"elementor-heading-title elementor-size-default\"><a href=\"https:\/\/www.fda.gov\/\">Administraci\u00f3n de Drogas y Alimentos de los Estados Unidos (FDA)<\/a><\/h3>\t\t\t\t<\/div>\n\t\t\t\t<\/div>\n\t\t\t\t<div class=\"elementor-element elementor-element-bab32a6 elementor-widget elementor-widget-heading\" data-id=\"bab32a6\" data-element_type=\"widget\" data-widget_type=\"heading.default\">\n\t\t\t\t<div class=\"elementor-widget-container\">\n\t\t\t\t\t<h3 class=\"elementor-heading-title elementor-size-default\"><a href=\"https:\/\/wtdc.com\/partners\/\">Departamento de Polic\u00eda de Miami Dade (MDPD)<\/a><\/h3>\t\t\t\t<\/div>\n\t\t\t\t<\/div>\n\t\t\t\t\t<\/div>\n\t\t\t\t<\/div>\n\t\t<div class=\"elementor-element elementor-element-6fcc9be pt-50 pb-100 e-flex e-con-boxed e-con e-parent\" data-id=\"6fcc9be\" data-element_type=\"container\" data-settings=\"{&quot;background_background&quot;:&quot;classic&quot;}\">\n\t\t\t\t\t<div class=\"e-con-inner\">\n\t\t\t\t<div class=\"elementor-element elementor-element-e4e5f75 tf-35 ptb-30 elementor-widget elementor-widget-heading\" data-id=\"e4e5f75\" data-element_type=\"widget\" data-widget_type=\"heading.default\">\n\t\t\t\t<div class=\"elementor-widget-container\">\n\t\t\t\t\t<h2 class=\"elementor-heading-title elementor-size-default\">FERIAS<\/h2>\t\t\t\t<\/div>\n\t\t\t\t<\/div>\n\t\t\t\t<div class=\"elementor-element elementor-element-9e5fe42 elementor-widget elementor-widget-heading\" data-id=\"9e5fe42\" data-element_type=\"widget\" data-widget_type=\"heading.default\">\n\t\t\t\t<div class=\"elementor-widget-container\">\n\t\t\t\t\t<h3 class=\"elementor-heading-title elementor-size-default\"><a href=\"https:\/\/www.supplychainamericas.com\/\">Air Cargo Americas<\/a><\/h3>\t\t\t\t<\/div>\n\t\t\t\t<\/div>\n\t\t\t\t\t<\/div>\n\t\t\t\t<\/div>\n\t\t\t\t<\/div>\n\t\t","protected":false},"excerpt":{"rendered":"<p>Socios y alianzas ASOCIACIONES Y SOCIOS C\u00e1maras de Comercio Estadounidenses en el Extranjero (AmChams) World Trade Center de Miami C\u00e1mara de Comercio Brasile\u00f1o Americana Asociaci\u00f3n de Agentes de Aduanas y Transitarios de Florida (FCBF) AGENCIAS GUBERNAMENTALES Administraci\u00f3n de seguridad del transporte (TSA) Protecci\u00f3n de Aduanas y Fronteras de los U.S (CBP) Asociaci\u00f3n Aduana-Comercial contra el [&hellip;]<\/p>\n","protected":false},"author":3,"featured_media":0,"parent":0,"menu_order":0,"comment_status":"closed","ping_status":"closed","template":"","meta":{"two_page_speed":[],"footnotes":""},"class_list":["post-2764","page","type-page","status-publish","hentry"],"aioseo_notices":[],"_links":{"self":[{"href":"https:\/\/wtdc.com\/es\/wp-json\/wp\/v2\/pages\/2764","targetHints":{"allow":["GET"]}}],"collection":[{"href":"https:\/\/wtdc.com\/es\/wp-json\/wp\/v2\/pages"}],"about":[{"href":"https:\/\/wtdc.com\/es\/wp-json\/wp\/v2\/types\/page"}],"author":[{"embeddable":true,"href":"https:\/\/wtdc.com\/es\/wp-json\/wp\/v2\/users\/3"}],"replies":[{"embeddable":true,"href":"https:\/\/wtdc.com\/es\/wp-json\/wp\/v2\/comments?post=2764"}],"version-history":[{"count":4,"href":"https:\/\/wtdc.com\/es\/wp-json\/wp\/v2\/pages\/2764\/revisions"}],"predecessor-version":[{"id":2505656,"href":"https:\/\/wtdc.com\/es\/wp-json\/wp\/v2\/pages\/2764\/revisions\/2505656"}],"wp:attachment":[{"href":"https:\/\/wtdc.com\/es\/wp-json\/wp\/v2\/media?parent=2764"}],"curies":[{"name":"wp","href":"https:\/\/api.w.org\/{rel}","templated":true}]}}