{"id":2767,"date":"2021-07-20T11:57:25","date_gmt":"2021-07-20T11:57:25","guid":{"rendered":"http:\/\/localhost\/wordpress\/distribucion-brasil\/"},"modified":"2024-02-13T11:02:08","modified_gmt":"2024-02-13T11:02:08","slug":"distribucion-brasil","status":"publish","type":"page","link":"https:\/\/wtdc.com\/es\/distribucion-brasil\/","title":{"rendered":"Distribuci\u00f3n Brasil"},"content":{"rendered":"\t\t<div data-elementor-type=\"wp-page\" data-elementor-id=\"2767\" class=\"elementor elementor-2767\" data-elementor-post-type=\"page\">\n\t\t\t\t<div class=\"elementor-element elementor-element-b6f2ba1 ip-banner e-flex e-con-boxed e-con e-parent\" data-id=\"b6f2ba1\" data-element_type=\"container\" data-settings=\"{&quot;background_background&quot;:&quot;classic&quot;}\">\n\t\t\t\t\t<div class=\"e-con-inner\">\n\t\t\t\t<div class=\"elementor-element elementor-element-19c08bc elementor-widget elementor-widget-heading\" data-id=\"19c08bc\" data-element_type=\"widget\" data-widget_type=\"heading.default\">\n\t\t\t\t<div class=\"elementor-widget-container\">\n\t\t\t\t\t<h2 class=\"elementor-heading-title elementor-size-default\">Log\u00edsticas Brasil-EUA\n<\/h2>\t\t\t\t<\/div>\n\t\t\t\t<\/div>\n\t\t\t\t<div class=\"elementor-element elementor-element-7f70fba elementor-position-left elementor-vertical-align-middle pt-40 elementor-widget elementor-widget-image-box\" data-id=\"7f70fba\" data-element_type=\"widget\" data-widget_type=\"image-box.default\">\n\t\t\t\t<div class=\"elementor-widget-container\">\n\t\t\t\t\t<div class=\"elementor-image-box-wrapper\"><figure class=\"elementor-image-box-img\"><a href=\"\/brazil-distribution\/\" tabindex=\"-1\"><img fetchpriority=\"high\" decoding=\"async\" width=\"1200\" height=\"632\" src=\"https:\/\/wtdc.com\/wp-content\/uploads\/2024\/02\/image-2020-11-16T192916.075.png\" class=\"attachment-full size-full wp-image-2506377\" alt=\"\" srcset=\"https:\/\/wtdc.com\/wp-content\/uploads\/2024\/02\/image-2020-11-16T192916.075.png 1200w, https:\/\/wtdc.com\/wp-content\/uploads\/2024\/02\/image-2020-11-16T192916.075-300x158.png 300w, https:\/\/wtdc.com\/wp-content\/uploads\/2024\/02\/image-2020-11-16T192916.075-1024x539.png 1024w, https:\/\/wtdc.com\/wp-content\/uploads\/2024\/02\/image-2020-11-16T192916.075-768x404.png 768w\" sizes=\"(max-width: 1200px) 100vw, 1200px\" \/><\/a><\/figure><div class=\"elementor-image-box-content\"><h3 class=\"elementor-image-box-title\"><a href=\"\/brazil-distribution\/\">Information In English<\/a><\/h3><\/div><\/div>\t\t\t\t<\/div>\n\t\t\t\t<\/div>\n\t\t\t\t\t<\/div>\n\t\t\t\t<\/div>\n\t\t<div class=\"elementor-element elementor-element-dc25f36 ptb-60 e-flex e-con-boxed e-con e-parent\" data-id=\"dc25f36\" data-element_type=\"container\" data-settings=\"{&quot;background_background&quot;:&quot;classic&quot;}\">\n\t\t\t\t\t<div class=\"e-con-inner\">\n\t\t<div class=\"elementor-element elementor-element-e46c609 e-con-full e-flex e-con e-child\" data-id=\"e46c609\" data-element_type=\"container\">\n\t\t\t\t<div class=\"elementor-element elementor-element-b1a3c91 elementor-widget elementor-widget-text-editor\" data-id=\"b1a3c91\" data-element_type=\"widget\" data-widget_type=\"text-editor.default\">\n\t\t\t\t<div class=\"elementor-widget-container\">\n\t\t\t\t\t\t\t\t\t<div class=\"is-layout-flow wp-block-group brazil-distribution-main inner-wrapper\"><div class=\"wp-block-group__inner-container\"><h3 class=\"has-text-align-center\">Actualmente, Brasil es el mayor socio comercial de Florida, realizando un gran n\u00famero de exportaciones y Importaciones. El crecimiento econ\u00f3mico en Brasil es evidente, y como empresa con amplio conocimiento y experiencia en las \u00e1reas comerciales, corporativas y arancelarias \/ fiscales \u00fanicas de Brasil, estamos listos para ayudar su negocio de todas las formas posibles y necesarias. Sergio Brandao Filho, Negocio de WTDC Gerente de Desarrollo de Brasil Trade Lane, tiene m\u00e1s de 20 a\u00f1os de experiencia en operaciones en Aduana brasile\u00f1a e importaci\u00f3n \/ exportaci\u00f3n. WTDC es un miembro orgulloso de la brasile\u00f1a-americana C\u00e1mara de Comercio de Florida (BACCF)<\/h3><\/div><\/div>\t\t\t\t\t\t\t\t<\/div>\n\t\t\t\t<\/div>\n\t\t\t\t<div class=\"elementor-element elementor-element-63f6aa6 pt-40 elementor-widget elementor-widget-video\" data-id=\"63f6aa6\" data-element_type=\"widget\" data-settings=\"{&quot;youtube_url&quot;:&quot;https:\\\/\\\/www.youtube.com\\\/embed\\\/Nk0ezUMSuJQ&quot;,&quot;loop&quot;:&quot;yes&quot;,&quot;video_type&quot;:&quot;youtube&quot;,&quot;controls&quot;:&quot;yes&quot;}\" data-widget_type=\"video.default\">\n\t\t\t\t<div class=\"elementor-widget-container\">\n\t\t\t\t\t\t\t<div class=\"elementor-wrapper elementor-open-inline\">\n\t\t\t<div class=\"elementor-video\"><\/div>\t\t<\/div>\n\t\t\t\t\t\t<\/div>\n\t\t\t\t<\/div>\n\t\t\t\t<\/div>\n\t\t\t\t\t<\/div>\n\t\t\t\t<\/div>\n\t\t<div class=\"elementor-element elementor-element-0c123cd pt-60 pb-50 e-flex e-con-boxed e-con e-parent\" data-id=\"0c123cd\" data-element_type=\"container\" data-settings=\"{&quot;background_background&quot;:&quot;classic&quot;}\">\n\t\t\t\t\t<div class=\"e-con-inner\">\n\t\t\t\t<div class=\"elementor-element elementor-element-9ebd732 elementor-widget elementor-widget-text-editor\" data-id=\"9ebd732\" data-element_type=\"widget\" data-widget_type=\"text-editor.default\">\n\t\t\t\t<div class=\"elementor-widget-container\">\n\t\t\t\t\t\t\t\t\t<h3 class=\"has-text-align-center\">WTDC es la Zona de Comercio Exterior 281, Sitio 4. Somos una empresa de log\u00edstica que pertenece y es operada por la familia Gazitua desde nuestra fundaci\u00f3n en 1977, que se especializa en distribuci\u00f3n internacional y transporte global. administraci\u00f3n. Brindamos servicios de transporte por carretera, ferrocarril, aire y mar<\/h3><h3>Nuestros servicios incluyen:<\/h3>\t\t\t\t\t\t\t\t<\/div>\n\t\t\t\t<\/div>\n\t\t\t\t<div class=\"elementor-element elementor-element-ec0764f elementor-icon-list--layout-traditional elementor-list-item-link-full_width elementor-widget elementor-widget-icon-list\" data-id=\"ec0764f\" data-element_type=\"widget\" data-widget_type=\"icon-list.default\">\n\t\t\t\t<div class=\"elementor-widget-container\">\n\t\t\t\t\t\t\t<ul class=\"elementor-icon-list-items\">\n\t\t\t\t\t\t\t<li class=\"elementor-icon-list-item\">\n\t\t\t\t\t\t\t\t\t\t\t<span class=\"elementor-icon-list-icon\">\n\t\t\t\t\t\t\t<i aria-hidden=\"true\" class=\"fas fa-circle\"><\/i>\t\t\t\t\t\t<\/span>\n\t\t\t\t\t\t\t\t\t\t<span class=\"elementor-icon-list-text\">Almacenamiento en zona de comercio exterior (FTZ 281-4)<\/span>\n\t\t\t\t\t\t\t\t\t<\/li>\n\t\t\t\t\t\t\t\t<li class=\"elementor-icon-list-item\">\n\t\t\t\t\t\t\t\t\t\t\t<span class=\"elementor-icon-list-icon\">\n\t\t\t\t\t\t\t<i aria-hidden=\"true\" class=\"fas fa-circle\"><\/i>\t\t\t\t\t\t<\/span>\n\t\t\t\t\t\t\t\t\t\t<span class=\"elementor-icon-list-text\">Dep\u00f3sito aduanero en EE. UU.<\/span>\n\t\t\t\t\t\t\t\t\t<\/li>\n\t\t\t\t\t\t\t\t<li class=\"elementor-icon-list-item\">\n\t\t\t\t\t\t\t\t\t\t\t<span class=\"elementor-icon-list-icon\">\n\t\t\t\t\t\t\t<i aria-hidden=\"true\" class=\"fas fa-circle\"><\/i>\t\t\t\t\t\t<\/span>\n\t\t\t\t\t\t\t\t\t\t<span class=\"elementor-icon-list-text\">Estaci\u00f3n de carga de contenedores (CFS)<\/span>\n\t\t\t\t\t\t\t\t\t<\/li>\n\t\t\t\t\t\t\t\t<li class=\"elementor-icon-list-item\">\n\t\t\t\t\t\t\t\t\t\t\t<span class=\"elementor-icon-list-icon\">\n\t\t\t\t\t\t\t<i aria-hidden=\"true\" class=\"fas fa-circle\"><\/i>\t\t\t\t\t\t<\/span>\n\t\t\t\t\t\t\t\t\t\t<span class=\"elementor-icon-list-text\">Control de inventario en l\u00ednea y gesti\u00f3n de transporte<\/span>\n\t\t\t\t\t\t\t\t\t<\/li>\n\t\t\t\t\t\t\t\t<li class=\"elementor-icon-list-item\">\n\t\t\t\t\t\t\t\t\t\t\t<span class=\"elementor-icon-list-icon\">\n\t\t\t\t\t\t\t<i aria-hidden=\"true\" class=\"fas fa-circle\"><\/i>\t\t\t\t\t\t<\/span>\n\t\t\t\t\t\t\t\t\t\t<span class=\"elementor-icon-list-text\">Transporte de carga, FMC con licencia, NVOCC, IATA e IAC<\/span>\n\t\t\t\t\t\t\t\t\t<\/li>\n\t\t\t\t\t\t\t\t<li class=\"elementor-icon-list-item\">\n\t\t\t\t\t\t\t\t\t\t\t<span class=\"elementor-icon-list-icon\">\n\t\t\t\t\t\t\t<i aria-hidden=\"true\" class=\"fas fa-circle\"><\/i>\t\t\t\t\t\t<\/span>\n\t\t\t\t\t\t\t\t\t\t<span class=\"elementor-icon-list-text\">Servicios completos de importaci\u00f3n y exportaci\u00f3n de Air &amp; Sea en losUSA.<\/span>\n\t\t\t\t\t\t\t\t\t<\/li>\n\t\t\t\t\t\t\t\t<li class=\"elementor-icon-list-item\">\n\t\t\t\t\t\t\t\t\t\t\t<span class=\"elementor-icon-list-icon\">\n\t\t\t\t\t\t\t<i aria-hidden=\"true\" class=\"fas fa-circle\"><\/i>\t\t\t\t\t\t<\/span>\n\t\t\t\t\t\t\t\t\t\t<span class=\"elementor-icon-list-text\">Embalaje y embalaje, transporte y carga de veh\u00edculos<\/span>\n\t\t\t\t\t\t\t\t\t<\/li>\n\t\t\t\t\t\t\t\t<li class=\"elementor-icon-list-item\">\n\t\t\t\t\t\t\t\t\t\t\t<span class=\"elementor-icon-list-icon\">\n\t\t\t\t\t\t\t<i aria-hidden=\"true\" class=\"fas fa-circle\"><\/i>\t\t\t\t\t\t<\/span>\n\t\t\t\t\t\t\t\t\t\t<span class=\"elementor-icon-list-text\">Servicios de consultor\u00eda: dep\u00f3sito aduanero, devoluci\u00f3n de impuestos y FDA<\/span>\n\t\t\t\t\t\t\t\t\t<\/li>\n\t\t\t\t\t\t\t\t<li class=\"elementor-icon-list-item\">\n\t\t\t\t\t\t\t\t\t\t\t<span class=\"elementor-icon-list-icon\">\n\t\t\t\t\t\t\t<i aria-hidden=\"true\" class=\"fas fa-circle\"><\/i>\t\t\t\t\t\t<\/span>\n\t\t\t\t\t\t\t\t\t\t<span class=\"elementor-icon-list-text\">Almacenamiento de control de temperatura FTZ<\/span>\n\t\t\t\t\t\t\t\t\t<\/li>\n\t\t\t\t\t\t\t\t<li class=\"elementor-icon-list-item\">\n\t\t\t\t\t\t\t\t\t\t\t<span class=\"elementor-icon-list-icon\">\n\t\t\t\t\t\t\t<i aria-hidden=\"true\" class=\"fas fa-circle\"><\/i>\t\t\t\t\t\t<\/span>\n\t\t\t\t\t\t\t\t\t\t<span class=\"elementor-icon-list-text\">Despacho de aduanas de EE. UU.<\/span>\n\t\t\t\t\t\t\t\t\t<\/li>\n\t\t\t\t\t\t\t\t<li class=\"elementor-icon-list-item\">\n\t\t\t\t\t\t\t\t\t\t\t<span class=\"elementor-icon-list-icon\">\n\t\t\t\t\t\t\t<i aria-hidden=\"true\" class=\"fas fa-circle\"><\/i>\t\t\t\t\t\t<\/span>\n\t\t\t\t\t\t\t\t\t\t<span class=\"elementor-icon-list-text\">Transporte fuera de calibre y a granel<\/span>\n\t\t\t\t\t\t\t\t\t<\/li>\n\t\t\t\t\t\t<\/ul>\n\t\t\t\t\t\t<\/div>\n\t\t\t\t<\/div>\n\t\t\t\t<div class=\"elementor-element elementor-element-b09ea58 pt-50 elementor-widget elementor-widget-image\" data-id=\"b09ea58\" data-element_type=\"widget\" data-widget_type=\"image.default\">\n\t\t\t\t<div class=\"elementor-widget-container\">\n\t\t\t\t\t\t\t\t\t\t\t\t\t\t\t<img decoding=\"async\" width=\"251\" height=\"300\" src=\"https:\/\/wtdc.com\/wp-content\/uploads\/2024\/01\/BACCF-proud-member-seal-251x300-1.png\" class=\"attachment-full size-full wp-image-2005494\" alt=\"\" \/>\t\t\t\t\t\t\t\t\t\t\t\t\t\t\t<\/div>\n\t\t\t\t<\/div>\n\t\t\t\t\t<\/div>\n\t\t\t\t<\/div>\n\t\t<div class=\"elementor-element elementor-element-8b6d09b pb-50 e-flex e-con-boxed e-con e-parent\" data-id=\"8b6d09b\" data-element_type=\"container\">\n\t\t\t\t\t<div class=\"e-con-inner\">\n\t\t\t\t<div class=\"elementor-element elementor-element-d4dbb19 elementor-widget elementor-widget-text-editor\" data-id=\"d4dbb19\" data-element_type=\"widget\" data-widget_type=\"text-editor.default\">\n\t\t\t\t<div class=\"elementor-widget-container\">\n\t\t\t\t\t\t\t\t\t<p class=\"inner-wrapper\">Deje que WTDC administre su cadena de suministro. Nuestro equipo de profesionales no solo almacena su inventario, sino que tambi\u00e9n brinda servicios de consultor\u00eda que har\u00e1n que su proceso log\u00edstico sea m\u00e1s r\u00e1pido y eficiente. Desde brindar log\u00edstica de entrada y salida hasta administrar su inventario en nuestras instalaciones, brindamos un servicio impecable y confiable. Creemos que los negocios productivos se crean a trav\u00e9s de una asociaci\u00f3n basada en el profesionalismo, la confianza, la productividad y la amistad.<\/p>\t\t\t\t\t\t\t\t<\/div>\n\t\t\t\t<\/div>\n\t\t\t\t\t<\/div>\n\t\t\t\t<\/div>\n\t\t\t\t<\/div>\n\t\t","protected":false},"excerpt":{"rendered":"<p>Log\u00edsticas Brasil-EUA Information In English Actualmente, Brasil es el mayor socio comercial de Florida, realizando un gran n\u00famero de exportaciones y Importaciones. El crecimiento econ\u00f3mico en Brasil es evidente, y como empresa con amplio conocimiento y experiencia en las \u00e1reas comerciales, corporativas y arancelarias \/ fiscales \u00fanicas de Brasil, estamos listos para ayudar su negocio [&hellip;]<\/p>\n","protected":false},"author":3,"featured_media":0,"parent":0,"menu_order":0,"comment_status":"closed","ping_status":"closed","template":"","meta":{"two_page_speed":[],"footnotes":""},"class_list":["post-2767","page","type-page","status-publish","hentry"],"aioseo_notices":[],"_links":{"self":[{"href":"https:\/\/wtdc.com\/es\/wp-json\/wp\/v2\/pages\/2767","targetHints":{"allow":["GET"]}}],"collection":[{"href":"https:\/\/wtdc.com\/es\/wp-json\/wp\/v2\/pages"}],"about":[{"href":"https:\/\/wtdc.com\/es\/wp-json\/wp\/v2\/types\/page"}],"author":[{"embeddable":true,"href":"https:\/\/wtdc.com\/es\/wp-json\/wp\/v2\/users\/3"}],"replies":[{"embeddable":true,"href":"https:\/\/wtdc.com\/es\/wp-json\/wp\/v2\/comments?post=2767"}],"version-history":[{"count":19,"href":"https:\/\/wtdc.com\/es\/wp-json\/wp\/v2\/pages\/2767\/revisions"}],"predecessor-version":[{"id":2506401,"href":"https:\/\/wtdc.com\/es\/wp-json\/wp\/v2\/pages\/2767\/revisions\/2506401"}],"wp:attachment":[{"href":"https:\/\/wtdc.com\/es\/wp-json\/wp\/v2\/media?parent=2767"}],"curies":[{"name":"wp","href":"https:\/\/api.w.org\/{rel}","templated":true}]}}