{"id":4120,"date":"2021-07-29T09:10:19","date_gmt":"2021-07-29T09:10:19","guid":{"rendered":"http:\/\/localhost\/wordpress\/transporte-chile\/"},"modified":"2024-02-02T11:56:45","modified_gmt":"2024-02-02T11:56:45","slug":"transporte-chile","status":"publish","type":"page","link":"https:\/\/wtdc.com\/es\/transporte-chile\/","title":{"rendered":"TRANSPORTE CHILE"},"content":{"rendered":"\t\t<div data-elementor-type=\"wp-page\" data-elementor-id=\"4120\" class=\"elementor elementor-4120\" data-elementor-post-type=\"page\">\n\t\t\t\t<div class=\"elementor-element elementor-element-a70fbff ip-banner e-flex e-con-boxed e-con e-parent\" data-id=\"a70fbff\" data-element_type=\"container\" data-settings=\"{&quot;background_background&quot;:&quot;classic&quot;}\">\n\t\t\t\t\t<div class=\"e-con-inner\">\n\t\t\t\t<div class=\"elementor-element elementor-element-65508b5 elementor-widget elementor-widget-heading\" data-id=\"65508b5\" data-element_type=\"widget\" data-widget_type=\"heading.default\">\n\t\t\t\t<div class=\"elementor-widget-container\">\n\t\t\t\t\t<h2 class=\"elementor-heading-title elementor-size-default\">Transporte Chile<\/h2>\t\t\t\t<\/div>\n\t\t\t\t<\/div>\n\t\t\t\t<div class=\"elementor-element elementor-element-23fe19c elementor-position-left elementor-vertical-align-middle pt-60 elementor-widget elementor-widget-image-box\" data-id=\"23fe19c\" data-element_type=\"widget\" data-widget_type=\"image-box.default\">\n\t\t\t\t<div class=\"elementor-widget-container\">\n\t\t\t\t\t<div class=\"elementor-image-box-wrapper\"><figure class=\"elementor-image-box-img\"><a href=\"#\" tabindex=\"-1\"><img fetchpriority=\"high\" decoding=\"async\" width=\"1500\" height=\"1000\" src=\"https:\/\/wtdc.com\/wp-content\/uploads\/2024\/01\/image-2020-11-13T160603.643.png\" class=\"attachment-full size-full wp-image-2005530\" alt=\"\" srcset=\"https:\/\/wtdc.com\/wp-content\/uploads\/2024\/01\/image-2020-11-13T160603.643.png 1500w, https:\/\/wtdc.com\/wp-content\/uploads\/2024\/01\/image-2020-11-13T160603.643-300x200.png 300w, https:\/\/wtdc.com\/wp-content\/uploads\/2024\/01\/image-2020-11-13T160603.643-1024x683.png 1024w, https:\/\/wtdc.com\/wp-content\/uploads\/2024\/01\/image-2020-11-13T160603.643-768x512.png 768w\" sizes=\"(max-width: 1500px) 100vw, 1500px\" \/><\/a><\/figure><div class=\"elementor-image-box-content\"><h3 class=\"elementor-image-box-title\"><a href=\"#\">Informaci\u00f3n en Espa\u00f1ol<\/a><\/h3><\/div><\/div>\t\t\t\t<\/div>\n\t\t\t\t<\/div>\n\t\t\t\t\t<\/div>\n\t\t\t\t<\/div>\n\t\t<div class=\"elementor-element elementor-element-3472dc4 ptb-60 e-flex e-con-boxed e-con e-parent\" data-id=\"3472dc4\" data-element_type=\"container\" data-settings=\"{&quot;background_background&quot;:&quot;classic&quot;}\">\n\t\t\t\t\t<div class=\"e-con-inner\">\n\t\t<div class=\"elementor-element elementor-element-5e0cc0b e-con-full e-flex e-con e-child\" data-id=\"5e0cc0b\" data-element_type=\"container\">\n\t\t\t\t<div class=\"elementor-element elementor-element-b81957a pb-80 elementor-widget elementor-widget-heading\" data-id=\"b81957a\" data-element_type=\"widget\" data-widget_type=\"heading.default\">\n\t\t\t\t<div class=\"elementor-widget-container\">\n\t\t\t\t\t<p class=\"elementor-heading-title elementor-size-default\">WTDC ofrece servicios de transporte de carga a\u00e9rea y mar\u00edtima a Chile. WTDC tiene una asociaci\u00f3n estrat\u00e9gica con la empresa de transporte y log\u00edstica m\u00e1s grande de Chile para ofrecer recogida y entrega de \u00faltima milla en todas las partes de Chile.\n<\/p>\t\t\t\t<\/div>\n\t\t\t\t<\/div>\n\t\t\t\t<\/div>\n\t\t<div class=\"elementor-element elementor-element-3450a9a e-con-full e-flex e-con e-child\" data-id=\"3450a9a\" data-element_type=\"container\">\n\t\t\t\t<div class=\"elementor-element elementor-element-c608d49 elementor-widget elementor-widget-text-editor\" data-id=\"c608d49\" data-element_type=\"widget\" data-widget_type=\"text-editor.default\">\n\t\t\t\t<div class=\"elementor-widget-container\">\n\t\t\t\t\t\t\t\t\t<div class=\"main-list\">\n<p>WTDC, una zona de comercio exterior y un agente de carga en Miami, Florida, EE. UU., Y Empresas Perrot Group Inc., una Proveedor de Camiones y Log\u00edstica en Santiago, Chile, anunci\u00f3 una asociaci\u00f3n estrat\u00e9gica que crea una conectividad perfecta para los clientes a trav\u00e9s de sus redes log\u00edsticas nacionales e internacionales complementarias nacionales e internacionales<\/p>\n<\/div>\t\t\t\t\t\t\t\t<\/div>\n\t\t\t\t<\/div>\n\t\t\t\t<\/div>\n\t\t<div class=\"elementor-element elementor-element-8cc5f4f e-con-full e-flex e-con e-child\" data-id=\"8cc5f4f\" data-element_type=\"container\">\n\t\t\t\t<div class=\"elementor-element elementor-element-249f2cd elementor-widget elementor-widget-video\" data-id=\"249f2cd\" data-element_type=\"widget\" data-settings=\"{&quot;youtube_url&quot;:&quot;https:\\\/\\\/www.youtube.com\\\/embed\\\/UFtM7nSbUoM&quot;,&quot;video_type&quot;:&quot;youtube&quot;,&quot;controls&quot;:&quot;yes&quot;}\" data-widget_type=\"video.default\">\n\t\t\t\t<div class=\"elementor-widget-container\">\n\t\t\t\t\t\t\t<div class=\"elementor-wrapper elementor-open-inline\">\n\t\t\t<div class=\"elementor-video\"><\/div>\t\t<\/div>\n\t\t\t\t\t\t<\/div>\n\t\t\t\t<\/div>\n\t\t\t\t<\/div>\n\t\t\t\t\t<\/div>\n\t\t\t\t<\/div>\n\t\t<div class=\"elementor-element elementor-element-82c7aaa e-flex e-con-boxed e-con e-parent\" data-id=\"82c7aaa\" data-element_type=\"container\" data-settings=\"{&quot;background_background&quot;:&quot;classic&quot;}\">\n\t\t\t\t\t<div class=\"e-con-inner\">\n\t\t\t\t<div class=\"elementor-element elementor-element-b3a193b pb-80 elementor-widget elementor-widget-heading\" data-id=\"b3a193b\" data-element_type=\"widget\" data-widget_type=\"heading.default\">\n\t\t\t\t<div class=\"elementor-widget-container\">\n\t\t\t\t\t<p class=\"elementor-heading-title elementor-size-default\">en Estados Unidos y Chile. WTDC y Empresas Perrot anuncian asociaci\u00f3n estrat\u00e9gica para crear opciones de log\u00edstica m\u00e1s competitivas para clientes en EE. UU. Y Chile\n\n<\/p>\t\t\t\t<\/div>\n\t\t\t\t<\/div>\n\t\t\t\t<div class=\"elementor-element elementor-element-4f98137 elementor-widget elementor-widget-heading\" data-id=\"4f98137\" data-element_type=\"widget\" data-widget_type=\"heading.default\">\n\t\t\t\t<div class=\"elementor-widget-container\">\n\t\t\t\t\t<p class=\"elementor-heading-title elementor-size-default\">\u00abEmparejar la red de transporte y log\u00edstica de Empresas Perrot en Chile con la experiencia de WTDC como zona de comercio exterior, agente de carga y agente de aduanas en los EE. UU. Es un gran beneficio para los clientes de ambas empresas\u00bb, dijo Sean Gazitua, presidente y director ejecutivo de WTDC.<\/p>\t\t\t\t<\/div>\n\t\t\t\t<\/div>\n\t\t\t\t\t<\/div>\n\t\t\t\t<\/div>\n\t\t<div class=\"elementor-element elementor-element-0ccefc2 ptb-60 e-flex e-con-boxed e-con e-parent\" data-id=\"0ccefc2\" data-element_type=\"container\" data-settings=\"{&quot;background_background&quot;:&quot;classic&quot;}\">\n\t\t\t\t\t<div class=\"e-con-inner\">\n\t\t<div class=\"elementor-element elementor-element-15e46a9 e-con-full e-flex e-con e-child\" data-id=\"15e46a9\" data-element_type=\"container\">\n\t\t\t\t<div class=\"elementor-element elementor-element-116e861 elementor-widget elementor-widget-text-editor\" data-id=\"116e861\" data-element_type=\"widget\" data-widget_type=\"text-editor.default\">\n\t\t\t\t<div class=\"elementor-widget-container\">\n\t\t\t\t\t\t\t\t\t<div class=\"main-list\">\n<p>\u201cMi abuelo naci\u00f3 en Santiago, Chile, entonces esta asociaci\u00f3n tiene un significado especial para m\u00ed. Me gustar\u00eda agradecer al propietario de Empresas Perrot, Mauricio Perrot, por su visi\u00f3n y su respeto por nuestra familia. \u00c9l representa la segunda generaci\u00f3n del negocio de log\u00edstica de su familia y yo soy un propietario y operador familiar de tercera generaci\u00f3n de WTDC. Espero trabajar con Mauricio y el equipo de Empresas Perrot para construir una relaci\u00f3n duradera y un servicio \u201d.<\/p>\n<\/div>\t\t\t\t\t\t\t\t<\/div>\n\t\t\t\t<\/div>\n\t\t\t\t<\/div>\n\t\t<div class=\"elementor-element elementor-element-500d7aa e-con-full e-flex e-con e-child\" data-id=\"500d7aa\" data-element_type=\"container\">\n\t\t\t\t<div class=\"elementor-element elementor-element-41d77c0 elementor-widget elementor-widget-image\" data-id=\"41d77c0\" data-element_type=\"widget\" data-widget_type=\"image.default\">\n\t\t\t\t<div class=\"elementor-widget-container\">\n\t\t\t\t\t\t\t\t\t\t\t\t\t\t\t<img decoding=\"async\" width=\"1414\" height=\"1040\" src=\"https:\/\/wtdc.com\/wp-content\/uploads\/2024\/01\/WTDC-Chile-Sean-Gazitua-Mauricio-Perrot.jpg\" class=\"attachment-full size-full wp-image-2005574\" alt=\"\" srcset=\"https:\/\/wtdc.com\/wp-content\/uploads\/2024\/01\/WTDC-Chile-Sean-Gazitua-Mauricio-Perrot.jpg 1414w, https:\/\/wtdc.com\/wp-content\/uploads\/2024\/01\/WTDC-Chile-Sean-Gazitua-Mauricio-Perrot-300x221.jpg 300w, https:\/\/wtdc.com\/wp-content\/uploads\/2024\/01\/WTDC-Chile-Sean-Gazitua-Mauricio-Perrot-1024x753.jpg 1024w, https:\/\/wtdc.com\/wp-content\/uploads\/2024\/01\/WTDC-Chile-Sean-Gazitua-Mauricio-Perrot-768x565.jpg 768w\" sizes=\"(max-width: 1414px) 100vw, 1414px\" \/>\t\t\t\t\t\t\t\t\t\t\t\t\t\t\t<\/div>\n\t\t\t\t<\/div>\n\t\t\t\t<\/div>\n\t\t<div class=\"elementor-element elementor-element-642fc0e e-con-full pt-50 e-flex e-con e-child\" data-id=\"642fc0e\" data-element_type=\"container\">\n\t\t\t\t<div class=\"elementor-element elementor-element-86927b4 elementor-widget elementor-widget-text-editor\" data-id=\"86927b4\" data-element_type=\"widget\" data-widget_type=\"text-editor.default\">\n\t\t\t\t<div class=\"elementor-widget-container\">\n\t\t\t\t\t\t\t\t\t<p>WTDC y Empresas Perrot brindan servicios log\u00edsticos puerta a puerta entre Estados Unidos y Chile. Nosotros ofrecemos:<\/p>\t\t\t\t\t\t\t\t<\/div>\n\t\t\t\t<\/div>\n\t\t\t\t<div class=\"elementor-element elementor-element-8bed2ad elementor-icon-list--layout-traditional elementor-list-item-link-full_width elementor-widget elementor-widget-icon-list\" data-id=\"8bed2ad\" data-element_type=\"widget\" data-widget_type=\"icon-list.default\">\n\t\t\t\t<div class=\"elementor-widget-container\">\n\t\t\t\t\t\t\t<ul class=\"elementor-icon-list-items\">\n\t\t\t\t\t\t\t<li class=\"elementor-icon-list-item\">\n\t\t\t\t\t\t\t\t\t\t\t<span class=\"elementor-icon-list-icon\">\n\t\t\t\t\t\t\t<i aria-hidden=\"true\" class=\"fas fa-circle\"><\/i>\t\t\t\t\t\t<\/span>\n\t\t\t\t\t\t\t\t\t\t<span class=\"elementor-icon-list-text\"> Gesti\u00f3n completa de la cadena de suministro entre Chile y EE. UU.<\/span>\n\t\t\t\t\t\t\t\t\t<\/li>\n\t\t\t\t\t\t\t\t<li class=\"elementor-icon-list-item\">\n\t\t\t\t\t\t\t\t\t\t\t<span class=\"elementor-icon-list-icon\">\n\t\t\t\t\t\t\t<i aria-hidden=\"true\" class=\"fas fa-circle\"><\/i>\t\t\t\t\t\t<\/span>\n\t\t\t\t\t\t\t\t\t\t<span class=\"elementor-icon-list-text\">Transporte de carga: transporte a\u00e9reo y mar\u00edtimo mundial<\/span>\n\t\t\t\t\t\t\t\t\t<\/li>\n\t\t\t\t\t\t\t\t<li class=\"elementor-icon-list-item\">\n\t\t\t\t\t\t\t\t\t\t\t<span class=\"elementor-icon-list-icon\">\n\t\t\t\t\t\t\t<i aria-hidden=\"true\" class=\"fas fa-circle\"><\/i>\t\t\t\t\t\t<\/span>\n\t\t\t\t\t\t\t\t\t\t<span class=\"elementor-icon-list-text\">Almacenaje, consolidaciones y cumplimiento en Chile y EE. UU.<\/span>\n\t\t\t\t\t\t\t\t\t<\/li>\n\t\t\t\t\t\t\t\t<li class=\"elementor-icon-list-item\">\n\t\t\t\t\t\t\t\t\t\t\t<span class=\"elementor-icon-list-icon\">\n\t\t\t\t\t\t\t<i aria-hidden=\"true\" class=\"fas fa-circle\"><\/i>\t\t\t\t\t\t<\/span>\n\t\t\t\t\t\t\t\t\t\t<span class=\"elementor-icon-list-text\">Documentaci\u00f3n y despacho de aduanas en Chile y EE. UU.<\/span>\n\t\t\t\t\t\t\t\t\t<\/li>\n\t\t\t\t\t\t\t\t<li class=\"elementor-icon-list-item\">\n\t\t\t\t\t\t\t\t\t\t\t<span class=\"elementor-icon-list-icon\">\n\t\t\t\t\t\t\t<i aria-hidden=\"true\" class=\"fas fa-circle\"><\/i>\t\t\t\t\t\t<\/span>\n\t\t\t\t\t\t\t\t\t\t<span class=\"elementor-icon-list-text\"> Servicios de acarreo y portuarios en Chile y EE. UU.<\/span>\n\t\t\t\t\t\t\t\t\t<\/li>\n\t\t\t\t\t\t\t\t<li class=\"elementor-icon-list-item\">\n\t\t\t\t\t\t\t\t\t\t\t<span class=\"elementor-icon-list-icon\">\n\t\t\t\t\t\t\t<i aria-hidden=\"true\" class=\"fas fa-circle\"><\/i>\t\t\t\t\t\t<\/span>\n\t\t\t\t\t\t\t\t\t\t<span class=\"elementor-icon-list-text\">Servicios de camiones LTL y FTL en Chile y EE. UU.<\/span>\n\t\t\t\t\t\t\t\t\t<\/li>\n\t\t\t\t\t\t\t\t<li class=\"elementor-icon-list-item\">\n\t\t\t\t\t\t\t\t\t\t\t<span class=\"elementor-icon-list-icon\">\n\t\t\t\t\t\t\t<i aria-hidden=\"true\" class=\"fas fa-circle\"><\/i>\t\t\t\t\t\t<\/span>\n\t\t\t\t\t\t\t\t\t\t<span class=\"elementor-icon-list-text\">Entrega de \u00faltima milla, plataforma y plataforma en Chile y EE. UU.<\/span>\n\t\t\t\t\t\t\t\t\t<\/li>\n\t\t\t\t\t\t<\/ul>\n\t\t\t\t\t\t<\/div>\n\t\t\t\t<\/div>\n\t\t\t\t<\/div>\n\t\t<div class=\"elementor-element elementor-element-a4b9455 e-con-full e-flex e-con e-child\" data-id=\"a4b9455\" data-element_type=\"container\">\n\t\t\t\t<div class=\"elementor-element elementor-element-11bea27 elementor-widget elementor-widget-image\" data-id=\"11bea27\" data-element_type=\"widget\" data-widget_type=\"image.default\">\n\t\t\t\t<div class=\"elementor-widget-container\">\n\t\t\t\t\t\t\t\t\t\t\t\t\t\t\t<img decoding=\"async\" width=\"9300\" height=\"5243\" src=\"https:\/\/wtdc.com\/wp-content\/uploads\/2024\/01\/CUCC-Logo-1.png\" class=\"attachment-full size-full wp-image-2005735\" alt=\"\" srcset=\"https:\/\/wtdc.com\/wp-content\/uploads\/2024\/01\/CUCC-Logo-1.png 9300w, https:\/\/wtdc.com\/wp-content\/uploads\/2024\/01\/CUCC-Logo-1-300x169.png 300w, https:\/\/wtdc.com\/wp-content\/uploads\/2024\/01\/CUCC-Logo-1-1024x577.png 1024w, https:\/\/wtdc.com\/wp-content\/uploads\/2024\/01\/CUCC-Logo-1-768x433.png 768w, https:\/\/wtdc.com\/wp-content\/uploads\/2024\/01\/CUCC-Logo-1-1536x866.png 1536w, https:\/\/wtdc.com\/wp-content\/uploads\/2024\/01\/CUCC-Logo-1-2048x1155.png 2048w\" sizes=\"(max-width: 9300px) 100vw, 9300px\" \/>\t\t\t\t\t\t\t\t\t\t\t\t\t\t\t<\/div>\n\t\t\t\t<\/div>\n\t\t\t\t<\/div>\n\t\t<div class=\"elementor-element elementor-element-69924bb e-con-full e-flex e-con e-child\" data-id=\"69924bb\" data-element_type=\"container\">\n\t\t\t\t<div class=\"elementor-element elementor-element-0e5702e pt-30 elementor-widget elementor-widget-text-editor\" data-id=\"0e5702e\" data-element_type=\"widget\" data-widget_type=\"text-editor.default\">\n\t\t\t\t<div class=\"elementor-widget-container\">\n\t\t\t\t\t\t\t\t\t<p>WTDC ha estado trabajando con ProChile Southeast USA, Empresas Perrot y City National Bank-BCI (una instituci\u00f3n financiera de propiedad chilena con sede en Miami) para desarrollar un programa de log\u00edstica puerta a puerta con beneficios especiales para los peque\u00f1os y medianos exportadores chilenos. ProChile, una divisi\u00f3n del Ministerio de Relaciones Exteriores de Chile, promueve las exportaciones chilenas de productos y servicios con especial atenci\u00f3n a las peque\u00f1as y medianas empresas.<\/p>\t\t\t\t\t\t\t\t<\/div>\n\t\t\t\t<\/div>\n\t\t\t\t<div class=\"elementor-element elementor-element-178916e pt-30 elementor-widget elementor-widget-text-editor\" data-id=\"178916e\" data-element_type=\"widget\" data-widget_type=\"text-editor.default\">\n\t\t\t\t<div class=\"elementor-widget-container\">\n\t\t\t\t\t\t\t\t\t<p>Chile ocupa actualmente el puesto 26 como el principal socio comercial de EE. UU. Hasta agosto de 2020 y el puesto 29 en 2019 (WorldCity). El sur de Florida ahora tiene dos de los tres principales puertos para el comercio chileno hasta agosto de este a\u00f1o, con el Aeropuerto Internacional de Miami en el puesto n\u00famero 1 y Port Everglades en el puesto n\u00famero 3 (WorldCity). La WTDC de EE. UU. Y Empresas Perrot introducen este servicio de log\u00edstica en una v\u00eda comercial con pocas barreras y espacio para el crecimiento gracias al Tratado de Libre Comercio Chile-EE. UU. El TLC se actualiz\u00f3 en 2015 para eliminar la mayor\u00eda de los aranceles a las importaciones entre ambos pa\u00edses.<\/p>\t\t\t\t\t\t\t\t<\/div>\n\t\t\t\t<\/div>\n\t\t\t\t<div class=\"elementor-element elementor-element-6c8af8e pt-30 elementor-widget elementor-widget-text-editor\" data-id=\"6c8af8e\" data-element_type=\"widget\" data-widget_type=\"text-editor.default\">\n\t\t\t\t<div class=\"elementor-widget-container\">\n\t\t\t\t\t\t\t\t\t<p>\u00abEsta asociaci\u00f3n estrat\u00e9gica con Empresas Perrot ayudar\u00e1 al crecimiento de WTDC en las industrias de vinos y licores, miner\u00eda, energ\u00eda renovable y tecnolog\u00eda\u00bb, agreg\u00f3 el Sr. Gazitua.<\/p>\t\t\t\t\t\t\t\t<\/div>\n\t\t\t\t<\/div>\n\t\t\t\t<div class=\"elementor-element elementor-element-0ebbe4e pt-30 elementor-widget elementor-widget-text-editor\" data-id=\"0ebbe4e\" data-element_type=\"widget\" data-widget_type=\"text-editor.default\">\n\t\t\t\t<div class=\"elementor-widget-container\">\n\t\t\t\t\t\t\t\t\t<div class=\"is-layout-flow wp-block-group brazil-distribution-main inner-wrapper\">\n<div class=\"wp-block-group__inner-container\">\n<p>WTDC y Empresas Perrot est\u00e1n preparadas para ofrecer soluciones log\u00edsticas innovadoras y eficientes para nuestros clientes y esperamos compartir detalles adicionales sobre el \u00e9xito de esta asociaci\u00f3n.<\/p>\n<\/div>\n<\/div>\n<div class=\"is-layout-flow wp-block-group brasil-miami-losgistice-inner-list l-p\">\u00a0<\/div>\t\t\t\t\t\t\t\t<\/div>\n\t\t\t\t<\/div>\n\t\t\t\t<\/div>\n\t\t\t\t\t<\/div>\n\t\t\t\t<\/div>\n\t\t\t\t<\/div>\n\t\t","protected":false},"excerpt":{"rendered":"<p>Transporte Chile Informaci\u00f3n en Espa\u00f1ol WTDC ofrece servicios de transporte de carga a\u00e9rea y mar\u00edtima a Chile. WTDC tiene una asociaci\u00f3n estrat\u00e9gica con la empresa de transporte y log\u00edstica m\u00e1s grande de Chile para ofrecer recogida y entrega de \u00faltima milla en todas las partes de Chile. WTDC, una zona de comercio exterior y un [&hellip;]<\/p>\n","protected":false},"author":3,"featured_media":0,"parent":0,"menu_order":0,"comment_status":"closed","ping_status":"closed","template":"","meta":{"two_page_speed":[],"footnotes":""},"class_list":["post-4120","page","type-page","status-publish","hentry"],"aioseo_notices":[],"_links":{"self":[{"href":"https:\/\/wtdc.com\/es\/wp-json\/wp\/v2\/pages\/4120","targetHints":{"allow":["GET"]}}],"collection":[{"href":"https:\/\/wtdc.com\/es\/wp-json\/wp\/v2\/pages"}],"about":[{"href":"https:\/\/wtdc.com\/es\/wp-json\/wp\/v2\/types\/page"}],"author":[{"embeddable":true,"href":"https:\/\/wtdc.com\/es\/wp-json\/wp\/v2\/users\/3"}],"replies":[{"embeddable":true,"href":"https:\/\/wtdc.com\/es\/wp-json\/wp\/v2\/comments?post=4120"}],"version-history":[{"count":4,"href":"https:\/\/wtdc.com\/es\/wp-json\/wp\/v2\/pages\/4120\/revisions"}],"predecessor-version":[{"id":2505469,"href":"https:\/\/wtdc.com\/es\/wp-json\/wp\/v2\/pages\/4120\/revisions\/2505469"}],"wp:attachment":[{"href":"https:\/\/wtdc.com\/es\/wp-json\/wp\/v2\/media?parent=4120"}],"curies":[{"name":"wp","href":"https:\/\/api.w.org\/{rel}","templated":true}]}}