{"id":4652,"date":"2021-07-30T13:38:07","date_gmt":"2021-07-30T13:38:07","guid":{"rendered":"http:\/\/localhost\/wordpress\/boletines\/"},"modified":"2024-12-11T15:07:36","modified_gmt":"2024-12-11T15:07:36","slug":"boletines","status":"publish","type":"page","link":"https:\/\/wtdc.com\/es\/boletines\/","title":{"rendered":"Boletines"},"content":{"rendered":"\t\t<div data-elementor-type=\"wp-page\" data-elementor-id=\"4652\" class=\"elementor elementor-4652\" data-elementor-post-type=\"page\">\n\t\t\t\t<div class=\"elementor-element elementor-element-35354cf ip-banner e-flex e-con-boxed e-con e-parent\" data-id=\"35354cf\" data-element_type=\"container\" data-settings=\"{&quot;background_background&quot;:&quot;classic&quot;}\">\n\t\t\t\t\t<div class=\"e-con-inner\">\n\t\t\t\t<div class=\"elementor-element elementor-element-20348b3 elementor-widget elementor-widget-heading\" data-id=\"20348b3\" data-element_type=\"widget\" data-widget_type=\"heading.default\">\n\t\t\t\t<div class=\"elementor-widget-container\">\n\t\t\t\t\t<h2 class=\"elementor-heading-title elementor-size-default\">Boletines\n<\/h2>\t\t\t\t<\/div>\n\t\t\t\t<\/div>\n\t\t\t\t\t<\/div>\n\t\t\t\t<\/div>\n\t\t<div class=\"elementor-element elementor-element-072365e e-flex e-con-boxed e-con e-parent\" data-id=\"072365e\" data-element_type=\"container\" data-settings=\"{&quot;background_background&quot;:&quot;classic&quot;}\">\n\t\t\t\t\t<div class=\"e-con-inner\">\n\t\t\t\t<div class=\"elementor-element elementor-element-e14e326 ptb-50 elementor-widget elementor-widget-heading\" data-id=\"e14e326\" data-element_type=\"widget\" data-widget_type=\"heading.default\">\n\t\t\t\t<div class=\"elementor-widget-container\">\n\t\t\t\t\t<h2 class=\"elementor-heading-title elementor-size-default\">NEWSLETTER NOTICIAS\n<\/h2>\t\t\t\t<\/div>\n\t\t\t\t<\/div>\n\t\t\t\t\t<\/div>\n\t\t\t\t<\/div>\n\t\t<div class=\"elementor-element elementor-element-c63288a news-sec pb-100 e-flex e-con-boxed e-con e-parent\" data-id=\"c63288a\" data-element_type=\"container\" data-settings=\"{&quot;background_background&quot;:&quot;classic&quot;}\">\n\t\t\t\t\t<div class=\"e-con-inner\">\n\t\t<div class=\"elementor-element elementor-element-0740276 e-con-full left-col e-flex e-con e-child\" data-id=\"0740276\" data-element_type=\"container\">\n\t\t\t\t<div class=\"elementor-element elementor-element-d535902 elementor-grid-eael-col-1 elementor-grid-tablet-eael-col-2 elementor-grid-mobile-eael-col-1 elementor-widget elementor-widget-eael-post-grid\" data-id=\"d535902\" data-element_type=\"widget\" data-settings=\"{&quot;eael_post_grid_columns&quot;:&quot;eael-col-1&quot;,&quot;eael_post_grid_columns_tablet&quot;:&quot;eael-col-2&quot;,&quot;eael_post_grid_columns_mobile&quot;:&quot;eael-col-1&quot;}\" data-widget_type=\"eael-post-grid.default\">\n\t\t\t\t<div class=\"elementor-widget-container\">\n\t\t\t\t\t<div id=\"eael-post-grid-d535902\" class=\"eael-post-grid-container\">\n            <div class=\"eael-post-grid eael-post-appender eael-post-appender-d535902 eael-post-grid-style-one\" data-layout-mode=\"grid\"><article class=\"eael-grid-post eael-post-grid-column\" data-id=\"4605\">\n        <div class=\"eael-grid-post-holder\">\n            <div class=\"eael-grid-post-holder-inner\"><div class=\"eael-entry-media\"><div class=\"eael-entry-overlay none\"><i class=\"\" aria-hidden=\"true\"><\/i><a href=\"https:\/\/wtdc.com\/es\/boletin-7-de-febrero\/\"><\/a><\/div><div class=\"eael-entry-thumbnail \">\n                <img fetchpriority=\"high\" decoding=\"async\" width=\"1600\" height=\"700\" src=\"https:\/\/wtdc.com\/wp-content\/uploads\/2020\/06\/WTDC-Newsletter-Banner-01.png\" class=\"attachment-full size-full wp-image-2289\" alt=\"wtdc newsletter\" srcset=\"https:\/\/wtdc.com\/wp-content\/uploads\/2020\/06\/WTDC-Newsletter-Banner-01.png 1600w, https:\/\/wtdc.com\/wp-content\/uploads\/2020\/06\/WTDC-Newsletter-Banner-01-300x131.png 300w, https:\/\/wtdc.com\/wp-content\/uploads\/2020\/06\/WTDC-Newsletter-Banner-01-1024x448.png 1024w, https:\/\/wtdc.com\/wp-content\/uploads\/2020\/06\/WTDC-Newsletter-Banner-01-768x336.png 768w, https:\/\/wtdc.com\/wp-content\/uploads\/2020\/06\/WTDC-Newsletter-Banner-01-1536x672.png 1536w, https:\/\/wtdc.com\/wp-content\/uploads\/2020\/06\/WTDC-Newsletter-Banner-01-20x9.png 20w\" sizes=\"(max-width: 1600px) 100vw, 1600px\" \/>\n            <\/div>\n        <\/div><div class=\"eael-entry-wrapper\"><header class=\"eael-entry-header\"><h4 class=\"eael-entry-title\"><a class=\"eael-grid-post-link\" href=\"https:\/\/wtdc.com\/es\/boletin-7-de-febrero\/\" title=\"Bolet\u00edn 7 de febrero\">Bolet\u00edn 7 de febrero<\/a><\/h4><\/header><div class=\"eael-entry-content\">\n                        <div class=\"eael-grid-post-excerpt\"><p>Gesti\u00f3n del inventario de Travel Retail en una zona de...<\/p><\/div>\n                    <\/div><div class=\"eael-entry-footer\"><div class=\"eael-entry-meta\"><span class=\"eael-posted-on\"><time datetime=\"julio 30, 2021\">julio 30, 2021<\/time><\/span><\/div><\/div><\/div><\/div>\n        <\/div>\n    <\/article><article class=\"eael-grid-post eael-post-grid-column\" data-id=\"4599\">\n        <div class=\"eael-grid-post-holder\">\n            <div class=\"eael-grid-post-holder-inner\"><div class=\"eael-entry-media\"><div class=\"eael-entry-overlay none\"><i class=\"\" aria-hidden=\"true\"><\/i><a href=\"https:\/\/wtdc.com\/es\/boletin-15-de-febrero\/\"><\/a><\/div><div class=\"eael-entry-thumbnail \">\n                <img fetchpriority=\"high\" decoding=\"async\" width=\"1600\" height=\"700\" src=\"https:\/\/wtdc.com\/wp-content\/uploads\/2020\/06\/WTDC-Newsletter-Banner-01.png\" class=\"attachment-full size-full wp-image-2289\" alt=\"wtdc newsletter\" srcset=\"https:\/\/wtdc.com\/wp-content\/uploads\/2020\/06\/WTDC-Newsletter-Banner-01.png 1600w, https:\/\/wtdc.com\/wp-content\/uploads\/2020\/06\/WTDC-Newsletter-Banner-01-300x131.png 300w, https:\/\/wtdc.com\/wp-content\/uploads\/2020\/06\/WTDC-Newsletter-Banner-01-1024x448.png 1024w, https:\/\/wtdc.com\/wp-content\/uploads\/2020\/06\/WTDC-Newsletter-Banner-01-768x336.png 768w, https:\/\/wtdc.com\/wp-content\/uploads\/2020\/06\/WTDC-Newsletter-Banner-01-1536x672.png 1536w, https:\/\/wtdc.com\/wp-content\/uploads\/2020\/06\/WTDC-Newsletter-Banner-01-20x9.png 20w\" sizes=\"(max-width: 1600px) 100vw, 1600px\" \/>\n            <\/div>\n        <\/div><div class=\"eael-entry-wrapper\"><header class=\"eael-entry-header\"><h4 class=\"eael-entry-title\"><a class=\"eael-grid-post-link\" href=\"https:\/\/wtdc.com\/es\/boletin-15-de-febrero\/\" title=\"Bolet\u00edn 15 de febrero\">Bolet\u00edn 15 de febrero<\/a><\/h4><\/header><div class=\"eael-entry-content\">\n                        <div class=\"eael-grid-post-excerpt\"><p>26th Annual State-of-the-Ports Convenci\u00f3n del Aeropuerto de Miami, Bill Johnson,...<\/p><\/div>\n                    <\/div><div class=\"eael-entry-footer\"><div class=\"eael-entry-meta\"><span class=\"eael-posted-on\"><time datetime=\"julio 30, 2021\">julio 30, 2021<\/time><\/span><\/div><\/div><\/div><\/div>\n        <\/div>\n    <\/article><article class=\"eael-grid-post eael-post-grid-column\" data-id=\"4593\">\n        <div class=\"eael-grid-post-holder\">\n            <div class=\"eael-grid-post-holder-inner\"><div class=\"eael-entry-media\"><div class=\"eael-entry-overlay none\"><i class=\"\" aria-hidden=\"true\"><\/i><a href=\"https:\/\/wtdc.com\/es\/boletin-del-1-de-marzo\/\"><\/a><\/div><div class=\"eael-entry-thumbnail \">\n                <img fetchpriority=\"high\" decoding=\"async\" width=\"1600\" height=\"700\" src=\"https:\/\/wtdc.com\/wp-content\/uploads\/2020\/06\/WTDC-Newsletter-Banner-01.png\" class=\"attachment-full size-full wp-image-2289\" alt=\"wtdc newsletter\" srcset=\"https:\/\/wtdc.com\/wp-content\/uploads\/2020\/06\/WTDC-Newsletter-Banner-01.png 1600w, https:\/\/wtdc.com\/wp-content\/uploads\/2020\/06\/WTDC-Newsletter-Banner-01-300x131.png 300w, https:\/\/wtdc.com\/wp-content\/uploads\/2020\/06\/WTDC-Newsletter-Banner-01-1024x448.png 1024w, https:\/\/wtdc.com\/wp-content\/uploads\/2020\/06\/WTDC-Newsletter-Banner-01-768x336.png 768w, https:\/\/wtdc.com\/wp-content\/uploads\/2020\/06\/WTDC-Newsletter-Banner-01-1536x672.png 1536w, https:\/\/wtdc.com\/wp-content\/uploads\/2020\/06\/WTDC-Newsletter-Banner-01-20x9.png 20w\" sizes=\"(max-width: 1600px) 100vw, 1600px\" \/>\n            <\/div>\n        <\/div><div class=\"eael-entry-wrapper\"><header class=\"eael-entry-header\"><h4 class=\"eael-entry-title\"><a class=\"eael-grid-post-link\" href=\"https:\/\/wtdc.com\/es\/boletin-del-1-de-marzo\/\" title=\"Bolet\u00edn del 1 de marzo\">Bolet\u00edn del 1 de marzo<\/a><\/h4><\/header><div class=\"eael-entry-content\">\n                        <div class=\"eael-grid-post-excerpt\"><p>\u00bf\u00bfSab\u00edas?? En un dep\u00f3sito aduanero, debe destruir, pagar aranceles o...<\/p><\/div>\n                    <\/div><div class=\"eael-entry-footer\"><div class=\"eael-entry-meta\"><span class=\"eael-posted-on\"><time datetime=\"julio 30, 2021\">julio 30, 2021<\/time><\/span><\/div><\/div><\/div><\/div>\n        <\/div>\n    <\/article><article class=\"eael-grid-post eael-post-grid-column\" data-id=\"4584\">\n        <div class=\"eael-grid-post-holder\">\n            <div class=\"eael-grid-post-holder-inner\"><div class=\"eael-entry-media\"><div class=\"eael-entry-overlay none\"><i class=\"\" aria-hidden=\"true\"><\/i><a href=\"https:\/\/wtdc.com\/es\/aprobado-por-tpat-miami-dade-college-presenta-el-panel-de-oradores-realities-of-doing-business-in-cuba-miami-international-boat-show-regresa-al-miami-marine-stadium\/\"><\/a><\/div><div class=\"eael-entry-thumbnail \">\n                <img fetchpriority=\"high\" decoding=\"async\" width=\"1600\" height=\"700\" src=\"https:\/\/wtdc.com\/wp-content\/uploads\/2020\/06\/WTDC-Newsletter-Banner-01.png\" class=\"attachment-full size-full wp-image-2289\" alt=\"wtdc newsletter\" srcset=\"https:\/\/wtdc.com\/wp-content\/uploads\/2020\/06\/WTDC-Newsletter-Banner-01.png 1600w, https:\/\/wtdc.com\/wp-content\/uploads\/2020\/06\/WTDC-Newsletter-Banner-01-300x131.png 300w, https:\/\/wtdc.com\/wp-content\/uploads\/2020\/06\/WTDC-Newsletter-Banner-01-1024x448.png 1024w, https:\/\/wtdc.com\/wp-content\/uploads\/2020\/06\/WTDC-Newsletter-Banner-01-768x336.png 768w, https:\/\/wtdc.com\/wp-content\/uploads\/2020\/06\/WTDC-Newsletter-Banner-01-1536x672.png 1536w, https:\/\/wtdc.com\/wp-content\/uploads\/2020\/06\/WTDC-Newsletter-Banner-01-20x9.png 20w\" sizes=\"(max-width: 1600px) 100vw, 1600px\" \/>\n            <\/div>\n        <\/div><div class=\"eael-entry-wrapper\"><header class=\"eael-entry-header\"><h4 class=\"eael-entry-title\"><a class=\"eael-grid-post-link\" href=\"https:\/\/wtdc.com\/es\/aprobado-por-tpat-miami-dade-college-presenta-el-panel-de-oradores-realities-of-doing-business-in-cuba-miami-international-boat-show-regresa-al-miami-marine-stadium\/\" title=\"Aprobado por TPAT, Miami Dade College presenta el panel de oradores &#8216;Realities of Doing Business in Cuba&#8217;, Miami International Boat Show regresa al Miami Marine Stadium\">Aprobado por TPAT, Miami Dade College presenta el panel de oradores &#8216;Realities of Doing Business in Cuba&#8217;, Miami International Boat Show regresa al Miami Marine Stadium<\/a><\/h4><\/header><div class=\"eael-entry-content\">\n                        <div class=\"eael-grid-post-excerpt\"><p>Reminder: FTZ Annual Reports\u00a0 are due on March 31, please\u00a0contact\u00a0WTDC...<\/p><\/div>\n                    <\/div><div class=\"eael-entry-footer\"><div class=\"eael-entry-meta\"><span class=\"eael-posted-on\"><time datetime=\"julio 30, 2021\">julio 30, 2021<\/time><\/span><\/div><\/div><\/div><\/div>\n        <\/div>\n    <\/article><\/div>\n            <div class=\"clearfix\"><\/div>\n        <\/div>            <div class=\"eael-load-more-button-wrap\">\n                <button class=\"eael-load-more-button\" id=\"eael-load-more-btn-d535902\" data-widget-id=\"d535902\" data-widget=\"d535902\" data-page-id=\"4652\" data-template=\"{&quot;dir&quot;:&quot;lite&quot;,&quot;file_name&quot;:&quot;one.php&quot;,&quot;name&quot;:&quot;Post-Grid&quot;}\" data-class=\"Essential_Addons_Elementor\\Elements\\Post_Grid\" data-layout=\"grid\" data-page=\"1\" data-args=\"orderby=date&amp;order=desc&amp;ignore_sticky_posts=1&amp;post_status=publish&amp;posts_per_page=4&amp;offset=0&amp;post_type=post&amp;tax_query%5B0%5D%5Btaxonomy%5D=category&amp;tax_query%5B0%5D%5Bfield%5D=term_id&amp;tax_query%5B0%5D%5Bterms%5D%5B0%5D=40&amp;tax_query%5Brelation%5D=AND\" data-max-page=\"35\">\n                    <span class=\"eael-btn-loader button__loader\"><\/span>\n                    <span class=\"eael_load_more_text\">Load More<\/span>\n                <\/button>\n            <\/div>\n            \t\t\t\t<\/div>\n\t\t\t\t<\/div>\n\t\t\t\t<\/div>\n\t\t<div class=\"elementor-element elementor-element-01383da col-right e-flex e-con-boxed e-con e-child\" data-id=\"01383da\" data-element_type=\"container\">\n\t\t\t\t\t<div class=\"e-con-inner\">\n\t\t\t\t<div class=\"elementor-element elementor-element-87011ea pt-100 pb-30 elementor-widget elementor-widget-heading\" data-id=\"87011ea\" data-element_type=\"widget\" data-widget_type=\"heading.default\">\n\t\t\t\t<div class=\"elementor-widget-container\">\n\t\t\t\t\t<h2 class=\"elementor-heading-title elementor-size-default\">FILTRO DE CATEGOR\u00cdAS\n<\/h2>\t\t\t\t<\/div>\n\t\t\t\t<\/div>\n\t\t\t\t<div class=\"elementor-element elementor-element-af89365 elementor-icon-list--layout-traditional elementor-list-item-link-full_width elementor-widget elementor-widget-icon-list\" data-id=\"af89365\" data-element_type=\"widget\" data-widget_type=\"icon-list.default\">\n\t\t\t\t<div class=\"elementor-widget-container\">\n\t\t\t\t\t\t\t<ul class=\"elementor-icon-list-items\">\n\t\t\t\t\t\t\t<li class=\"elementor-icon-list-item\">\n\t\t\t\t\t\t\t\t\t\t\t<a href=\"https:\/\/wtdc.com\/es\/boletines\/\">\n\n\t\t\t\t\t\t\t\t\t\t\t<span class=\"elementor-icon-list-text\">Boletines<\/span>\n\t\t\t\t\t\t\t\t\t\t\t<\/a>\n\t\t\t\t\t\t\t\t\t<\/li>\n\t\t\t\t\t\t\t\t<li class=\"elementor-icon-list-item\">\n\t\t\t\t\t\t\t\t\t\t\t<a href=\"https:\/\/wtdc.com\/es\/articulos\/\">\n\n\t\t\t\t\t\t\t\t\t\t\t<span class=\"elementor-icon-list-text\">Art\u00edculos<\/span>\n\t\t\t\t\t\t\t\t\t\t\t<\/a>\n\t\t\t\t\t\t\t\t\t<\/li>\n\t\t\t\t\t\t\t\t<li class=\"elementor-icon-list-item\">\n\t\t\t\t\t\t\t\t\t\t\t<a href=\"https:\/\/wtdc.com\/marketing-desk\/\">\n\n\t\t\t\t\t\t\t\t\t\t\t<span class=\"elementor-icon-list-text\">Plataforma de marketing<\/span>\n\t\t\t\t\t\t\t\t\t\t\t<\/a>\n\t\t\t\t\t\t\t\t\t<\/li>\n\t\t\t\t\t\t<\/ul>\n\t\t\t\t\t\t<\/div>\n\t\t\t\t<\/div>\n\t\t\t\t<div class=\"elementor-element elementor-element-f046b3b pt-30 pb-20 elementor-widget elementor-widget-heading\" data-id=\"f046b3b\" data-element_type=\"widget\" data-widget_type=\"heading.default\">\n\t\t\t\t<div class=\"elementor-widget-container\">\n\t\t\t\t\t<h2 class=\"elementor-heading-title elementor-size-default\">\u00daLTIMOS TWEETS<\/h2>\t\t\t\t<\/div>\n\t\t\t\t<\/div>\n\t\t\t\t<div class=\"elementor-element elementor-element-fdafeb4 elementor-widget elementor-widget-text-editor\" data-id=\"fdafeb4\" data-element_type=\"widget\" data-widget_type=\"text-editor.default\">\n\t\t\t\t<div class=\"elementor-widget-container\">\n\t\t\t\t\t\t\t\t\t<p><a class=\"twitter-timeline\" data-width=\"800\" data-height=\"1000\" data-dnt=\"true\" href=\"https:\/\/twitter.com\/WTDC?ref_src=twsrc%5Etfw\">Tweets by WTDC<\/a><script async src=\"https:\/\/platform.twitter.com\/widgets.js\" charset=\"utf-8\"><\/script><\/p>\t\t\t\t\t\t\t\t<\/div>\n\t\t\t\t<\/div>\n\t\t\t\t\t<\/div>\n\t\t\t\t<\/div>\n\t\t\t\t\t<\/div>\n\t\t\t\t<\/div>\n\t\t\t\t<\/div>\n\t\t","protected":false},"excerpt":{"rendered":"<p>Boletines NEWSLETTER NOTICIAS Bolet\u00edn 7 de febrero Gesti\u00f3n del inventario de Travel Retail en una zona de&#8230; July 30, 2021 Bolet\u00edn 15 de febrero 26th Annual State-of-the-Ports Convenci\u00f3n del Aeropuerto de Miami, Bill Johnson,&#8230; July 30, 2021 Bolet\u00edn del 1 de marzo \u00bf\u00bfSab\u00edas?? En un dep\u00f3sito aduanero, debe destruir, pagar aranceles o&#8230; July 30, 2021 [&hellip;]<\/p>\n","protected":false},"author":3,"featured_media":0,"parent":0,"menu_order":0,"comment_status":"closed","ping_status":"closed","template":"","meta":{"two_page_speed":[],"footnotes":""},"class_list":["post-4652","page","type-page","status-publish","hentry"],"aioseo_notices":[],"_links":{"self":[{"href":"https:\/\/wtdc.com\/es\/wp-json\/wp\/v2\/pages\/4652","targetHints":{"allow":["GET"]}}],"collection":[{"href":"https:\/\/wtdc.com\/es\/wp-json\/wp\/v2\/pages"}],"about":[{"href":"https:\/\/wtdc.com\/es\/wp-json\/wp\/v2\/types\/page"}],"author":[{"embeddable":true,"href":"https:\/\/wtdc.com\/es\/wp-json\/wp\/v2\/users\/3"}],"replies":[{"embeddable":true,"href":"https:\/\/wtdc.com\/es\/wp-json\/wp\/v2\/comments?post=4652"}],"version-history":[{"count":13,"href":"https:\/\/wtdc.com\/es\/wp-json\/wp\/v2\/pages\/4652\/revisions"}],"predecessor-version":[{"id":3007497,"href":"https:\/\/wtdc.com\/es\/wp-json\/wp\/v2\/pages\/4652\/revisions\/3007497"}],"wp:attachment":[{"href":"https:\/\/wtdc.com\/es\/wp-json\/wp\/v2\/media?parent=4652"}],"curies":[{"name":"wp","href":"https:\/\/api.w.org\/{rel}","templated":true}]}}